{"id":10032,"date":"2017-05-18T07:20:20","date_gmt":"2017-05-18T07:20:20","guid":{"rendered":"https:\/\/www.alltpaettkort.com\/produkt\/the-army-painter-hobby-starter-paint-set\/"},"modified":"2022-01-12T18:55:47","modified_gmt":"2022-01-12T18:55:47","slug":"the-army-painter-hobby-starter-paint-set","status":"publish","type":"product","link":"https:\/\/www.alltpaettkort.com\/en\/product\/the-army-painter-hobby-starter-paint-set\/","title":{"rendered":"The Army Painter &#8211; Hobby Starter Paint Set"},"content":{"rendered":"<p>All the base colours you need for painting miniatures. In this set you will find 10 of the most needed colours &#8211; including one FREE Quickshade Wash that makes your miniatures come to life with a natural shading. The set even provides you with a brush to get you started!<\/p>\n<p>Includes:<br \/>\n\u00b7 10 Warpaints \u2013 including one FREE Quickshade Wash<\/p>\n<p>\u00b7 1 Hobby Highlighting Brush<\/p>\n<p>\u00b7 1 The Army Painter Painting Guide<\/p>","protected":false},"excerpt":{"rendered":"<p>Ett riktigt bra starter set om du vill b\u00f6rja med figurm\u00e5lning! Inneh\u00e5ller pensel och 10 st f\u00e4rger av b\u00e4sta kvalit\u00e9   1 gratis Quick Shade!<\/p>","protected":false},"featured_media":10033,"template":"","meta":[],"product_brand":[],"product_cat":[103],"product_tag":[221],"class_list":{"0":"post-10032","1":"product","2":"type-product","3":"status-publish","4":"has-post-thumbnail","6":"product_cat-tillbehor","7":"product_tag-figurmaleri","9":"first","10":"outofstock","11":"taxable","12":"shipping-taxable","13":"purchasable","14":"product-type-simple"},"_links":{"self":[{"href":"https:\/\/www.alltpaettkort.com\/en\/wp-json\/wp\/v2\/product\/10032","targetHints":{"allow":["GET"]}}],"collection":[{"href":"https:\/\/www.alltpaettkort.com\/en\/wp-json\/wp\/v2\/product"}],"about":[{"href":"https:\/\/www.alltpaettkort.com\/en\/wp-json\/wp\/v2\/types\/product"}],"wp:featuredmedia":[{"embeddable":true,"href":"https:\/\/www.alltpaettkort.com\/en\/wp-json\/wp\/v2\/media\/10033"}],"wp:attachment":[{"href":"https:\/\/www.alltpaettkort.com\/en\/wp-json\/wp\/v2\/media?parent=10032"}],"wp:term":[{"taxonomy":"product_brand","embeddable":true,"href":"https:\/\/www.alltpaettkort.com\/en\/wp-json\/wp\/v2\/product_brand?post=10032"},{"taxonomy":"product_cat","embeddable":true,"href":"https:\/\/www.alltpaettkort.com\/en\/wp-json\/wp\/v2\/product_cat?post=10032"},{"taxonomy":"product_tag","embeddable":true,"href":"https:\/\/www.alltpaettkort.com\/en\/wp-json\/wp\/v2\/product_tag?post=10032"}],"curies":[{"name":"wp","href":"https:\/\/api.w.org\/{rel}","templated":true}]}}