{"id":10729,"date":"2019-05-05T18:39:59","date_gmt":"2019-05-05T18:39:59","guid":{"rendered":"https:\/\/www.alltpaettkort.com\/produkt\/horse-fever\/"},"modified":"2022-01-12T18:55:57","modified_gmt":"2022-01-12T18:55:57","slug":"horse-fever","status":"publish","type":"product","link":"https:\/\/www.alltpaettkort.com\/en\/product\/horse-fever\/","title":{"rendered":"Horse Fever"},"content":{"rendered":"<p><em><strong>Horse Fever<\/strong><\/em>\u00a0transports players to a setting based on the noir novels of the 1930s, where each player is called on to impersonate rich bettors that will use any means necessary to cause the bets they place to pay off. They will fix races, bribe bookmakers, make horses fall asleep, buy stables and borrow money from the Mob in order to gain victory for their bets.<\/p>\n<p><em>Horse Fever<\/em>\u00a0has three different game modes: Board Game, Family Game and Party Game. These three different modes enable each kind of player to have a good time. The Board Game will enable expert players to discover a game based on an endless number of strategies; the Family Game will enable little players and families to get to know the basic game dynamics while playing a simpler but yet just as fun game; the Party Game will transform\u00a0<em>Horse Fever<\/em>\u00a0into a platform for a potentially endless number of players and turn any boring party into the most entertaining event of the century.<\/p>\n<p><strong>F\u00f6r 2-6 spelare<\/strong><br \/>\n<strong>90 min speltid<\/strong><br \/>\n<strong>Rekommenderad \u00e5lder: 10 <\/strong><br \/>\n<strong><a href=\"http:\/\/www.craniocreations.com\/public\/download\/inglese.pdf\" target=\"_blank\" rel=\"noopener\">Spelets regler<\/a><\/strong><br \/>\n<strong><a href=\"http:\/\/boardgamegeek.com\/boardgame\/58110\/horse-fever\" target=\"_blank\" rel=\"noopener\">L\u00e4s mer p\u00e5 Boardgamegeek<\/a><\/strong><\/p>\n<p>Se Dice Towers finfina recension av spelet h\u00e4r nedan!<br \/>\n<iframe src=\"\/\/www.youtube.com\/embed\/0_KXzNL9nVk\" height=\"315\" width=\"560\" allowfullscreen=\"\" frameborder=\"0\"><\/iframe><\/p>","protected":false},"excerpt":{"rendered":"<p>L\u00e5t dig icke luras att det h\u00e4r blott \u00e4r ett spel om h\u00e4stkappl\u00f6pning. I Horse Fever \u00e4r ni m\u00e4ktiga och djupt korrupta storspelare som riggar lopp, mutar bookmakers, s\u00f6ver h\u00e4star och anlitar maffian f\u00f6r st\u00f6rsta m\u00f6jliga vinst! Ett riktigt m\u00e5ste med andra ord.<\/p>","protected":false},"featured_media":10730,"template":"","meta":[],"product_brand":[],"product_cat":[38,30,17],"product_tag":[],"class_list":{"0":"post-10729","1":"product","2":"type-product","3":"status-publish","4":"has-post-thumbnail","6":"product_cat-partyspel","7":"product_cat-sallskapsspel","8":"product_cat-strategispel","10":"first","11":"outofstock","12":"taxable","13":"shipping-taxable","14":"purchasable","15":"product-type-simple"},"_links":{"self":[{"href":"https:\/\/www.alltpaettkort.com\/en\/wp-json\/wp\/v2\/product\/10729","targetHints":{"allow":["GET"]}}],"collection":[{"href":"https:\/\/www.alltpaettkort.com\/en\/wp-json\/wp\/v2\/product"}],"about":[{"href":"https:\/\/www.alltpaettkort.com\/en\/wp-json\/wp\/v2\/types\/product"}],"wp:featuredmedia":[{"embeddable":true,"href":"https:\/\/www.alltpaettkort.com\/en\/wp-json\/wp\/v2\/media\/10730"}],"wp:attachment":[{"href":"https:\/\/www.alltpaettkort.com\/en\/wp-json\/wp\/v2\/media?parent=10729"}],"wp:term":[{"taxonomy":"product_brand","embeddable":true,"href":"https:\/\/www.alltpaettkort.com\/en\/wp-json\/wp\/v2\/product_brand?post=10729"},{"taxonomy":"product_cat","embeddable":true,"href":"https:\/\/www.alltpaettkort.com\/en\/wp-json\/wp\/v2\/product_cat?post=10729"},{"taxonomy":"product_tag","embeddable":true,"href":"https:\/\/www.alltpaettkort.com\/en\/wp-json\/wp\/v2\/product_tag?post=10729"}],"curies":[{"name":"wp","href":"https:\/\/api.w.org\/{rel}","templated":true}]}}