{"id":11810,"date":"2013-03-17T16:30:02","date_gmt":"2013-03-17T16:30:02","guid":{"rendered":"https:\/\/www.alltpaettkort.com\/produkt\/ultra-standard-pro-matte-sleeves-50-blue\/"},"modified":"2022-11-26T12:11:17","modified_gmt":"2022-11-26T12:11:17","slug":"ultra-standard-pro-matte-sleeves-50-blue","status":"publish","type":"product","link":"https:\/\/www.alltpaettkort.com\/en\/product\/ultra-standard-pro-matte-sleeves-50-blue\/","title":{"rendered":"Ultra Standard Pro-Matte Sleeves 50 Blue"},"content":{"rendered":"<p>Solid color Deck Protectors with Ultra PRO&#8217;s hologram quality seal. Clear side uses non-glare matte material for softer feel and smoother shuffle. Stores and protects standard sized cards. 50-count pack. All Ultra PRO Deck Protectors are archival-safe and acid-free.<\/p>","protected":false},"excerpt":{"rendered":"<p>50 st bl\u00e5 plastfickor f\u00f6r kort av standardstorlek (66mm x 91mm) med pro-matte f\u00f6r undvika reflektioner.<\/p>","protected":false},"featured_media":11811,"template":"","meta":[],"product_brand":[],"product_cat":[103],"product_tag":[170,268,173],"class_list":{"0":"post-11810","1":"product","2":"type-product","3":"status-publish","4":"has-post-thumbnail","6":"product_cat-tillbehor","7":"product_tag-plastfickor","8":"product_tag-pro-matte","9":"product_tag-ultra-pro","11":"first","12":"instock","13":"taxable","14":"shipping-taxable","15":"purchasable","16":"product-type-simple"},"_links":{"self":[{"href":"https:\/\/www.alltpaettkort.com\/en\/wp-json\/wp\/v2\/product\/11810","targetHints":{"allow":["GET"]}}],"collection":[{"href":"https:\/\/www.alltpaettkort.com\/en\/wp-json\/wp\/v2\/product"}],"about":[{"href":"https:\/\/www.alltpaettkort.com\/en\/wp-json\/wp\/v2\/types\/product"}],"wp:featuredmedia":[{"embeddable":true,"href":"https:\/\/www.alltpaettkort.com\/en\/wp-json\/wp\/v2\/media\/11811"}],"wp:attachment":[{"href":"https:\/\/www.alltpaettkort.com\/en\/wp-json\/wp\/v2\/media?parent=11810"}],"wp:term":[{"taxonomy":"product_brand","embeddable":true,"href":"https:\/\/www.alltpaettkort.com\/en\/wp-json\/wp\/v2\/product_brand?post=11810"},{"taxonomy":"product_cat","embeddable":true,"href":"https:\/\/www.alltpaettkort.com\/en\/wp-json\/wp\/v2\/product_cat?post=11810"},{"taxonomy":"product_tag","embeddable":true,"href":"https:\/\/www.alltpaettkort.com\/en\/wp-json\/wp\/v2\/product_tag?post=11810"}],"curies":[{"name":"wp","href":"https:\/\/api.w.org\/{rel}","templated":true}]}}