{"id":1363,"date":"2019-01-28T16:57:33","date_gmt":"2019-01-28T16:57:33","guid":{"rendered":"https:\/\/www.alltpaettkort.com\/produkt\/fury-of-dracula\/"},"modified":"2022-01-12T18:52:06","modified_gmt":"2022-01-12T18:52:06","slug":"fury-of-dracula","status":"publish","type":"product","link":"https:\/\/www.alltpaettkort.com\/en\/product\/fury-of-dracula\/","title":{"rendered":"Fury of Dracula (4th edition)"},"content":{"rendered":"<p>The third edition of <em><strong>Fury of Dracula<\/strong><\/em> features all-new art and graphic design crafted to complement the game&#8217;s intuitive, thematic mechanisms. Rounds are now broken into day and night, with hunters taking actions during both, while Dracula can act only at night. Combat is now more streamlined and decisive, and new rumor tokens allow Dracula to mislead hunters and extend the terrible reach of his influence. Count Dracula triumphs if he advances his influence track to thirteen; if the hunters can defeat him before then, they save the continent of Europe and win the game.<\/p>\n<p>The fourth edition of <em>Fury of Dracula<\/em> contains pre-painted miniatures instead of unpainted figures.<\/p>\n<p><strong>F\u00f6r 2-5 spelare<br \/>\n<\/strong><strong>120-180 min speltid<br \/>\n<\/strong><strong>Rekommenderad \u00e5lder: 14 <\/strong><strong><a href=\"https:\/\/boardgamegeek.com\/boardgame\/181279\/fury-dracula-thirdfourth-edition\" target=\"_blank\" rel=\"noopener noreferrer\"><br \/>\nL\u00e4s mer p\u00e5 Boardgamegeek<\/a><\/strong><\/p>","protected":false},"excerpt":{"rendered":"<p>Dracula \u00e4r tillbaka i en ny fj\u00e4rde utg\u00e5va, nu med m\u00e5lade miniatyrer! Fury of Dracula briljanta kattochr\u00e5tta-spel d\u00e4r en spelare \u00e4r en ytterst l\u00f6msk Dracula, och de andra outtr\u00f6ttliga vampyrj\u00e4gare med enda uppgift att s\u00e4tta P f\u00f6r blodsugandet!<\/p>","protected":false},"featured_media":1364,"template":"","meta":[],"product_brand":[],"product_cat":[16,34],"product_tag":[26,36],"class_list":{"0":"post-1363","1":"product","2":"type-product","3":"status-publish","4":"has-post-thumbnail","6":"product_cat-ameritrash","7":"product_cat-aventyrsspel","8":"product_tag-horror","9":"product_tag-wizkids","11":"first","12":"outofstock","13":"taxable","14":"shipping-taxable","15":"purchasable","16":"product-type-simple"},"_links":{"self":[{"href":"https:\/\/www.alltpaettkort.com\/en\/wp-json\/wp\/v2\/product\/1363","targetHints":{"allow":["GET"]}}],"collection":[{"href":"https:\/\/www.alltpaettkort.com\/en\/wp-json\/wp\/v2\/product"}],"about":[{"href":"https:\/\/www.alltpaettkort.com\/en\/wp-json\/wp\/v2\/types\/product"}],"wp:featuredmedia":[{"embeddable":true,"href":"https:\/\/www.alltpaettkort.com\/en\/wp-json\/wp\/v2\/media\/1364"}],"wp:attachment":[{"href":"https:\/\/www.alltpaettkort.com\/en\/wp-json\/wp\/v2\/media?parent=1363"}],"wp:term":[{"taxonomy":"product_brand","embeddable":true,"href":"https:\/\/www.alltpaettkort.com\/en\/wp-json\/wp\/v2\/product_brand?post=1363"},{"taxonomy":"product_cat","embeddable":true,"href":"https:\/\/www.alltpaettkort.com\/en\/wp-json\/wp\/v2\/product_cat?post=1363"},{"taxonomy":"product_tag","embeddable":true,"href":"https:\/\/www.alltpaettkort.com\/en\/wp-json\/wp\/v2\/product_tag?post=1363"}],"curies":[{"name":"wp","href":"https:\/\/api.w.org\/{rel}","templated":true}]}}