{"id":1466,"date":"2022-04-01T12:30:43","date_gmt":"2022-04-01T12:30:43","guid":{"rendered":"https:\/\/www.alltpaettkort.com\/produkt\/galaxy-trucker\/"},"modified":"2023-05-19T16:39:00","modified_gmt":"2023-05-19T16:39:00","slug":"galaxy-trucker","status":"publish","type":"product","link":"https:\/\/www.alltpaettkort.com\/en\/product\/galaxy-trucker\/","title":{"rendered":"Galaxy Trucker &#8211; New Edition"},"content":{"rendered":"<p>In the fast and goofy family game <em><strong>Galaxy Trucker<\/strong><\/em>, players begin by simultaneously rummaging through the common warehouse, frantically trying to grab the most useful component tiles to build their spaceship \u2014 all in real-time.<\/p>\n<p>Once the ships are launched, players encounter dangerous situations while vying for financial opportunities, each hoping to gain the most valuable cargo and finish with as much of their ship still intact as possible. Of course, that&#8217;s easier said than done since many hazards will send pieces of your ship, your cargo, and your crew hurling into the depths of space.<\/p>\n<p>The goal is to survive the trek \u2014 hopefully with at least some of your crew and ship intact \u2014 and have at least one credit by the end of the game. (Profit, yay!) Players earn credits by delivering goods, defeating pirates, having the best-looking ship, and reaching their destination before the others.<\/p>\n<p>This version of <em>Galaxy Trucker<\/em> is a relaunch of the original 2007 release by Vlaada Chv\u00e1til that features new art, more ship tiles, tweaked card effects, and streamlined gameplay that consists of only a single flight through space. That said, should you want a longer, more challenging experience, you can play a three-flight game known as the &#8221;Transgalactic Trek&#8221;.<\/p>\n<p><strong>F\u00f6r 2-4 spelare<\/strong><br \/>\n<strong>20-30 min speltid<\/strong><br \/>\n<strong>Rekommenderad \u00e5lder: 8 <\/strong><br \/>\n<strong><a href=\"https:\/\/boardgamegeek.com\/boardgame\/336794\/galaxy-trucker\" target=\"_blank\" rel=\"noopener\">L\u00e4s mer p\u00e5 Boardgamegeek<\/a><\/strong><\/p>","protected":false},"excerpt":{"rendered":"<p>Ny uppiffad utg\u00e5va av detta makal\u00f6st roliga spel! Bygg ihop din helt egna mer eller mindre tvivelaktiga rymdskorv och f\u00f6rs\u00f6k ta dig s\u00e5 l\u00e5ngt som m\u00f6jligt i rymden.<\/p>","protected":false},"featured_media":45109,"template":"","meta":[],"product_brand":[],"product_cat":[16],"product_tag":[136],"class_list":{"0":"post-1466","1":"product","2":"type-product","3":"status-publish","4":"has-post-thumbnail","6":"product_cat-ameritrash","7":"product_tag-czech-games-edition","9":"first","10":"outofstock","11":"taxable","12":"shipping-taxable","13":"purchasable","14":"product-type-simple"},"_links":{"self":[{"href":"https:\/\/www.alltpaettkort.com\/en\/wp-json\/wp\/v2\/product\/1466","targetHints":{"allow":["GET"]}}],"collection":[{"href":"https:\/\/www.alltpaettkort.com\/en\/wp-json\/wp\/v2\/product"}],"about":[{"href":"https:\/\/www.alltpaettkort.com\/en\/wp-json\/wp\/v2\/types\/product"}],"wp:featuredmedia":[{"embeddable":true,"href":"https:\/\/www.alltpaettkort.com\/en\/wp-json\/wp\/v2\/media\/45109"}],"wp:attachment":[{"href":"https:\/\/www.alltpaettkort.com\/en\/wp-json\/wp\/v2\/media?parent=1466"}],"wp:term":[{"taxonomy":"product_brand","embeddable":true,"href":"https:\/\/www.alltpaettkort.com\/en\/wp-json\/wp\/v2\/product_brand?post=1466"},{"taxonomy":"product_cat","embeddable":true,"href":"https:\/\/www.alltpaettkort.com\/en\/wp-json\/wp\/v2\/product_cat?post=1466"},{"taxonomy":"product_tag","embeddable":true,"href":"https:\/\/www.alltpaettkort.com\/en\/wp-json\/wp\/v2\/product_tag?post=1466"}],"curies":[{"name":"wp","href":"https:\/\/api.w.org\/{rel}","templated":true}]}}