{"id":1488,"date":"2020-10-27T19:54:16","date_gmt":"2020-10-27T19:54:16","guid":{"rendered":"https:\/\/www.alltpaettkort.com\/produkt\/bang\/"},"modified":"2025-09-09T20:58:35","modified_gmt":"2025-09-09T20:58:35","slug":"bang","status":"publish","type":"product","link":"https:\/\/www.alltpaettkort.com\/en\/product\/bang\/","title":{"rendered":"Bang!"},"content":{"rendered":"<p><em>&#8221;The Outlaws hunt the Sheriff. The Sheriff hunts the Outlaws. The Renegade plots secretly, ready to take one side or the other. Bullets fly. Who among the gunmen is a Deputy, ready to sacrifice himself for the Sheriff? And who is a merciless Outlaw, willing to kill him? If you want to find out, just draw (your cards)!&#8221;<\/em>\u00a0(From back of box)<\/p>\n<p>This card game recreates an old-fashioned spaghetti western shoot-out, with each player randomly receiving a Character card to determine special abilities, and a secret Role card to determine their goal.<\/p>\n<p>Four different Roles are available, each with a unique victory condition:<\/p>\n<ul>\n<li>Sheriff &#8211; Kill all Outlaws and the Renegade<\/li>\n<li>Deputy &#8211; Protect the Sheriff and kill any Outlaws<\/li>\n<li>Outlaw &#8211; Kill the Sheriff<\/li>\n<li>Renegade &#8211; Be the last person standing<\/li>\n<\/ul>\n<p>A player&#8217;s Role is kept secret, except for the Sheriff. Character cards are placed face-up on table, and also track strength (hand limit) in addition to special ability.<\/p>\n<p>There are 22 different types of cards in the draw deck. Most common are the BANG! cards, which let you shoot at another player, assuming the target is within &#8221;range&#8221; of your current gun. The target player can play a &#8221;MISSED!&#8221; card to dodge the shot. Other cards can provide temporary boosts while in play (for example, different guns to improve your firing range) and special one-time effects to help you or hinder your opponents (such as Beer to restore health, or Barrels to hide behind during a shootout). A horse is useful for keeping your distance from unruly neighbors, while the Winchester can hit a target at range 5. The Gatling is a deadly exception where range doesn&#8217;t matter &#8211; it can only be used once, but targets all other players at the table!<\/p>\n<p>Information on the cards is displayed using language-independent symbols, and 7 summary\/reference cards are included.<\/p>\n<p><strong>F\u00f6r 4-7 spelare<\/strong><br \/>\n<strong>30 min speltid<\/strong><br \/>\n<strong>Rekommenderad \u00e5lder: 8 <\/strong><br \/>\n<strong><a href=\"http:\/\/boardgamegeek.com\/boardgame\/3955\/bang\" target=\"_blank\" rel=\"noopener\">L\u00e4s mer p\u00e5 Boardgamegeek<\/a><\/strong><\/p>","protected":false},"excerpt":{"rendered":"<p>Ett riktigt h\u00e4rligt western-osande partyspel d\u00e4r alla f\u00e5r chansen att skjuta skarpt! <strong>Utg\u00e5va med svenska regler<\/strong><\/p>","protected":false},"featured_media":46156,"template":"","meta":[],"product_brand":[],"product_cat":[63,38],"product_tag":[97],"class_list":{"0":"post-1488","1":"product","2":"type-product","3":"status-publish","4":"has-post-thumbnail","6":"product_cat-kortspel","7":"product_cat-partyspel","8":"product_tag-lautapelit","10":"first","11":"outofstock","12":"taxable","13":"shipping-taxable","14":"purchasable","15":"product-type-simple"},"_links":{"self":[{"href":"https:\/\/www.alltpaettkort.com\/en\/wp-json\/wp\/v2\/product\/1488","targetHints":{"allow":["GET"]}}],"collection":[{"href":"https:\/\/www.alltpaettkort.com\/en\/wp-json\/wp\/v2\/product"}],"about":[{"href":"https:\/\/www.alltpaettkort.com\/en\/wp-json\/wp\/v2\/types\/product"}],"wp:featuredmedia":[{"embeddable":true,"href":"https:\/\/www.alltpaettkort.com\/en\/wp-json\/wp\/v2\/media\/46156"}],"wp:attachment":[{"href":"https:\/\/www.alltpaettkort.com\/en\/wp-json\/wp\/v2\/media?parent=1488"}],"wp:term":[{"taxonomy":"product_brand","embeddable":true,"href":"https:\/\/www.alltpaettkort.com\/en\/wp-json\/wp\/v2\/product_brand?post=1488"},{"taxonomy":"product_cat","embeddable":true,"href":"https:\/\/www.alltpaettkort.com\/en\/wp-json\/wp\/v2\/product_cat?post=1488"},{"taxonomy":"product_tag","embeddable":true,"href":"https:\/\/www.alltpaettkort.com\/en\/wp-json\/wp\/v2\/product_tag?post=1488"}],"curies":[{"name":"wp","href":"https:\/\/api.w.org\/{rel}","templated":true}]}}