{"id":15598,"date":"2019-01-12T07:55:07","date_gmt":"2019-01-12T07:55:07","guid":{"rendered":"https:\/\/www.alltpaettkort.com\/produkt\/skull\/"},"modified":"2022-01-12T18:57:05","modified_gmt":"2022-01-12T18:57:05","slug":"skull","status":"publish","type":"product","link":"https:\/\/www.alltpaettkort.com\/en\/product\/skull\/","title":{"rendered":"Skull"},"content":{"rendered":"<p>An ancient game of ornate skulls and dangerous roses, Skull is simple to learn but dangerously difficult to win. You must bluff, lie and pierce through the deceptions to expose the roses. Be wary, though \u2013 if you happen across a skull, the consequences are dire!<\/p>\n<p>Players will hold three rose cards and one skull. Add a card to the pile in front of you, and when you feel lucky, announce your challenge and declare how many cards you will flip. Cards that show a rose are safe, but if you expose your opponent&#8217;s hidden skull, you lose one of your own cards. Keep your cards to the bitter end to win this clever game of deception and perception!<\/p>\n<p><strong>F\u00f6r 3-6 spelare<\/strong><br \/>\n<strong> 45 min speltid<\/strong><br \/>\n<strong> Rekommenderad \u00e5lder: 10 <\/strong><br \/>\n<strong> <a href=\"http:\/\/www.skull-and-roses.com\/pdf\/Skull_EnP.pdf\">Spelets regler<\/a><\/strong><br \/>\n<strong> <a href=\"http:\/\/boardgamegeek.com\/boardgame\/92415\/skull-roses\" target=\"_blank\" rel=\"noopener noreferrer\">L\u00e4s mer p\u00e5 Boardgamegeek<\/a><\/strong><\/p>","protected":false},"excerpt":{"rendered":"<p>Ett underbart roligt, enkelt och makal\u00f6st fint bluffspel att f\u00f6rgylla i stort s\u00e4tt vilket s\u00e4llskap som helst med! Rekommenderas!<\/p>","protected":false},"featured_media":15599,"template":"","meta":[],"product_brand":[],"product_cat":[38,30],"product_tag":[70],"class_list":{"0":"post-15598","1":"product","2":"type-product","3":"status-publish","4":"has-post-thumbnail","6":"product_cat-partyspel","7":"product_cat-sallskapsspel","8":"product_tag-asmodee","10":"first","11":"outofstock","12":"taxable","13":"shipping-taxable","14":"purchasable","15":"product-type-simple"},"_links":{"self":[{"href":"https:\/\/www.alltpaettkort.com\/en\/wp-json\/wp\/v2\/product\/15598","targetHints":{"allow":["GET"]}}],"collection":[{"href":"https:\/\/www.alltpaettkort.com\/en\/wp-json\/wp\/v2\/product"}],"about":[{"href":"https:\/\/www.alltpaettkort.com\/en\/wp-json\/wp\/v2\/types\/product"}],"wp:featuredmedia":[{"embeddable":true,"href":"https:\/\/www.alltpaettkort.com\/en\/wp-json\/wp\/v2\/media\/15599"}],"wp:attachment":[{"href":"https:\/\/www.alltpaettkort.com\/en\/wp-json\/wp\/v2\/media?parent=15598"}],"wp:term":[{"taxonomy":"product_brand","embeddable":true,"href":"https:\/\/www.alltpaettkort.com\/en\/wp-json\/wp\/v2\/product_brand?post=15598"},{"taxonomy":"product_cat","embeddable":true,"href":"https:\/\/www.alltpaettkort.com\/en\/wp-json\/wp\/v2\/product_cat?post=15598"},{"taxonomy":"product_tag","embeddable":true,"href":"https:\/\/www.alltpaettkort.com\/en\/wp-json\/wp\/v2\/product_tag?post=15598"}],"curies":[{"name":"wp","href":"https:\/\/api.w.org\/{rel}","templated":true}]}}