{"id":15815,"date":"2017-11-06T09:59:07","date_gmt":"2017-11-06T09:59:07","guid":{"rendered":"https:\/\/www.alltpaettkort.com\/produkt\/talisman-woodland-expansion\/"},"modified":"2023-11-08T10:00:14","modified_gmt":"2023-11-08T10:00:14","slug":"talisman-woodland-expansion","status":"publish","type":"product","link":"https:\/\/www.alltpaettkort.com\/en\/product\/talisman-woodland-expansion\/","title":{"rendered":"Talisman: The Woodland Expansion"},"content":{"rendered":"<p style=\"color: #000000;\">The unearthly Woodland is the home of the fae, and beneath its watchful boughs, you&#8217;ll uncover treasures and threats beyond your wildest dreams. You&#8217;ll find new Alternative Endings as five new characters join the quest for the Crown of Command, but will your path through the Woodland lead you to your destiny, or does your fate hold something far different in store?<\/p>\n<p style=\"color: #000000;\">Journey to the realm of the fae in\u00a0<em><strong style=\"font-style: inherit;\">The Woodland<\/strong><\/em>, an expansion for\u00a0<em>Talisman Revised 4th Edition<\/em>! In this new expansion, you can walk your own path through the Woodland corner board, encountering strange new creatures, events, and dangers. At the end of your path, a meeting with destiny awaits, transforming your character\u2019s future and developing your story further.<\/p>\n<p style=\"color: #000000;\">Even more waits beneath the boughs of the Woodland, however. Redesigned rules for fate tokens allow you to either help yourself or interfere with others, and your fate will shape many of your interactions within the groves and glades of the Woodland. Prepare yourself for a world different than anything yet seen in\u00a0<em>Talisman<\/em>and enter the Woodland!<\/p>\n<p><strong><a href=\"http:\/\/boardgamegeek.com\/boardgameexpansion\/158979\/talisman-fourth-edition-woodland-expansion\" target=\"_blank\" rel=\"noopener\">L\u00e4s mer p\u00e5 Boardgamegeek<\/a><\/strong><\/p>","protected":false},"excerpt":{"rendered":"<p>Det sista h\u00f6rnet till Talisman! Bege er in i det nyckfulla skogsriket p\u00e5 nya \u00e4ventyr!\u00a0<em>Det h\u00e4r \u00e4r den senaste utg\u00e5van fr\u00e5n Games Workshop som \u00e4r fullt kompatibel med den tidigare utg\u00e5van fr\u00e5n Fantasy Flight Games.<\/em><\/p>","protected":false},"featured_media":15816,"template":"","meta":[],"product_brand":[],"product_cat":[43],"product_tag":[46,47],"class_list":{"0":"post-15815","1":"product","2":"type-product","3":"status-publish","4":"has-post-thumbnail","6":"product_cat-expansion","7":"product_tag-games-workshop","8":"product_tag-talisman","10":"first","11":"outofstock","12":"taxable","13":"shipping-taxable","14":"purchasable","15":"product-type-simple"},"_links":{"self":[{"href":"https:\/\/www.alltpaettkort.com\/en\/wp-json\/wp\/v2\/product\/15815","targetHints":{"allow":["GET"]}}],"collection":[{"href":"https:\/\/www.alltpaettkort.com\/en\/wp-json\/wp\/v2\/product"}],"about":[{"href":"https:\/\/www.alltpaettkort.com\/en\/wp-json\/wp\/v2\/types\/product"}],"wp:featuredmedia":[{"embeddable":true,"href":"https:\/\/www.alltpaettkort.com\/en\/wp-json\/wp\/v2\/media\/15816"}],"wp:attachment":[{"href":"https:\/\/www.alltpaettkort.com\/en\/wp-json\/wp\/v2\/media?parent=15815"}],"wp:term":[{"taxonomy":"product_brand","embeddable":true,"href":"https:\/\/www.alltpaettkort.com\/en\/wp-json\/wp\/v2\/product_brand?post=15815"},{"taxonomy":"product_cat","embeddable":true,"href":"https:\/\/www.alltpaettkort.com\/en\/wp-json\/wp\/v2\/product_cat?post=15815"},{"taxonomy":"product_tag","embeddable":true,"href":"https:\/\/www.alltpaettkort.com\/en\/wp-json\/wp\/v2\/product_tag?post=15815"}],"curies":[{"name":"wp","href":"https:\/\/api.w.org\/{rel}","templated":true}]}}