{"id":15835,"date":"2014-08-27T20:28:48","date_gmt":"2014-08-27T20:28:48","guid":{"rendered":"https:\/\/www.alltpaettkort.com\/produkt\/shinobi-wat-aah\/"},"modified":"2022-01-12T18:57:15","modified_gmt":"2022-01-12T18:57:15","slug":"shinobi-wat-aah","status":"publish","type":"product","link":"https:\/\/www.alltpaettkort.com\/en\/product\/shinobi-wat-aah\/","title":{"rendered":"Shinobi Wat-aah! (\u00f6ppnat ex)"},"content":{"rendered":"<p>The Empire of the Moon faces many threats. The Rift has reopened, providing passage for the creatures that have lurked in Shadow for millennia. But the danger also comes from within as the Emperor, son of the Moon, is getting old, and his formerly loyal lords are now trying to seize power. These aspiring clan lords will make their appeal to the warriors known as ninjas, adepts of the way of Shinobi. The clans are prepared for war!<\/p>\n<p>As a lord with a thirst for power, in Shinobi WAT-AAH! you intend to place your honorable posterior on the imperial throne. Your plan is to appeal to the large clans of ninjas, who will empower you to impose your military strength upon your enemies. To put it simply, your goal is to put a big WAT-AAH! in your enemies\u2019 faces!<\/p>\n<p>Shinobi WAT-AAH! includes two game modes:<br \/>\n\u2022 the Grasshopper Mode lets you get started right away in the art of Shinobi with short games.<br \/>\n\u2022 the Grand Master Mode will train you over the course of three rounds, leading up to a most surprising ultimate confrontation!<\/p>\n<p><a href=\"http:\/\/boardgamegeek.com\/boardgame\/152847\/shinobi-wat-aah\" target=\"_blank\" rel=\"noopener\"><strong>L\u00e4s mer p\u00e5 Boardgamegeek<\/strong><\/a><\/p>","protected":false},"excerpt":{"rendered":"<p>Superl\u00e4ckert kortspel om att manipulera klaner och inta den kejserliga tronen! OBS. \u00d6ppnat exemplar, men i \u00f6vrigt komplett och i gott skick<\/p>","protected":false},"featured_media":15836,"template":"","meta":[],"product_brand":[],"product_cat":[63,112,30],"product_tag":[40],"class_list":{"0":"post-15835","1":"product","2":"type-product","3":"status-publish","4":"has-post-thumbnail","6":"product_cat-kortspel","7":"product_cat-rea","8":"product_cat-sallskapsspel","9":"product_tag-iello","11":"first","12":"instock","13":"sale","14":"taxable","15":"shipping-taxable","16":"purchasable","17":"product-type-simple"},"_links":{"self":[{"href":"https:\/\/www.alltpaettkort.com\/en\/wp-json\/wp\/v2\/product\/15835","targetHints":{"allow":["GET"]}}],"collection":[{"href":"https:\/\/www.alltpaettkort.com\/en\/wp-json\/wp\/v2\/product"}],"about":[{"href":"https:\/\/www.alltpaettkort.com\/en\/wp-json\/wp\/v2\/types\/product"}],"wp:featuredmedia":[{"embeddable":true,"href":"https:\/\/www.alltpaettkort.com\/en\/wp-json\/wp\/v2\/media\/15836"}],"wp:attachment":[{"href":"https:\/\/www.alltpaettkort.com\/en\/wp-json\/wp\/v2\/media?parent=15835"}],"wp:term":[{"taxonomy":"product_brand","embeddable":true,"href":"https:\/\/www.alltpaettkort.com\/en\/wp-json\/wp\/v2\/product_brand?post=15835"},{"taxonomy":"product_cat","embeddable":true,"href":"https:\/\/www.alltpaettkort.com\/en\/wp-json\/wp\/v2\/product_cat?post=15835"},{"taxonomy":"product_tag","embeddable":true,"href":"https:\/\/www.alltpaettkort.com\/en\/wp-json\/wp\/v2\/product_tag?post=15835"}],"curies":[{"name":"wp","href":"https:\/\/api.w.org\/{rel}","templated":true}]}}