{"id":177,"date":"2017-11-06T11:30:38","date_gmt":"2017-11-06T11:30:38","guid":{"rendered":"https:\/\/www.alltpaettkort.com\/produkt\/war-of-the-ring\/"},"modified":"2022-01-12T18:51:10","modified_gmt":"2022-01-12T18:51:10","slug":"war-of-the-ring","status":"publish","type":"product","link":"https:\/\/www.alltpaettkort.com\/en\/product\/war-of-the-ring\/","title":{"rendered":"War of the Ring"},"content":{"rendered":"<p>War of the Ring is the greatest board game based on THE LORD OF THE RINGS&#x2122; ever created! WAR OF THE RING is a grand strategy board game that allows its players to immerse themselves in the world created by J.R.R. Tolkien\u2019s and experience its epic action, dramatic conflict, and memorable characters.<\/p>\n<p>As the Free Peoples player you command the proud hosts of the most important kingdoms of the Third Age. From the horse-lords of Rohan to the soldiers of Gondor and the Elven lords of Rivendell, you lead the defense of the last free realms of Middle-earth. Face the evil minions of Sauron on the field of battle in a desperate attempt to delay their onslaught, while you lead the Fellowship of the Ring in the Quest for Mount Doom.<\/p>\n<p>As the Shadow player you lead the hordes of the Dark Lord and his most powerful minions as they try to bring darkness to Middle-earth. Legions of Orcs, Trolls, Wolfriders and the dreadful Ringwraiths await your command. Hunt the Ring-bearer and bring the precious Ring to his Master, or crush your enemies with your unstoppable armies.<\/p>\n<p>This is your chance to forge the destiny of an age&#8230;<\/p>\n<p><strong>F\u00f6r 2-4 spelare<\/strong><br \/>\n<strong>180 min speltid<\/strong><br \/>\n<strong>Rekommenderad \u00e5lder: 12 <\/strong><br \/>\n<strong><a href=\"http:\/\/www.aresgames.eu\/get\/WOTR001-Rulebook_EN_web.pdf\" target=\"_blank\" rel=\"noopener\">Spelets regler<\/a><\/strong><br \/>\n<strong><a href=\"http:\/\/boardgamegeek.com\/boardgame\/9609\/war-of-the-ring\" target=\"_blank\" rel=\"noopener\">L\u00e4s mer p\u00e5 Boardgamegeek<\/a><\/strong><\/p>","protected":false},"excerpt":{"rendered":"<p>F\u00e5 spel \u00e4r lika \u00e4lskat som det minst sagt episka War of the Ring! Det fria folket med Gandalf och g\u00e4nget i spetsen st\u00e4lls mot Saurons infernaliska styrkor i en m\u00e5ngbottnad milit\u00e4r konflikt som utspelar sig \u00f6ver hela Middle Earth. Mycket st\u00e4mningsfullt med ljuvligt Lord of the Rings-frosseri! Det h\u00e4r \u00e4r den senaste utg\u00e5van! <strong>OBS. Spelet har anv\u00e4nds som demoex men \u00e4r komplett och i gott skick<\/strong><\/p>","protected":false},"featured_media":178,"template":"","meta":[],"product_brand":[],"product_cat":[16,22,17],"product_tag":[48,49,50],"class_list":{"0":"post-177","1":"product","2":"type-product","3":"status-publish","4":"has-post-thumbnail","6":"product_cat-ameritrash","7":"product_cat-krigsspel","8":"product_cat-strategispel","9":"product_tag-ares-games","10":"product_tag-lord-of-the-rings","11":"product_tag-war-of-the-ring","13":"first","14":"outofstock","15":"taxable","16":"shipping-taxable","17":"purchasable","18":"product-type-simple"},"_links":{"self":[{"href":"https:\/\/www.alltpaettkort.com\/en\/wp-json\/wp\/v2\/product\/177","targetHints":{"allow":["GET"]}}],"collection":[{"href":"https:\/\/www.alltpaettkort.com\/en\/wp-json\/wp\/v2\/product"}],"about":[{"href":"https:\/\/www.alltpaettkort.com\/en\/wp-json\/wp\/v2\/types\/product"}],"wp:featuredmedia":[{"embeddable":true,"href":"https:\/\/www.alltpaettkort.com\/en\/wp-json\/wp\/v2\/media\/178"}],"wp:attachment":[{"href":"https:\/\/www.alltpaettkort.com\/en\/wp-json\/wp\/v2\/media?parent=177"}],"wp:term":[{"taxonomy":"product_brand","embeddable":true,"href":"https:\/\/www.alltpaettkort.com\/en\/wp-json\/wp\/v2\/product_brand?post=177"},{"taxonomy":"product_cat","embeddable":true,"href":"https:\/\/www.alltpaettkort.com\/en\/wp-json\/wp\/v2\/product_cat?post=177"},{"taxonomy":"product_tag","embeddable":true,"href":"https:\/\/www.alltpaettkort.com\/en\/wp-json\/wp\/v2\/product_tag?post=177"}],"curies":[{"name":"wp","href":"https:\/\/api.w.org\/{rel}","templated":true}]}}