{"id":19920,"date":"2014-11-04T15:17:43","date_gmt":"2014-11-04T15:17:43","guid":{"rendered":"https:\/\/www.alltpaettkort.com\/produkt\/doomtown-reloaded-new-town-new-rules\/"},"modified":"2025-06-18T15:03:23","modified_gmt":"2025-06-18T15:03:23","slug":"doomtown-reloaded-new-town-new-rules","status":"publish","type":"product","link":"https:\/\/www.alltpaettkort.com\/en\/product\/doomtown-reloaded-new-town-new-rules\/","title":{"rendered":"Doomtown: Reloaded \u2013 New Town, New Rules"},"content":{"rendered":"<div class=\"page\" title=\"Page 1\">\n<div class=\"section\">\n<div class=\"layoutArea\">\n<div class=\"column\">\n<p>Even in a rough and tumble town like\u00a0Gomorra someone has to run the place!\u2028 As Morgan\u2019s matriarch returns to town,\u00a0two candidates step forward to vie for the\u00a0mayor\u2019s seat. Who will\u2028 you support?<\/p>\n<p>Doomtown: Reloaded is a fast\u2011paced\u00a0expandable card game set in the\u00a0Deadlands\u2122 universe of gun slingin\u2019, spell\u2028slingin\u2019 and mud-slingin\u2019!<\/p>\n<p>New Town, New Rules is Doomtown: Reloaded\u2019s first Saddlebag Expansion. Featuring a complete playset of cards, NTNR will introduce new deck concepts for all four factions in the game. \u00a0Don\u2019t be left with an empty holster!<\/p>\n<\/div>\n<\/div>\n<\/div>\n<\/div>\n<p><a href=\"http:\/\/boardgamegeek.com\/boardgameexpansion\/163617\/doomtown-reloaded-new-town-new-rules\" target=\"_blank\" rel=\"noopener\"><strong>L\u00e4s mer p\u00e5 Boardgamegeek<\/strong><\/a><\/p>","protected":false},"excerpt":{"rendered":"<p>F\u00f6rsta packet till Doomtown: Reloaded med 84 nya kort att anv\u00e4nda f\u00f6r att bygga en riktigt d\u00f6dlig lek!<\/p>","protected":false},"featured_media":19921,"template":"","meta":[],"product_brand":[],"product_cat":[43],"product_tag":[104,296],"class_list":{"0":"post-19920","1":"product","2":"type-product","3":"status-publish","4":"has-post-thumbnail","6":"product_cat-expansion","7":"product_tag-aeg","8":"product_tag-doomtown","10":"first","11":"onbackorder","12":"taxable","13":"shipping-taxable","14":"purchasable","15":"product-type-simple"},"_links":{"self":[{"href":"https:\/\/www.alltpaettkort.com\/en\/wp-json\/wp\/v2\/product\/19920","targetHints":{"allow":["GET"]}}],"collection":[{"href":"https:\/\/www.alltpaettkort.com\/en\/wp-json\/wp\/v2\/product"}],"about":[{"href":"https:\/\/www.alltpaettkort.com\/en\/wp-json\/wp\/v2\/types\/product"}],"wp:featuredmedia":[{"embeddable":true,"href":"https:\/\/www.alltpaettkort.com\/en\/wp-json\/wp\/v2\/media\/19921"}],"wp:attachment":[{"href":"https:\/\/www.alltpaettkort.com\/en\/wp-json\/wp\/v2\/media?parent=19920"}],"wp:term":[{"taxonomy":"product_brand","embeddable":true,"href":"https:\/\/www.alltpaettkort.com\/en\/wp-json\/wp\/v2\/product_brand?post=19920"},{"taxonomy":"product_cat","embeddable":true,"href":"https:\/\/www.alltpaettkort.com\/en\/wp-json\/wp\/v2\/product_cat?post=19920"},{"taxonomy":"product_tag","embeddable":true,"href":"https:\/\/www.alltpaettkort.com\/en\/wp-json\/wp\/v2\/product_tag?post=19920"}],"curies":[{"name":"wp","href":"https:\/\/api.w.org\/{rel}","templated":true}]}}