{"id":2437,"date":"2017-11-06T09:11:05","date_gmt":"2017-11-06T09:11:05","guid":{"rendered":"https:\/\/www.alltpaettkort.com\/produkt\/talisman-the-city-expansion\/"},"modified":"2022-09-23T20:54:32","modified_gmt":"2022-09-23T20:54:32","slug":"talisman-the-city-expansion","status":"publish","type":"product","link":"https:\/\/www.alltpaettkort.com\/en\/product\/talisman-the-city-expansion\/","title":{"rendered":"Talisman: The City Expansion"},"content":{"rendered":"<p>The City provides those who live within it a chance to pursue their lives with a modicum of safety and comfort. However, though the outside world is kept outside, any alert adventurer strolling through the City Gate will feel the tension humming in the air.<\/p>\n<p><em>The City<\/em>, a new Region expansion board for\u00a0<em>Talisman<\/em>, provides players with three alternative endings, its own deck, a host of shops for all your questing needs, and six new characters. Collect bounties listed on the Wanted Posters at the City Gate and fill your pockets with gold before doing some serious spending. Secure a steed from the Stables, pick up Pets or Potions, or head to the Armoury and the Magic Emporium.\u00a0Visit\u00a0<em>The City\u00a0<\/em>in\u00a0<em>Talisman<\/em>\u00a0as you compete for the Crown of Command!<\/p>\n<ul>\n<li>1 Rulebook<\/li>\n<li>1 City Board<\/li>\n<li>82 City Cards and 89 Other Cards<\/li>\n<li>6 Character Cards and Plastic Figures<\/li>\n<\/ul>\n<p><strong><a href=\"http:\/\/boardgamegeek.com\/boardgameexpansion\/131816\/talisman-fourth-edition-the-city-expansion\" target=\"_blank\" rel=\"noopener noreferrer\">L\u00e4s mer p\u00e5 Boardgamegeek<\/a><\/strong><\/p>","protected":false},"excerpt":{"rendered":"<p>Stor h\u00f6rnexpansion med nya hj\u00e4ltar och kort som l\u00e5ter oss bes\u00f6ka stadens sus och dus!\u00a0<em>Det h\u00e4r \u00e4r den senaste utg\u00e5van fr\u00e5n Games Workshop som \u00e4r fullt kompatibel med den tidigare utg\u00e5van fr\u00e5n Fantasy Flight Games.<\/em><\/p>","protected":false},"featured_media":2438,"template":"","meta":[],"product_brand":[],"product_cat":[43],"product_tag":[20,46,47],"class_list":{"0":"post-2437","1":"product","2":"type-product","3":"status-publish","4":"has-post-thumbnail","6":"product_cat-expansion","7":"product_tag-fantasy","8":"product_tag-games-workshop","9":"product_tag-talisman","11":"first","12":"outofstock","13":"taxable","14":"shipping-taxable","15":"purchasable","16":"product-type-simple"},"_links":{"self":[{"href":"https:\/\/www.alltpaettkort.com\/en\/wp-json\/wp\/v2\/product\/2437","targetHints":{"allow":["GET"]}}],"collection":[{"href":"https:\/\/www.alltpaettkort.com\/en\/wp-json\/wp\/v2\/product"}],"about":[{"href":"https:\/\/www.alltpaettkort.com\/en\/wp-json\/wp\/v2\/types\/product"}],"wp:featuredmedia":[{"embeddable":true,"href":"https:\/\/www.alltpaettkort.com\/en\/wp-json\/wp\/v2\/media\/2438"}],"wp:attachment":[{"href":"https:\/\/www.alltpaettkort.com\/en\/wp-json\/wp\/v2\/media?parent=2437"}],"wp:term":[{"taxonomy":"product_brand","embeddable":true,"href":"https:\/\/www.alltpaettkort.com\/en\/wp-json\/wp\/v2\/product_brand?post=2437"},{"taxonomy":"product_cat","embeddable":true,"href":"https:\/\/www.alltpaettkort.com\/en\/wp-json\/wp\/v2\/product_cat?post=2437"},{"taxonomy":"product_tag","embeddable":true,"href":"https:\/\/www.alltpaettkort.com\/en\/wp-json\/wp\/v2\/product_tag?post=2437"}],"curies":[{"name":"wp","href":"https:\/\/api.w.org\/{rel}","templated":true}]}}