{"id":246,"date":"2022-01-01T07:38:46","date_gmt":"2022-01-01T07:38:46","guid":{"rendered":"https:\/\/www.alltpaettkort.com\/produkt\/lord-of-the-rings-the-card-game\/"},"modified":"2023-11-09T10:25:25","modified_gmt":"2023-11-09T10:25:25","slug":"lord-of-the-rings-the-card-game","status":"publish","type":"product","link":"https:\/\/www.alltpaettkort.com\/en\/product\/lord-of-the-rings-the-card-game\/","title":{"rendered":"The Lord of the Rings: The Card Game \u2013 Revised Core Set"},"content":{"rendered":"<p>Sometimes, in order to truly appreciate a tale, one must first go back to its beginning. Grand adventures and strong fellowships are important and wonderful, but the first step of any journey is just as important as the last. With that in mind, it\u2019s time to return to the beginning of one of the most epic adventures of all\u2026<\/p>\n<p>With increased contents and some quality-of-life improvements, this new version of the classic LCG\u2019s core set is the perfect opportunity for a new player to dive into the game.<\/p>\n<p>The Revised Core Set includes cards to allow Campaign Mode (previous core set was strictly standalone scenarios), entirely new Boon and Burden mechanics that add cards that persist with the players from scenario to scenario, and full support for 4 players in the core box<\/p>\n<p><strong>F\u00f6r 1-4 spelare<\/strong><br \/>\n<strong>30-90 min speltid<\/strong><br \/>\n<strong>Rekommenderad \u00e5lder: 14+<\/strong><br \/>\n<a href=\"http:\/\/boardgamegeek.com\/boardgame\/77423\/the-lord-of-the-rings-the-card-game\"><strong>L\u00e4s mer p\u00e5 Boardgamegeek<\/strong><\/a><\/p>\n<p>&nbsp;<\/p>","protected":false},"excerpt":{"rendered":"<p>Ny utg\u00e5va av detta \u00e4lskade kortspel! Ett spel d\u00e4r spelarna i sann Lord of the Rings-anda samarbetar f\u00f6r att klara spelets olika scenarios. Fungerar \u00e4ven utm\u00e4rkt f\u00f6r ensamma spelare!<\/p>","protected":false},"featured_media":45758,"template":"","meta":[],"product_brand":[],"product_cat":[63,66],"product_tag":[18,49,67],"class_list":{"0":"post-246","1":"product","2":"type-product","3":"status-publish","4":"has-post-thumbnail","6":"product_cat-kortspel","7":"product_cat-lord-of-the-rings-the-card-game","8":"product_tag-fantasy-flight-games","9":"product_tag-lord-of-the-rings","10":"product_tag-the-lord-of-the-rings-the-card-game","12":"first","13":"outofstock","14":"featured","15":"taxable","16":"shipping-taxable","17":"purchasable","18":"product-type-simple"},"_links":{"self":[{"href":"https:\/\/www.alltpaettkort.com\/en\/wp-json\/wp\/v2\/product\/246","targetHints":{"allow":["GET"]}}],"collection":[{"href":"https:\/\/www.alltpaettkort.com\/en\/wp-json\/wp\/v2\/product"}],"about":[{"href":"https:\/\/www.alltpaettkort.com\/en\/wp-json\/wp\/v2\/types\/product"}],"wp:featuredmedia":[{"embeddable":true,"href":"https:\/\/www.alltpaettkort.com\/en\/wp-json\/wp\/v2\/media\/45758"}],"wp:attachment":[{"href":"https:\/\/www.alltpaettkort.com\/en\/wp-json\/wp\/v2\/media?parent=246"}],"wp:term":[{"taxonomy":"product_brand","embeddable":true,"href":"https:\/\/www.alltpaettkort.com\/en\/wp-json\/wp\/v2\/product_brand?post=246"},{"taxonomy":"product_cat","embeddable":true,"href":"https:\/\/www.alltpaettkort.com\/en\/wp-json\/wp\/v2\/product_cat?post=246"},{"taxonomy":"product_tag","embeddable":true,"href":"https:\/\/www.alltpaettkort.com\/en\/wp-json\/wp\/v2\/product_tag?post=246"}],"curies":[{"name":"wp","href":"https:\/\/api.w.org\/{rel}","templated":true}]}}