{"id":25233,"date":"2017-11-06T09:17:59","date_gmt":"2017-11-06T09:17:59","guid":{"rendered":"https:\/\/www.alltpaettkort.com\/produkt\/talisman-the-harbinger-expansion\/"},"modified":"2025-11-28T12:53:09","modified_gmt":"2025-11-28T12:53:09","slug":"talisman-the-harbinger-expansion","status":"publish","type":"product","link":"https:\/\/www.alltpaettkort.com\/en\/product\/talisman-the-harbinger-expansion\/","title":{"rendered":"Talisman: The Harbinger Expansion"},"content":{"rendered":"<p>The end of the world is nigh in\u00a0<em>Talisman:\u00a0<\/em><em>The Harbinger.\u00a0<\/em>This expansion introduces the Harbinger, a mysterious figure of prophecy and doom who wanders the realm, with destruction following everywhere he walks. As the demons and plagues of the new Harbinger deck\u00a0wreak havoc thourought\u00a0<em>Talisman<\/em>, three new powerful characters seek the Crown of Command. That quest becomes more dangerous than ever before: cursed followers lie in wait for fresh prey, flames descend from the darkened skies, and the dead crawl from their tombs.<\/p>\n<p>Four new Omen decks reveal the changing and dire effects of impending doom, counting down to its arrival.\u00a0Terrain cards abruptly transform the ground beneath characters&#8217; feet, changing deserts into bogs, or farmland into ruins. You&#8217;ll have to navigate these obstacles and numerous others if you want to seize victory before time runs out for the entire realm \u2013 and the true apocalypse begins.<\/p>\n<p><em>The Harbinger\u00a0<\/em>contains:<\/p>\n<ul>\n<li>One Harbinger figure, sheet, and accompanying Harbinger deck<\/li>\n<li>Three more characters seek the Crown of Command<\/li>\n<li>Four Omen decks each unleash a unique scenario of doom<\/li>\n<li>Terrain cards transform the landscape of the realm<\/li>\n<li>Two apocalypse-themed alternate endings<\/li>\n<\/ul>\n<p><strong><a href=\"http:\/\/boardgamegeek.com\/boardgameexpansion\/177211\/talisman-fourth-edition-harbinger-expansion\" target=\"_blank\" rel=\"noopener\">L\u00e4s mer p\u00e5 Boardgamegeek<\/a><\/strong><\/p>","protected":false},"excerpt":{"rendered":"<p>Expansion till Talisman\u00a0som introducerar 3 nya hj\u00e4ltar, alternativa slut, 4 Omen-lekar, terr\u00e4ngkort och den \u00f6desm\u00e4ttade figuren The Harbinger som f\u00e4rdas runt p\u00e5 spelplanen och l\u00e4mnar f\u00f6r\u00f6delse bakom sig!\u00a0<em>Det h\u00e4r \u00e4r den senaste utg\u00e5van fr\u00e5n Games Workshop som \u00e4r fullt kompatibel med den tidigare utg\u00e5van fr\u00e5n Fantasy Flight Games.<\/em><\/p>","protected":false},"featured_media":25234,"template":"","meta":[],"product_brand":[],"product_cat":[43],"product_tag":[20,46,47],"class_list":{"0":"post-25233","1":"product","2":"type-product","3":"status-publish","4":"has-post-thumbnail","6":"product_cat-expansion","7":"product_tag-fantasy","8":"product_tag-games-workshop","9":"product_tag-talisman","11":"first","12":"instock","13":"taxable","14":"shipping-taxable","15":"purchasable","16":"product-type-simple"},"_links":{"self":[{"href":"https:\/\/www.alltpaettkort.com\/en\/wp-json\/wp\/v2\/product\/25233","targetHints":{"allow":["GET"]}}],"collection":[{"href":"https:\/\/www.alltpaettkort.com\/en\/wp-json\/wp\/v2\/product"}],"about":[{"href":"https:\/\/www.alltpaettkort.com\/en\/wp-json\/wp\/v2\/types\/product"}],"wp:featuredmedia":[{"embeddable":true,"href":"https:\/\/www.alltpaettkort.com\/en\/wp-json\/wp\/v2\/media\/25234"}],"wp:attachment":[{"href":"https:\/\/www.alltpaettkort.com\/en\/wp-json\/wp\/v2\/media?parent=25233"}],"wp:term":[{"taxonomy":"product_brand","embeddable":true,"href":"https:\/\/www.alltpaettkort.com\/en\/wp-json\/wp\/v2\/product_brand?post=25233"},{"taxonomy":"product_cat","embeddable":true,"href":"https:\/\/www.alltpaettkort.com\/en\/wp-json\/wp\/v2\/product_cat?post=25233"},{"taxonomy":"product_tag","embeddable":true,"href":"https:\/\/www.alltpaettkort.com\/en\/wp-json\/wp\/v2\/product_tag?post=25233"}],"curies":[{"name":"wp","href":"https:\/\/api.w.org\/{rel}","templated":true}]}}