{"id":26963,"date":"2019-04-26T15:14:30","date_gmt":"2019-04-26T15:14:30","guid":{"rendered":"https:\/\/www.alltpaettkort.com\/produkt\/flick-em-up\/"},"modified":"2022-01-13T08:23:07","modified_gmt":"2022-01-13T08:23:07","slug":"flick-em-up","status":"publish","type":"product","link":"https:\/\/www.alltpaettkort.com\/en\/product\/flick-em-up\/","title":{"rendered":"Flick &#8217;em Up!"},"content":{"rendered":"<p>The cities in the West are not the safest place to be. In the disc-flicking game\u00a0<em><strong>Flick &#8217;em Up!<\/strong><\/em>, you can become an outlaw and rob banks, free prisoners, attack innocent bystanders&#8230; or you could become the Sheriff and try to protect the people of your city from these bandits!<\/p>\n<p>Relive the great adventures of the West, face your enemies in street duels, use different guns and tactics to get what you want. You can follow the scenarios or create your own\u2014the choice is yours, cowboy!<\/p>\n<p><strong>2-10 spelare<\/strong><br \/>\n<strong>30\u00a0min speltid<\/strong><br \/>\n<strong>Rekommenderad \u00e5lder: 7 <\/strong><br \/>\n<a href=\"https:\/\/boardgamegeek.com\/file\/download\/rxnhrl7rge\/EN-Flick'em-up_rules_LR.pdf\" target=\"_blank\" rel=\"noopener\"><strong>Spelets regler<\/strong><\/a><br \/>\n<a href=\"https:\/\/boardgamegeek.com\/boardgame\/169124\/flick-em\" target=\"_blank\" rel=\"noopener\"><strong>L\u00e4s mer p\u00e5 Boardgamegeek<\/strong><\/a><\/p>\n<p>Se Dice Towers lyriska recension h\u00e4r nedan!<\/p>","protected":false},"excerpt":{"rendered":"<p>Ett riktigt \u00f6sigt vilda v\u00e4stern-dexterity-spel i en superlyxig utg\u00e5va!<\/p>","protected":false},"featured_media":26964,"template":"","meta":[],"product_brand":[],"product_cat":[16,38],"product_tag":[334,335],"class_list":{"0":"post-26963","1":"product","2":"type-product","3":"status-publish","4":"has-post-thumbnail","6":"product_cat-ameritrash","7":"product_cat-partyspel","8":"product_tag-flick-em-up","9":"product_tag-pretzel-games","11":"first","12":"outofstock","13":"taxable","14":"shipping-taxable","15":"purchasable","16":"product-type-simple"},"_links":{"self":[{"href":"https:\/\/www.alltpaettkort.com\/en\/wp-json\/wp\/v2\/product\/26963","targetHints":{"allow":["GET"]}}],"collection":[{"href":"https:\/\/www.alltpaettkort.com\/en\/wp-json\/wp\/v2\/product"}],"about":[{"href":"https:\/\/www.alltpaettkort.com\/en\/wp-json\/wp\/v2\/types\/product"}],"wp:featuredmedia":[{"embeddable":true,"href":"https:\/\/www.alltpaettkort.com\/en\/wp-json\/wp\/v2\/media\/26964"}],"wp:attachment":[{"href":"https:\/\/www.alltpaettkort.com\/en\/wp-json\/wp\/v2\/media?parent=26963"}],"wp:term":[{"taxonomy":"product_brand","embeddable":true,"href":"https:\/\/www.alltpaettkort.com\/en\/wp-json\/wp\/v2\/product_brand?post=26963"},{"taxonomy":"product_cat","embeddable":true,"href":"https:\/\/www.alltpaettkort.com\/en\/wp-json\/wp\/v2\/product_cat?post=26963"},{"taxonomy":"product_tag","embeddable":true,"href":"https:\/\/www.alltpaettkort.com\/en\/wp-json\/wp\/v2\/product_tag?post=26963"}],"curies":[{"name":"wp","href":"https:\/\/api.w.org\/{rel}","templated":true}]}}