{"id":27449,"date":"2018-02-09T15:47:02","date_gmt":"2018-02-09T15:47:02","guid":{"rendered":"https:\/\/www.alltpaettkort.com\/produkt\/blood-rage\/"},"modified":"2025-02-16T13:57:19","modified_gmt":"2025-02-16T13:57:19","slug":"blood-rage","status":"publish","type":"product","link":"https:\/\/www.alltpaettkort.com\/en\/product\/blood-rage\/","title":{"rendered":"Blood Rage"},"content":{"rendered":"<p><em>&#8221;Life is Battle; Battle is Glory; Glory is ALL&#8221;<\/em><\/p>\n<p>In\u00a0<em><strong>Blood Rage<\/strong><\/em>, each player controls their own Viking clan\u2019s warriors, leader, and ship. Ragnar\u00f6k has come, and it\u2019s the end of the world! It\u2019s the Vikings\u2019 last chance to go down in a blaze of glory and secure their place in Valhalla at Odin\u2019s side! For a Viking there are many pathways to glory. You can invade and pillage the land for its rewards, crush your opponents in epic battles, fulfill quests, increase your clan&#8217;s stats, or even die gloriously either in battle or from Ragnar\u00f6k, the ultimate inescapable doom.<\/p>\n<p>Most player strategies are guided by the cards drafted at the beginning of each of the three game rounds (or Ages). These \u201cGods\u2019 Gifts\u201d grant you numerous boons for your clan including: increased Viking strength and devious battle strategies, upgrades to your clan, or even the aid of legendary creatures from Norse mythology. They may also include various quests, from dominating specific provinces, to having lots of your Vikings sent to Valhalla. Most of these cards are aligned with one of the Norse gods, hinting at the kind of strategy they support. For example, Thor gives more glory for victory in battle, Heimdall grants you foresight and surprises, Tyr strengthens you in battle, while the trickster Loki actually rewards you for losing battles, or punishes the winner.<\/p>\n<p>Players must choose their strategies carefully during the draft phase, but also be ready to adapt and react to their opponents\u2019 strategies as the action phase unfolds. Battles are decided not only by the strength of the figures involved, but also by cards played in secret. By observing your opponent\u2019s actions and allegiances to specific gods, you may predict what card they are likely to play, and plan accordingly. Winning battles is not always the best course of action, as the right card can get you even more rewards by being crushed. The only losing strategy in\u00a0<em>Blood Rage<\/em>\u00a0is to shy away from battle and a glorious death!<\/p>\n<p><strong>F\u00f6r 2-4 spelare<\/strong><br \/>\n<strong>60-90 min speltid<\/strong><br \/>\n<strong>Rekommenderad \u00e5lder: 13 <\/strong><br \/>\n<strong><a href=\"http:\/\/cmon.com\/wp-content\/uploads\/2015\/02\/BR-Rulebook-Preview.pdf\" target=\"_blank\" rel=\"noopener\">Spelets regler<br \/>\n<\/a><a href=\"https:\/\/boardgamegeek.com\/boardgame\/170216\/blood-rage\" target=\"_blank\" rel=\"noopener\">L\u00e4s mer p\u00e5 Boardgamegeek<\/a><\/strong><\/p>","protected":false},"excerpt":{"rendered":"<p>Drabba samman i m\u00e4ktiga Blood Rage f\u00f6r att uppn\u00e5 s\u00e5 mycket \u00e4ra som m\u00f6jligt innan Ragnar\u00f6k \u00f6del\u00e4gger hela v\u00e4rlden!<\/p>","protected":false},"featured_media":27450,"template":"","meta":[],"product_brand":[],"product_cat":[16,17],"product_tag":[339,283],"class_list":{"0":"post-27449","1":"product","2":"type-product","3":"status-publish","4":"has-post-thumbnail","6":"product_cat-ameritrash","7":"product_cat-strategispel","8":"product_tag-blood-rage","9":"product_tag-coolminiornot","11":"first","12":"outofstock","13":"taxable","14":"shipping-taxable","15":"purchasable","16":"product-type-simple"},"_links":{"self":[{"href":"https:\/\/www.alltpaettkort.com\/en\/wp-json\/wp\/v2\/product\/27449","targetHints":{"allow":["GET"]}}],"collection":[{"href":"https:\/\/www.alltpaettkort.com\/en\/wp-json\/wp\/v2\/product"}],"about":[{"href":"https:\/\/www.alltpaettkort.com\/en\/wp-json\/wp\/v2\/types\/product"}],"wp:featuredmedia":[{"embeddable":true,"href":"https:\/\/www.alltpaettkort.com\/en\/wp-json\/wp\/v2\/media\/27450"}],"wp:attachment":[{"href":"https:\/\/www.alltpaettkort.com\/en\/wp-json\/wp\/v2\/media?parent=27449"}],"wp:term":[{"taxonomy":"product_brand","embeddable":true,"href":"https:\/\/www.alltpaettkort.com\/en\/wp-json\/wp\/v2\/product_brand?post=27449"},{"taxonomy":"product_cat","embeddable":true,"href":"https:\/\/www.alltpaettkort.com\/en\/wp-json\/wp\/v2\/product_cat?post=27449"},{"taxonomy":"product_tag","embeddable":true,"href":"https:\/\/www.alltpaettkort.com\/en\/wp-json\/wp\/v2\/product_tag?post=27449"}],"curies":[{"name":"wp","href":"https:\/\/api.w.org\/{rel}","templated":true}]}}