{"id":27704,"date":"2015-09-15T16:47:15","date_gmt":"2015-09-15T16:47:15","guid":{"rendered":"https:\/\/www.alltpaettkort.com\/produkt\/allt-om-bradspel-nr-3\/"},"modified":"2022-01-13T08:23:22","modified_gmt":"2022-01-13T08:23:22","slug":"allt-om-bradspel-nr-3","status":"publish","type":"product","link":"https:\/\/www.alltpaettkort.com\/en\/product\/allt-om-bradspel-nr-3\/","title":{"rendered":"Allt om br\u00e4dspel Nr. 3"},"content":{"rendered":"<p>Allt om br\u00e4dspel \u00e4r Sveriges, och f\u00f6rmodligen Nordens, f\u00f6rsta oberoende tidskrift med ett inneh\u00e5ll helt fokuserat p\u00e5 br\u00e4dspel. Tidskriften riktar sig till s\u00e5v\u00e4l nyfikna nyb\u00f6rjare som erfarna entusiaster och har ett \u00f6verskuggande m\u00e5l \u2013 att f\u00e5 fler att uppt\u00e4cka tjusningen med br\u00e4dspel.<\/p>","protected":false},"excerpt":{"rendered":"<p>Supertrevlig svensk tidning om v\u00e5r favorit-hobby! I det tredje\u00a0numret bjuds det bland annat p\u00e5 en\u00a0t\u00e4rningsspecial och en artikel om ensamspel fr\u00e5n v\u00e5r lysande bloggare <a href=\"http:\/\/www.alltpaettkort.se\/blog\/peder\/\">Peder<\/a>!<\/p>","protected":false},"featured_media":27705,"template":"","meta":[],"product_brand":[],"product_cat":[103],"product_tag":[],"class_list":{"0":"post-27704","1":"product","2":"type-product","3":"status-publish","4":"has-post-thumbnail","6":"product_cat-tillbehor","8":"first","9":"instock","10":"taxable","11":"shipping-taxable","12":"purchasable","13":"product-type-simple"},"_links":{"self":[{"href":"https:\/\/www.alltpaettkort.com\/en\/wp-json\/wp\/v2\/product\/27704","targetHints":{"allow":["GET"]}}],"collection":[{"href":"https:\/\/www.alltpaettkort.com\/en\/wp-json\/wp\/v2\/product"}],"about":[{"href":"https:\/\/www.alltpaettkort.com\/en\/wp-json\/wp\/v2\/types\/product"}],"wp:featuredmedia":[{"embeddable":true,"href":"https:\/\/www.alltpaettkort.com\/en\/wp-json\/wp\/v2\/media\/27705"}],"wp:attachment":[{"href":"https:\/\/www.alltpaettkort.com\/en\/wp-json\/wp\/v2\/media?parent=27704"}],"wp:term":[{"taxonomy":"product_brand","embeddable":true,"href":"https:\/\/www.alltpaettkort.com\/en\/wp-json\/wp\/v2\/product_brand?post=27704"},{"taxonomy":"product_cat","embeddable":true,"href":"https:\/\/www.alltpaettkort.com\/en\/wp-json\/wp\/v2\/product_cat?post=27704"},{"taxonomy":"product_tag","embeddable":true,"href":"https:\/\/www.alltpaettkort.com\/en\/wp-json\/wp\/v2\/product_tag?post=27704"}],"curies":[{"name":"wp","href":"https:\/\/api.w.org\/{rel}","templated":true}]}}