{"id":30887,"date":"2017-07-11T13:42:41","date_gmt":"2017-07-11T13:42:41","guid":{"rendered":"https:\/\/www.alltpaettkort.com\/produkt\/the-gallerist\/"},"modified":"2022-01-13T08:24:40","modified_gmt":"2022-01-13T08:24:40","slug":"the-gallerist","status":"publish","type":"product","link":"https:\/\/www.alltpaettkort.com\/en\/product\/the-gallerist\/","title":{"rendered":"The Gallerist (\u00f6ppnat ex)"},"content":{"rendered":"<p>This age of art and capitalism has created a need for a new occupation &#8211; The Gallerist.<\/p>\n<p>Combining the elements of an Art dealer, museum curator, and Artists\u2019 manager, you are about to take on that job! You will promote and nurture Artists; buy, display, and sell their Art; and build and exert your international reputation. As a result, you will achieve the respect needed to draw visitors to your Gallery from all over the world.<\/p>\n<p>There&#8217;s a lot of work to be done, but don&#8217;t worry, you can hire assistants to help you achieve your goals. Build your fortune by running the most lucrative Gallery and secure your reputation as a world-class Gallerist!<\/p>\n<p>Maximize your money and thus win the game by:<\/p>\n<ul>\n<li>having visitors in your gallery;<\/li>\n<li>exhibiting and selling works of art;<\/li>\n<li>investing in artists\u2019 promotion to increase art value;<\/li>\n<li>achieving trends and reputation as well as curator and dealer goals.<\/li>\n<\/ul>\n<p><strong>1-4 spelare<\/strong><br \/>\n<strong>120\u00a0min speltid<\/strong><br \/>\n<strong>Rekommenderad \u00e5lder: 13 <\/strong><br \/>\n<a href=\"https:\/\/boardgamegeek.com\/file\/download\/r5imu7fw8o\/The_Gallerist_rulebook_v0.95.pdf\" target=\"_blank\" rel=\"noopener\"><strong>Spelets regler<\/strong><\/a><br \/>\n<a href=\"https:\/\/boardgamegeek.com\/boardgame\/125153\/gallerist\" target=\"_blank\" rel=\"noopener\"><strong>L\u00e4s mer p\u00e5 Boardgamegeek<\/strong><\/a><\/p>","protected":false},"excerpt":{"rendered":"<p>M\u00e4sterligt euro av den tunga skolan fr\u00e5n geniala Vital Lacerda om att driva dit egna konstgalleri! En riktigt matig och exklusiv\u00a0produktion! <em>Obs. Detta exemplar \u00e4r \u00f6ppnat f\u00f6r en testrunda, men komplett och i gott skick!<\/em><\/p>","protected":false},"featured_media":30888,"template":"","meta":[],"product_brand":[],"product_cat":[29,17],"product_tag":[],"class_list":{"0":"post-30887","1":"product","2":"type-product","3":"status-publish","4":"has-post-thumbnail","6":"product_cat-eurospel","7":"product_cat-strategispel","9":"first","10":"outofstock","11":"sale","12":"taxable","13":"shipping-taxable","14":"purchasable","15":"product-type-simple"},"_links":{"self":[{"href":"https:\/\/www.alltpaettkort.com\/en\/wp-json\/wp\/v2\/product\/30887","targetHints":{"allow":["GET"]}}],"collection":[{"href":"https:\/\/www.alltpaettkort.com\/en\/wp-json\/wp\/v2\/product"}],"about":[{"href":"https:\/\/www.alltpaettkort.com\/en\/wp-json\/wp\/v2\/types\/product"}],"wp:featuredmedia":[{"embeddable":true,"href":"https:\/\/www.alltpaettkort.com\/en\/wp-json\/wp\/v2\/media\/30888"}],"wp:attachment":[{"href":"https:\/\/www.alltpaettkort.com\/en\/wp-json\/wp\/v2\/media?parent=30887"}],"wp:term":[{"taxonomy":"product_brand","embeddable":true,"href":"https:\/\/www.alltpaettkort.com\/en\/wp-json\/wp\/v2\/product_brand?post=30887"},{"taxonomy":"product_cat","embeddable":true,"href":"https:\/\/www.alltpaettkort.com\/en\/wp-json\/wp\/v2\/product_cat?post=30887"},{"taxonomy":"product_tag","embeddable":true,"href":"https:\/\/www.alltpaettkort.com\/en\/wp-json\/wp\/v2\/product_tag?post=30887"}],"curies":[{"name":"wp","href":"https:\/\/api.w.org\/{rel}","templated":true}]}}