{"id":31339,"date":"2016-08-20T17:22:18","date_gmt":"2016-08-20T17:22:18","guid":{"rendered":"https:\/\/www.alltpaettkort.com\/produkt\/mystic-vale\/"},"modified":"2022-01-13T08:25:02","modified_gmt":"2022-01-13T08:25:02","slug":"mystic-vale","status":"publish","type":"product","link":"https:\/\/www.alltpaettkort.com\/en\/product\/mystic-vale\/","title":{"rendered":"Mystic Vale"},"content":{"rendered":"<p>A curse has been placed on the Valley of Life. Hearing the spirits of nature cry out for aid, clans of druids have arrived, determined to use their blessings to heal the land and rescue the spirits. It will require courage and also caution, as the curse can overwhelm the careless who wield too much power.<\/p>\n<p>In\u00a0<em>Mystic Vale<\/em>, 2 to 4 players take on the role of druidic clans trying to cleanse the curse upon the land. Each turn, you play cards into your field to gain powerful advancements and useful vale cards. Use your power wisely, or decay will end your turn prematurely. Score the most victory points to win the game!<\/p>\n<p><em>Mystic Vale<\/em>\u00a0uses the innovative &#8221;Card Crafting System&#8221;, which lets you not only build your deck, but build the individual cards in your deck, customizing each card&#8217;s abilities to exactly the strategy you want to follow.<\/p>\n<p><strong><a href=\"https:\/\/boardgamegeek.com\/boardgame\/194607\/mystic-vale\" target=\"_blank\" rel=\"noopener\">L\u00e4s mer p\u00e5 Boardgamegeek<\/a><\/strong><\/p>","protected":false},"excerpt":{"rendered":"<p>Finurligt druid-spel om att r\u00e4dda naturen fr\u00e5n en f\u00f6rr\u00f6dande f\u00f6rbannelse genom\u00a0ett nyskapande &#8221;Card Crafting System&#8221;!<\/p>","protected":false},"featured_media":31340,"template":"","meta":[],"product_brand":[],"product_cat":[63,17],"product_tag":[104,374],"class_list":{"0":"post-31339","1":"product","2":"type-product","3":"status-publish","4":"has-post-thumbnail","6":"product_cat-kortspel","7":"product_cat-strategispel","8":"product_tag-aeg","9":"product_tag-mystic-vale","11":"first","12":"outofstock","13":"taxable","14":"shipping-taxable","15":"purchasable","16":"product-type-simple"},"_links":{"self":[{"href":"https:\/\/www.alltpaettkort.com\/en\/wp-json\/wp\/v2\/product\/31339","targetHints":{"allow":["GET"]}}],"collection":[{"href":"https:\/\/www.alltpaettkort.com\/en\/wp-json\/wp\/v2\/product"}],"about":[{"href":"https:\/\/www.alltpaettkort.com\/en\/wp-json\/wp\/v2\/types\/product"}],"wp:featuredmedia":[{"embeddable":true,"href":"https:\/\/www.alltpaettkort.com\/en\/wp-json\/wp\/v2\/media\/31340"}],"wp:attachment":[{"href":"https:\/\/www.alltpaettkort.com\/en\/wp-json\/wp\/v2\/media?parent=31339"}],"wp:term":[{"taxonomy":"product_brand","embeddable":true,"href":"https:\/\/www.alltpaettkort.com\/en\/wp-json\/wp\/v2\/product_brand?post=31339"},{"taxonomy":"product_cat","embeddable":true,"href":"https:\/\/www.alltpaettkort.com\/en\/wp-json\/wp\/v2\/product_cat?post=31339"},{"taxonomy":"product_tag","embeddable":true,"href":"https:\/\/www.alltpaettkort.com\/en\/wp-json\/wp\/v2\/product_tag?post=31339"}],"curies":[{"name":"wp","href":"https:\/\/api.w.org\/{rel}","templated":true}]}}