{"id":31609,"date":"2016-08-03T12:43:26","date_gmt":"2016-08-03T12:43:26","guid":{"rendered":"https:\/\/www.alltpaettkort.com\/produkt\/warhammer-quest-the-adventure-card-game-witch-hunter-expansion-pack\/"},"modified":"2025-12-07T20:34:53","modified_gmt":"2025-12-07T20:34:53","slug":"warhammer-quest-the-adventure-card-game-witch-hunter-expansion-pack","status":"publish","type":"product","link":"https:\/\/www.alltpaettkort.com\/en\/product\/warhammer-quest-the-adventure-card-game-witch-hunter-expansion-pack\/","title":{"rendered":"Warhammer Quest: The Adventure Card Game &#8211; Witch Hunter Expansion Pack"},"content":{"rendered":"<p class=\"flavortext\"><em>\u201cThe test is simple: if he does not burn, he is a witch. If he does burn, then he was an innocent.\u201d<\/em><br \/>\n\u2013Matthias Krieger<\/p>\n<p>Witch Hunters will travel far and wide to hunt down and destroy the forces of evil. Their pursuit is utterly relentless, and they will do whatever they must in order to eliminate the evils they encounter\u2014even if that means they suffer a few innocent casualties.<\/p>\n<p><em>The Witch Hunter Expansion Pack<\/em>\u00a0allows you to enjoy your Old World dungeon adventures as one of these grim and resolved holy warriors. You&#8217;ll find everything you need to add the Witch Hunter to your games of\u00a0<em>Warhammer Quest: The Adventure Card Game<\/em>, including three hero cards, eight actions, and three items. Taken as a whole, these emphasize the Witch Hunter&#8217;s unfaltering dedication to her mission and lead toward a unique play style built around her unwavering pursuit of evil.<\/p>\n<p><strong><em>This is not a standalone product. Requires a copy of Warhammer Quest: The Adventure Card Game to play.<\/em><\/strong><strong><a href=\"http:\/\/en.libellud.com\/index.php?option=com_zoo&amp;task=callelement&amp;format=raw&amp;item_id=1522&amp;element=66b58ffc-c789-4cef-b9f1-2cb5226ebace&amp;method=download&amp;args[0]=f6c56007aa39a87d1ac428e4ed3fdc91&amp;Itemid=57\" target=\"_blank\" rel=\"noopener\"><br \/>\n<\/a><a href=\"https:\/\/boardgamegeek.com\/boardgameexpansion\/202394\/warhammer-quest-adventure-card-game-witch-hunter-e\" target=\"_blank\" rel=\"noopener\">L\u00e4s mer p\u00e5 Boardgamegeek<\/a><\/strong><\/p>\n","protected":false},"excerpt":{"rendered":"<p>Karakt\u00e4rsexpansion till Warhammer Quest: The Adventure Card Game med en giftig Witch Hunter! <strong>Detta pack \u00e4r sedan l\u00e4nge out of print och s\u00e4ljs i vanliga fall fr\u00e5n 70USD.<\/strong><\/p>","protected":false},"featured_media":31610,"template":"","meta":[],"product_brand":[],"product_cat":[43],"product_tag":[18,347],"class_list":{"0":"post-31609","1":"product","2":"type-product","3":"status-publish","4":"has-post-thumbnail","6":"product_cat-expansion","7":"product_tag-fantasy-flight-games","8":"product_tag-warhammer-quest","10":"first","11":"outofstock","12":"taxable","13":"shipping-taxable","14":"purchasable","15":"product-type-simple"},"_links":{"self":[{"href":"https:\/\/www.alltpaettkort.com\/en\/wp-json\/wp\/v2\/product\/31609","targetHints":{"allow":["GET"]}}],"collection":[{"href":"https:\/\/www.alltpaettkort.com\/en\/wp-json\/wp\/v2\/product"}],"about":[{"href":"https:\/\/www.alltpaettkort.com\/en\/wp-json\/wp\/v2\/types\/product"}],"wp:featuredmedia":[{"embeddable":true,"href":"https:\/\/www.alltpaettkort.com\/en\/wp-json\/wp\/v2\/media\/31610"}],"wp:attachment":[{"href":"https:\/\/www.alltpaettkort.com\/en\/wp-json\/wp\/v2\/media?parent=31609"}],"wp:term":[{"taxonomy":"product_brand","embeddable":true,"href":"https:\/\/www.alltpaettkort.com\/en\/wp-json\/wp\/v2\/product_brand?post=31609"},{"taxonomy":"product_cat","embeddable":true,"href":"https:\/\/www.alltpaettkort.com\/en\/wp-json\/wp\/v2\/product_cat?post=31609"},{"taxonomy":"product_tag","embeddable":true,"href":"https:\/\/www.alltpaettkort.com\/en\/wp-json\/wp\/v2\/product_tag?post=31609"}],"curies":[{"name":"wp","href":"https:\/\/api.w.org\/{rel}","templated":true}]}}