{"id":31612,"date":"2016-08-03T12:49:17","date_gmt":"2016-08-03T12:49:17","guid":{"rendered":"https:\/\/www.alltpaettkort.com\/produkt\/warhammer-quest-the-adventure-card-game-trollslayer-expansion-pack\/"},"modified":"2025-12-07T20:34:50","modified_gmt":"2025-12-07T20:34:50","slug":"warhammer-quest-the-adventure-card-game-trollslayer-expansion-pack","status":"publish","type":"product","link":"https:\/\/www.alltpaettkort.com\/en\/product\/warhammer-quest-the-adventure-card-game-trollslayer-expansion-pack\/","title":{"rendered":"Warhammer Quest: The Adventure Card Game &#8211; Trollslayer Expansion Pack"},"content":{"rendered":"<p class=\"flavortext\"><em>\u201cLet my orange crest stand testament to my shame. Let all foes behold it and know fear, for I have none remaining.\u201d<\/em><br \/>\n\u2013Kurgi Balginson<\/p>\n<p>The savage Dwarf fighters known as Troll Hunters seek glorious death in battle to make up for some great shame in their past. As a result, they routinely seek combat with the most dangerous monsters they can find.<\/p>\n<p>There&#8217;s nothing subtle about the\u00a0<em>Troll Slayer Expansion Pack<\/em>\u00a0for\u00a0<em>Warhammer Quest: The Adventure Card Game<\/em>. It&#8217;s just a giant heap of fearless, axe-wielding, battlecry-screaming, death-dealing Dwarf. The Troll Slayer&#8217;s three hero cards, eight actions, and three legendary gear cards are all aimed squarely at leaping into the thick of combat, unarmored, and cutting down your foes.<\/p>\n<p><strong><em>This is not a standalone product. Requires a copy of Warhammer Quest: The Adventure Card Game to play.<\/em><\/strong><\/p>\n<p><strong><a href=\"https:\/\/boardgamegeek.com\/boardgameexpansion\/202395\/warhammer-quest-adventure-card-game-trollslayer-ex\" target=\"_blank\" rel=\"noopener\">L\u00e4s mer p\u00e5 Boardgamegeek<\/a><\/strong><\/p>","protected":false},"excerpt":{"rendered":"<p>Karakt\u00e4rsexpansion till Warhammer Quest: The Adventure Card Game med en d\u00f6dlig Trollslayer! <strong>Detta pack \u00e4r sedan l\u00e4nge out of print och s\u00e4ljs i vanliga fall fr\u00e5n 70USD.<\/strong><\/p>","protected":false},"featured_media":31613,"template":"","meta":[],"product_brand":[],"product_cat":[43],"product_tag":[18,347],"class_list":{"0":"post-31612","1":"product","2":"type-product","3":"status-publish","4":"has-post-thumbnail","6":"product_cat-expansion","7":"product_tag-fantasy-flight-games","8":"product_tag-warhammer-quest","10":"first","11":"outofstock","12":"taxable","13":"shipping-taxable","14":"purchasable","15":"product-type-simple"},"_links":{"self":[{"href":"https:\/\/www.alltpaettkort.com\/en\/wp-json\/wp\/v2\/product\/31612","targetHints":{"allow":["GET"]}}],"collection":[{"href":"https:\/\/www.alltpaettkort.com\/en\/wp-json\/wp\/v2\/product"}],"about":[{"href":"https:\/\/www.alltpaettkort.com\/en\/wp-json\/wp\/v2\/types\/product"}],"wp:featuredmedia":[{"embeddable":true,"href":"https:\/\/www.alltpaettkort.com\/en\/wp-json\/wp\/v2\/media\/31613"}],"wp:attachment":[{"href":"https:\/\/www.alltpaettkort.com\/en\/wp-json\/wp\/v2\/media?parent=31612"}],"wp:term":[{"taxonomy":"product_brand","embeddable":true,"href":"https:\/\/www.alltpaettkort.com\/en\/wp-json\/wp\/v2\/product_brand?post=31612"},{"taxonomy":"product_cat","embeddable":true,"href":"https:\/\/www.alltpaettkort.com\/en\/wp-json\/wp\/v2\/product_cat?post=31612"},{"taxonomy":"product_tag","embeddable":true,"href":"https:\/\/www.alltpaettkort.com\/en\/wp-json\/wp\/v2\/product_tag?post=31612"}],"curies":[{"name":"wp","href":"https:\/\/api.w.org\/{rel}","templated":true}]}}