{"id":31999,"date":"2016-09-14T11:55:11","date_gmt":"2016-09-14T11:55:11","guid":{"rendered":"https:\/\/www.alltpaettkort.com\/produkt\/pandemic-reign-of-cthulhu\/"},"modified":"2022-01-13T08:25:31","modified_gmt":"2022-01-13T08:25:31","slug":"pandemic-reign-of-cthulhu","status":"publish","type":"product","link":"https:\/\/www.alltpaettkort.com\/en\/product\/pandemic-reign-of-cthulhu\/","title":{"rendered":"Pandemic: Reign of Cthulhu (demoex)"},"content":{"rendered":"<p>Beings of ancient evil, known as Old Ones, are threatening to break out of their cosmic prison and awake into the world. Everything you know and love could be destroyed by chaos and madness. Can you and your fellow investigators manage to find and seal every portal in time? Hurry before you lose yourself to insanity.<\/p>\n<p>In\u00a0<em>Pandemic: Reign of Cthulhu<\/em>, you&#8217;ll experience the classic\u00a0<em>Pandemic<\/em>\u00a0gameplay with an horrific twist that&#8217;ll have you face ten Old Ones, each threatening the world with their unique powers. As players take on the roles of investigators attempting to seal a series of portals before monsters of unspeakable horror pour into our world there is, of course, a high risk of the investigators losing their own minds.<\/p>\n<p>Instead of curing diseases like in the original\u00a0<em>Pandemic<\/em>, players seal portals and shut down cults in the classic New England fictional towns of Arkham, Dunwich, Innsmouth, and Kingsport. Can you and your fellow investigators manage to find and seal every portal in time? Hurry before you lose yourself to insanity and the evil that lurks beneath your feet&#8230;<\/p>\n<p><strong>F\u00f6r 2-4 spelare<\/strong><br \/>\n<strong>40 min speltid<\/strong><br \/>\n<strong>Rekommenderad \u00e5lder: 14 <\/strong><strong><a href=\"http:\/\/cmon.com\/wp-content\/uploads\/2015\/02\/BR-Rulebook-Preview.pdf\" target=\"_blank\" rel=\"noopener\"><br \/>\n<\/a><a href=\"https:\/\/boardgamegeek.com\/boardgame\/192153\/pandemic-reign-cthulhu\" target=\"_blank\" rel=\"noopener\">L\u00e4s mer p\u00e5 Boardgamegeek<\/a><\/strong><\/p>","protected":false},"excerpt":{"rendered":"<p>Ett aningens mer allvarligt hot \u00e4n vanligt hotar \u00f6del\u00e4gga v\u00e4rlden denna g\u00e5ng i Pandemic, n\u00e4mligen Cthulhu och hans v\u00e4rldsslukande kamrater. Ny superl\u00e4cker variant av v\u00e4rldens mest \u00e4lskade samarbetsspel!<\/p>","protected":false},"featured_media":32000,"template":"","meta":[],"product_brand":[],"product_cat":[16,17],"product_tag":[57],"class_list":{"0":"post-31999","1":"product","2":"type-product","3":"status-publish","4":"has-post-thumbnail","6":"product_cat-ameritrash","7":"product_cat-strategispel","8":"product_tag-z-man-games","10":"first","11":"outofstock","12":"taxable","13":"shipping-taxable","14":"purchasable","15":"product-type-simple"},"_links":{"self":[{"href":"https:\/\/www.alltpaettkort.com\/en\/wp-json\/wp\/v2\/product\/31999","targetHints":{"allow":["GET"]}}],"collection":[{"href":"https:\/\/www.alltpaettkort.com\/en\/wp-json\/wp\/v2\/product"}],"about":[{"href":"https:\/\/www.alltpaettkort.com\/en\/wp-json\/wp\/v2\/types\/product"}],"wp:featuredmedia":[{"embeddable":true,"href":"https:\/\/www.alltpaettkort.com\/en\/wp-json\/wp\/v2\/media\/32000"}],"wp:attachment":[{"href":"https:\/\/www.alltpaettkort.com\/en\/wp-json\/wp\/v2\/media?parent=31999"}],"wp:term":[{"taxonomy":"product_brand","embeddable":true,"href":"https:\/\/www.alltpaettkort.com\/en\/wp-json\/wp\/v2\/product_brand?post=31999"},{"taxonomy":"product_cat","embeddable":true,"href":"https:\/\/www.alltpaettkort.com\/en\/wp-json\/wp\/v2\/product_cat?post=31999"},{"taxonomy":"product_tag","embeddable":true,"href":"https:\/\/www.alltpaettkort.com\/en\/wp-json\/wp\/v2\/product_tag?post=31999"}],"curies":[{"name":"wp","href":"https:\/\/api.w.org\/{rel}","templated":true}]}}