{"id":32008,"date":"2016-11-05T12:01:42","date_gmt":"2016-11-05T12:01:42","guid":{"rendered":"https:\/\/www.alltpaettkort.com\/produkt\/potion-explosion\/"},"modified":"2022-01-13T08:25:31","modified_gmt":"2022-01-13T08:25:31","slug":"potion-explosion","status":"publish","type":"product","link":"https:\/\/www.alltpaettkort.com\/en\/product\/potion-explosion\/","title":{"rendered":"Potion Explosion"},"content":{"rendered":"<p>Dear students, it&#8217;s time for the final exams of the Potions class! The rules are always the same: Take an ingredient marble from the dispenser and watch the others fall. If you connect marbles of the same color, they explode and you can take them, too! Complete your potions using the marbles you collect, and drink them to unleash their magical power. Remember, though, that to win the Student of the Year award, being quick won&#8217;t be enough: you&#8217;ll also need to brew the most valuable potions in\u00a0<em>Potion Explosion<\/em>!<\/p>\n<p><strong>F\u00f6r 2-4 spelare<\/strong><br \/>\n<strong>30-60 min speltid<\/strong><br \/>\n<strong>Rekommenderad \u00e5lder:\u00a08<br \/>\n<\/strong><strong><a href=\"http:\/\/www.horrible-games.com\/wp-content\/uploads\/2015\/09\/PE_Rulebook_ENG_v10_light.pdf\" target=\"_blank\" rel=\"noopener\">Spelets regler<\/a><a href=\"http:\/\/cmon.com\/wp-content\/uploads\/2015\/02\/BR-Rulebook-Preview.pdf\" target=\"_blank\" rel=\"noopener\"><br \/>\n<\/a><a href=\"https:\/\/boardgamegeek.com\/boardgame\/180974\/potion-explosion\" target=\"_blank\" rel=\"noopener\">L\u00e4s mer p\u00e5 Boardgamegeek<\/a><\/strong><\/p>","protected":false},"excerpt":{"rendered":"<p>Urcharmigt trolldrycksblandar-spel med vackra kul\u00f6rta kulor som bel\u00f6nar f\u00e4rg-explosioner!<\/p>","protected":false},"featured_media":32009,"template":"","meta":[],"product_brand":[],"product_cat":[69,31,30],"product_tag":[283],"class_list":{"0":"post-32008","1":"product","2":"type-product","3":"status-publish","4":"has-post-thumbnail","6":"product_cat-barnspel","7":"product_cat-familjespel","8":"product_cat-sallskapsspel","9":"product_tag-coolminiornot","11":"first","12":"outofstock","13":"taxable","14":"shipping-taxable","15":"purchasable","16":"product-type-simple"},"_links":{"self":[{"href":"https:\/\/www.alltpaettkort.com\/en\/wp-json\/wp\/v2\/product\/32008","targetHints":{"allow":["GET"]}}],"collection":[{"href":"https:\/\/www.alltpaettkort.com\/en\/wp-json\/wp\/v2\/product"}],"about":[{"href":"https:\/\/www.alltpaettkort.com\/en\/wp-json\/wp\/v2\/types\/product"}],"wp:featuredmedia":[{"embeddable":true,"href":"https:\/\/www.alltpaettkort.com\/en\/wp-json\/wp\/v2\/media\/32009"}],"wp:attachment":[{"href":"https:\/\/www.alltpaettkort.com\/en\/wp-json\/wp\/v2\/media?parent=32008"}],"wp:term":[{"taxonomy":"product_brand","embeddable":true,"href":"https:\/\/www.alltpaettkort.com\/en\/wp-json\/wp\/v2\/product_brand?post=32008"},{"taxonomy":"product_cat","embeddable":true,"href":"https:\/\/www.alltpaettkort.com\/en\/wp-json\/wp\/v2\/product_cat?post=32008"},{"taxonomy":"product_tag","embeddable":true,"href":"https:\/\/www.alltpaettkort.com\/en\/wp-json\/wp\/v2\/product_tag?post=32008"}],"curies":[{"name":"wp","href":"https:\/\/api.w.org\/{rel}","templated":true}]}}