{"id":32115,"date":"2019-05-04T07:32:32","date_gmt":"2019-05-04T07:32:32","guid":{"rendered":"https:\/\/www.alltpaettkort.com\/produkt\/a-feast-for-odin\/"},"modified":"2022-01-13T08:25:38","modified_gmt":"2022-01-13T08:25:38","slug":"a-feast-for-odin","status":"publish","type":"product","link":"https:\/\/www.alltpaettkort.com\/en\/product\/a-feast-for-odin\/","title":{"rendered":"A Feast for Odin"},"content":{"rendered":"<div class=\"page\" title=\"Page 1\">\n<div class=\"layoutArea\">\n<div class=\"column\">\n<p>\u201cA Feast for Odin\u201d is a saga in the form of a board game. You are reliving the cultural achievements, mercantile expeditions, and pillages of those tribes we know as \u201cVikings\u201d today\u2014a term that was used quite differently towards the end of the rst millennium.<\/p>\n<p>When the northerners went out for a raid, they used to say they headed out for a \u201cviking.\u201d Their Scandinavian ancestors, however, were much more than just pirates. They were explorers and founders of states. Leif Eriksson is said to be the first European in America, long before Columbus.<\/p>\n<p>In what is known today as Normandy, the intruders were not called Vikings but \u201cNormans.\u201d One of them is the famous William the Conqueror who invaded England in 1066. He managed to do what the king of Norway failed to do only a few years prior: conquer the Throne of England.<\/p>\n<p>The reason why the people of these times became such strong seafarers is due to their unfortunate agricultural situation. Crop shortfalls caused great distress.<\/p>\n<p>In this game, you will raid and explore new territories. You will also experience their day-to-day activities: collecting goods to achieve a nancially secure position in society.<\/p>\n<p>In the end, the player whose possessions bear the greatest value will be declared the winner.<\/p>\n<p><strong>F\u00f6r 1-4 spelare<\/strong><br \/>\n<strong>100-120 min speltid<\/strong><br \/>\n<strong>Rekommenderad \u00e5lder: 12<br \/>\n<\/strong><strong><a href=\"http:\/\/www.zmangames.com\/uploads\/4\/7\/1\/7\/47170931\/odin_en_rules_v3.pdf\" target=\"_blank\" rel=\"noopener\">Spelets regler<\/a><a href=\"http:\/\/www.fantasyflightgames.com\/ffg_content\/mansions-of-madness\/support\/MansionsOfMadnessLoRes.pdf\" target=\"_blank\" rel=\"noopener\"><br \/>\n<\/a><a href=\"https:\/\/boardgamegeek.com\/boardgame\/177736\/feast-odin\" target=\"_blank\" rel=\"noopener\">L\u00e4s mer p\u00e5 Boardgamegeek<\/a><\/strong><\/p>\n<p>&nbsp;<\/p>\n<\/div>\n<\/div>\n<\/div>","protected":false},"excerpt":{"rendered":"<p>Ny tungviktare fr\u00e5n geniala Uwe Rosenberg, denna g\u00e5ng om det r\u00e5barkade Vikinga-livet!<\/p>","protected":false},"featured_media":32116,"template":"","meta":[],"product_brand":[],"product_cat":[17],"product_tag":[384,57],"class_list":{"0":"post-32115","1":"product","2":"type-product","3":"status-publish","4":"has-post-thumbnail","6":"product_cat-strategispel","7":"product_tag-a-feast-for-odin","8":"product_tag-z-man-games","10":"first","11":"outofstock","12":"taxable","13":"shipping-taxable","14":"purchasable","15":"product-type-simple"},"_links":{"self":[{"href":"https:\/\/www.alltpaettkort.com\/en\/wp-json\/wp\/v2\/product\/32115","targetHints":{"allow":["GET"]}}],"collection":[{"href":"https:\/\/www.alltpaettkort.com\/en\/wp-json\/wp\/v2\/product"}],"about":[{"href":"https:\/\/www.alltpaettkort.com\/en\/wp-json\/wp\/v2\/types\/product"}],"wp:featuredmedia":[{"embeddable":true,"href":"https:\/\/www.alltpaettkort.com\/en\/wp-json\/wp\/v2\/media\/32116"}],"wp:attachment":[{"href":"https:\/\/www.alltpaettkort.com\/en\/wp-json\/wp\/v2\/media?parent=32115"}],"wp:term":[{"taxonomy":"product_brand","embeddable":true,"href":"https:\/\/www.alltpaettkort.com\/en\/wp-json\/wp\/v2\/product_brand?post=32115"},{"taxonomy":"product_cat","embeddable":true,"href":"https:\/\/www.alltpaettkort.com\/en\/wp-json\/wp\/v2\/product_cat?post=32115"},{"taxonomy":"product_tag","embeddable":true,"href":"https:\/\/www.alltpaettkort.com\/en\/wp-json\/wp\/v2\/product_tag?post=32115"}],"curies":[{"name":"wp","href":"https:\/\/api.w.org\/{rel}","templated":true}]}}