{"id":32169,"date":"2016-09-14T07:58:29","date_gmt":"2016-09-14T07:58:29","guid":{"rendered":"https:\/\/www.alltpaettkort.com\/produkt\/seafall\/"},"modified":"2022-01-13T08:25:39","modified_gmt":"2022-01-13T08:25:39","slug":"seafall","status":"publish","type":"product","link":"https:\/\/www.alltpaettkort.com\/en\/product\/seafall\/","title":{"rendered":"SeaFall"},"content":{"rendered":"<p><em>SeaFall<\/em>\u00a0is a 4X-inspired game (without player elimination\/extermination) set in an &#8221;age of sail&#8221; world reminiscent of our world.<\/p>\n<p>In\u00a0<em>SeaFall<\/em>, the world is starting to claw its way out of a dark age and has begun to rediscover seafaring technology. Players take on the role of a mainland empire that consults with a consortium of advisors to discover new islands, explore those islands, develop trade, send out raiding parties, take part in ship-to-ship combat, and more. As in\u00a0<em>Risk Legacy<\/em>\u00a0and\u00a0<em>Pandemic Legacy<\/em>, co-designed by Rob Daviau,\u00a0<em>SeaFall<\/em>\u00a0evolves as the game is played, setting their grudges into the history of the game and building a different narrative at every table as players open up the world.<\/p>\n<p><strong>F\u00f6r 3-5\u00a0spelare<\/strong><br \/>\n<strong>90-120 min speltid<\/strong><br \/>\n<strong>Rekommenderad \u00e5lder: 14 <\/strong><strong><a href=\"http:\/\/www.fantasyflightgames.com\/ffg_content\/mansions-of-madness\/support\/MansionsOfMadnessLoRes.pdf\" target=\"_blank\" rel=\"noopener\"><br \/>\n<\/a><a href=\"https:\/\/boardgamegeek.com\/boardgame\/148261\/seafall\" target=\"_blank\" rel=\"noopener\">L\u00e4s mer p\u00e5 Boardgamegeek<\/a><\/strong><\/p>","protected":false},"excerpt":{"rendered":"<p>Episkt och st\u00e4ndigt f\u00f6r\u00e4nderligt strategispel p\u00e5 det krigsh\u00e4rjade\u00a0bl\u00e5 fr\u00e5n Rob Daviau, mannen bakom Pandemic: Legacy!<\/p>","protected":false},"featured_media":32170,"template":"","meta":[],"product_brand":[],"product_cat":[34,17],"product_tag":[78],"class_list":{"0":"post-32169","1":"product","2":"type-product","3":"status-publish","4":"has-post-thumbnail","6":"product_cat-aventyrsspel","7":"product_cat-strategispel","8":"product_tag-plaid-hat-games","10":"first","11":"outofstock","12":"taxable","13":"shipping-taxable","14":"purchasable","15":"product-type-simple"},"_links":{"self":[{"href":"https:\/\/www.alltpaettkort.com\/en\/wp-json\/wp\/v2\/product\/32169","targetHints":{"allow":["GET"]}}],"collection":[{"href":"https:\/\/www.alltpaettkort.com\/en\/wp-json\/wp\/v2\/product"}],"about":[{"href":"https:\/\/www.alltpaettkort.com\/en\/wp-json\/wp\/v2\/types\/product"}],"wp:featuredmedia":[{"embeddable":true,"href":"https:\/\/www.alltpaettkort.com\/en\/wp-json\/wp\/v2\/media\/32170"}],"wp:attachment":[{"href":"https:\/\/www.alltpaettkort.com\/en\/wp-json\/wp\/v2\/media?parent=32169"}],"wp:term":[{"taxonomy":"product_brand","embeddable":true,"href":"https:\/\/www.alltpaettkort.com\/en\/wp-json\/wp\/v2\/product_brand?post=32169"},{"taxonomy":"product_cat","embeddable":true,"href":"https:\/\/www.alltpaettkort.com\/en\/wp-json\/wp\/v2\/product_cat?post=32169"},{"taxonomy":"product_tag","embeddable":true,"href":"https:\/\/www.alltpaettkort.com\/en\/wp-json\/wp\/v2\/product_tag?post=32169"}],"curies":[{"name":"wp","href":"https:\/\/api.w.org\/{rel}","templated":true}]}}