{"id":32185,"date":"2016-10-16T21:17:08","date_gmt":"2016-10-16T21:17:08","guid":{"rendered":"https:\/\/www.alltpaettkort.com\/produkt\/mystic-vale-vale-of-magic\/"},"modified":"2022-01-13T08:25:41","modified_gmt":"2022-01-13T08:25:41","slug":"mystic-vale-vale-of-magic","status":"publish","type":"product","link":"https:\/\/www.alltpaettkort.com\/en\/product\/mystic-vale-vale-of-magic\/","title":{"rendered":"Mystic Vale: Vale of Magic"},"content":{"rendered":"<p>Mystic Vale: Vale of Magic introduces 54 new advancement cards and 18 vale cards to the Mystic Vale base game, expanding player\u2019s options and opening up new crafting combinations. This expansion is designed to be mixed straight into the base game, introduces effects that trigger \u201cwhen bought\u201d on some of the vale cards, and has a slight emphasis on Guardian power on the card advancements.<\/p>\n<p><strong><a href=\"https:\/\/boardgamegeek.com\/boardgameexpansion\/207591\/mystic-vale-vale-magic\" target=\"_blank\" rel=\"noopener\">L\u00e4s mer p\u00e5 Boardgamegeek<\/a><\/strong><\/p>","protected":false},"excerpt":{"rendered":"<p>Expansion till Mystic Vale med massor av efterl\u00e4ngtad variation som bara \u00e4r att blanda in grundspelet och k\u00f6ra loss!<\/p>","protected":false},"featured_media":32186,"template":"","meta":[],"product_brand":[],"product_cat":[43],"product_tag":[104,374],"class_list":{"0":"post-32185","1":"product","2":"type-product","3":"status-publish","4":"has-post-thumbnail","6":"product_cat-expansion","7":"product_tag-aeg","8":"product_tag-mystic-vale","10":"first","11":"outofstock","12":"taxable","13":"shipping-taxable","14":"purchasable","15":"product-type-simple"},"_links":{"self":[{"href":"https:\/\/www.alltpaettkort.com\/en\/wp-json\/wp\/v2\/product\/32185","targetHints":{"allow":["GET"]}}],"collection":[{"href":"https:\/\/www.alltpaettkort.com\/en\/wp-json\/wp\/v2\/product"}],"about":[{"href":"https:\/\/www.alltpaettkort.com\/en\/wp-json\/wp\/v2\/types\/product"}],"wp:featuredmedia":[{"embeddable":true,"href":"https:\/\/www.alltpaettkort.com\/en\/wp-json\/wp\/v2\/media\/32186"}],"wp:attachment":[{"href":"https:\/\/www.alltpaettkort.com\/en\/wp-json\/wp\/v2\/media?parent=32185"}],"wp:term":[{"taxonomy":"product_brand","embeddable":true,"href":"https:\/\/www.alltpaettkort.com\/en\/wp-json\/wp\/v2\/product_brand?post=32185"},{"taxonomy":"product_cat","embeddable":true,"href":"https:\/\/www.alltpaettkort.com\/en\/wp-json\/wp\/v2\/product_cat?post=32185"},{"taxonomy":"product_tag","embeddable":true,"href":"https:\/\/www.alltpaettkort.com\/en\/wp-json\/wp\/v2\/product_tag?post=32185"}],"curies":[{"name":"wp","href":"https:\/\/api.w.org\/{rel}","templated":true}]}}