{"id":32210,"date":"2017-04-19T10:23:36","date_gmt":"2017-04-19T10:23:36","guid":{"rendered":"https:\/\/www.alltpaettkort.com\/produkt\/dream-home\/"},"modified":"2022-01-13T08:25:42","modified_gmt":"2022-01-13T08:25:42","slug":"dream-home","status":"publish","type":"product","link":"https:\/\/www.alltpaettkort.com\/en\/product\/dream-home\/","title":{"rendered":"Dream Home"},"content":{"rendered":"<p>What would your house look like? Would you rather have a huge bedroom with an elegant canopy bed or a spacious living room with a grand piano? You are going to play a part of designers who will plan a house and add more and more rooms to it.<\/p>\n<p><em>Dream Home<\/em>\u00a0is a family game about building and furnishing your new house. Over twelve rounds, players collect pairs of cards consisting of a room card and an accessory card (roof, helper, furnishing or tool) and place them on their personal boards, creating their dream homes.<\/p>\n<p>At the end of the game, all players\u2019 houses are finished and fully furnished. Players compare their houses, counting points for functionality, good design, quality of roof and furnishing. The player with the nicest and most comfortable house wins.<\/p>\n<p><strong>F\u00f6r 2-4 spelare<\/strong><br \/>\n<strong>20-40 min speltid<\/strong><br \/>\n<strong>Rekommenderad \u00e5lder: 7 <\/strong><strong><a href=\"http:\/\/www.fantasyflightgames.com\/ffg_content\/mansions-of-madness\/support\/MansionsOfMadnessLoRes.pdf\" target=\"_blank\" rel=\"noopener\"><br \/>\n<\/a><a href=\"https:\/\/boardgamegeek.com\/boardgame\/194880\/dream-home\" target=\"_blank\" rel=\"noopener\">L\u00e4s mer p\u00e5 Boardgamegeek<\/a><\/strong><\/p>","protected":false},"excerpt":{"rendered":"<p>Tr\u00f6tt p\u00e5 att dr\u00e4pa drakar och k\u00f6tta\u00a0ner zombies? I uppfriskande\u00a0Dream Home f\u00e5r du chansen att ta fram din inre Ernst och skapa ditt dr\u00f6mhem! Du vet att du vill.<\/p>","protected":false},"featured_media":32211,"template":"","meta":[],"product_brand":[],"product_cat":[31,63],"product_tag":[386],"class_list":{"0":"post-32210","1":"product","2":"type-product","3":"status-publish","4":"has-post-thumbnail","6":"product_cat-familjespel","7":"product_cat-kortspel","8":"product_tag-rebel-pl","10":"first","11":"outofstock","12":"taxable","13":"shipping-taxable","14":"purchasable","15":"product-type-simple"},"_links":{"self":[{"href":"https:\/\/www.alltpaettkort.com\/en\/wp-json\/wp\/v2\/product\/32210","targetHints":{"allow":["GET"]}}],"collection":[{"href":"https:\/\/www.alltpaettkort.com\/en\/wp-json\/wp\/v2\/product"}],"about":[{"href":"https:\/\/www.alltpaettkort.com\/en\/wp-json\/wp\/v2\/types\/product"}],"wp:featuredmedia":[{"embeddable":true,"href":"https:\/\/www.alltpaettkort.com\/en\/wp-json\/wp\/v2\/media\/32211"}],"wp:attachment":[{"href":"https:\/\/www.alltpaettkort.com\/en\/wp-json\/wp\/v2\/media?parent=32210"}],"wp:term":[{"taxonomy":"product_brand","embeddable":true,"href":"https:\/\/www.alltpaettkort.com\/en\/wp-json\/wp\/v2\/product_brand?post=32210"},{"taxonomy":"product_cat","embeddable":true,"href":"https:\/\/www.alltpaettkort.com\/en\/wp-json\/wp\/v2\/product_cat?post=32210"},{"taxonomy":"product_tag","embeddable":true,"href":"https:\/\/www.alltpaettkort.com\/en\/wp-json\/wp\/v2\/product_tag?post=32210"}],"curies":[{"name":"wp","href":"https:\/\/api.w.org\/{rel}","templated":true}]}}