{"id":32244,"date":"2016-10-24T11:13:20","date_gmt":"2016-10-24T11:13:20","guid":{"rendered":"https:\/\/www.alltpaettkort.com\/produkt\/codenames-pictures-svensk-utgava\/"},"modified":"2022-01-13T08:25:43","modified_gmt":"2022-01-13T08:25:43","slug":"codenames-pictures-svensk-utgava","status":"publish","type":"product","link":"https:\/\/www.alltpaettkort.com\/en\/product\/codenames-pictures-svensk-utgava\/","title":{"rendered":"Codenames: Pictures (svensk utg\u00e5va)"},"content":{"rendered":"<p>What are these strange symbols on the map? They are code for locations where spies must contact secret agents!<\/p>\n<p>Two rival spymasters know the agent in each location. They deliver coded messages telling their field operatives where to go for clandestine meetings. Operatives must be clever. A decoding mistake could lead to an unpleasant encounter with an enemy agent \u2013 or worse, with the assassin! Both teams race to contact all their agents, but only one team can win.<\/p>\n<p><em>Codenames: Pictures<\/em>\u00a0differs from the original\u00a0<em>Codenames<\/em>\u00a0in that the agents are no longer represented by a single word, but by an image that contains multiple elements.<\/p>\n<p><strong>F\u00f6r 2-8 spelare<\/strong><br \/>\n<strong>10-20 min speltid<\/strong><br \/>\n<strong>Rekommenderad \u00e5lder: 10 <\/strong><strong><a href=\"http:\/\/cmon.com\/wp-content\/uploads\/2015\/02\/BR-Rulebook-Preview.pdf\" target=\"_blank\" rel=\"noopener\"><br \/>\n<\/a><a href=\"https:\/\/boardgamegeek.com\/boardgame\/198773\/codenames-pictures\" target=\"_blank\" rel=\"noopener\">L\u00e4s mer p\u00e5 Boardgamegeek<\/a><\/strong><\/p>","protected":false},"excerpt":{"rendered":"<p>Det v\u00e5ldsamt popul\u00e4ra Codenames \u00e4r tillbaka i en superstilig bildutg\u00e5va som faktiskt g\u00f6r gissandet \u00e4nnu roligare och utmanande! Nu dessutom i en nordisk utg\u00e5va p\u00e5 svenska!<\/p>","protected":false},"featured_media":32245,"template":"","meta":[],"product_brand":[],"product_cat":[38,30],"product_tag":[136],"class_list":{"0":"post-32244","1":"product","2":"type-product","3":"status-publish","4":"has-post-thumbnail","6":"product_cat-partyspel","7":"product_cat-sallskapsspel","8":"product_tag-czech-games-edition","10":"first","11":"outofstock","12":"taxable","13":"shipping-taxable","14":"purchasable","15":"product-type-simple"},"_links":{"self":[{"href":"https:\/\/www.alltpaettkort.com\/en\/wp-json\/wp\/v2\/product\/32244","targetHints":{"allow":["GET"]}}],"collection":[{"href":"https:\/\/www.alltpaettkort.com\/en\/wp-json\/wp\/v2\/product"}],"about":[{"href":"https:\/\/www.alltpaettkort.com\/en\/wp-json\/wp\/v2\/types\/product"}],"wp:featuredmedia":[{"embeddable":true,"href":"https:\/\/www.alltpaettkort.com\/en\/wp-json\/wp\/v2\/media\/32245"}],"wp:attachment":[{"href":"https:\/\/www.alltpaettkort.com\/en\/wp-json\/wp\/v2\/media?parent=32244"}],"wp:term":[{"taxonomy":"product_brand","embeddable":true,"href":"https:\/\/www.alltpaettkort.com\/en\/wp-json\/wp\/v2\/product_brand?post=32244"},{"taxonomy":"product_cat","embeddable":true,"href":"https:\/\/www.alltpaettkort.com\/en\/wp-json\/wp\/v2\/product_cat?post=32244"},{"taxonomy":"product_tag","embeddable":true,"href":"https:\/\/www.alltpaettkort.com\/en\/wp-json\/wp\/v2\/product_tag?post=32244"}],"curies":[{"name":"wp","href":"https:\/\/api.w.org\/{rel}","templated":true}]}}