{"id":32286,"date":"2016-09-29T08:24:12","date_gmt":"2016-09-29T08:24:12","guid":{"rendered":"https:\/\/www.alltpaettkort.com\/produkt\/key-to-the-city-london\/"},"modified":"2022-01-13T08:25:47","modified_gmt":"2022-01-13T08:25:47","slug":"key-to-the-city-london","status":"publish","type":"product","link":"https:\/\/www.alltpaettkort.com\/en\/product\/key-to-the-city-london\/","title":{"rendered":"Key to the City \u2013 London"},"content":{"rendered":"<p>In\u00a0<em>Key to the City \u2013 London<\/em>, each player aims to develop their own London borough based around their home tile, using the large hexagonal location tiles. Each location tile gives victory points and may generate resources (skill tiles or connectors that connect two location tiles). Connectors and skill tiles can be used to upgrade location tiles for additional victory points and productivity.<\/p>\n<p>The game is played over four eras, and in each era, new location tiles will be available for bidding. In both era 1 and 2, these tiles consist of six resource-generating tiles, plus some additional building tiles. In era 3, there will be only building tiles, which arrive already upgraded. In era 4, some of the Routemaster tiles become available.<\/p>\n<p>On their turn, a player chooses one of five actions. They may use one or more of their team of wooden workers (&#8221;keyples&#8221;) to (1) bid for a location tile, (2) use a location tile to generate resources, or (3) upgrade a location. They may (4) pass, in which case they may play again in that era, or (5) cease playing in that era by setting off in their sailing barge along the Thames. The game finishes after the last river barge sets sail at the end of era 4, at which point the player with the most victory points wins.<\/p>\n<p><em>Key to the City \u2013 London<\/em>\u00a0has similarities in structure to the award-winning 2012 R&amp;D game\u00a0<em>Keyflower<\/em>.<\/p>\n<p><strong>F\u00f6r 2-6 spelare<\/strong><br \/>\n<strong>90-120 min speltid<\/strong><br \/>\n<strong>Rekommenderad \u00e5lder: 14 <\/strong><br \/>\n<strong><a href=\"https:\/\/boardgamegeek.com\/file\/download\/tk1puv7mw2\/160802_KCL_English_rules_q_LF_small.pdf\" target=\"_blank\" rel=\"noopener\">Spelets regler<\/a><\/strong><br \/>\n<strong><a href=\"https:\/\/boardgamegeek.com\/boardgame\/205507\/key-city-london\" target=\"_blank\" rel=\"noopener\">L\u00e4s mer p\u00e5 Boardgamegeek<\/a><\/strong><\/p>","protected":false},"excerpt":{"rendered":"<p>Stekhett stadsbyggarespel fr\u00e5n \u00e5rets Essen-m\u00e4ssa! En\u00a0v\u00e4ldigt sp\u00e4nnande\u00a0och lite mer l\u00e4ttspelad\u00a0vidareutveckling av det\u00a0\u00e4lskade Keyflower!<\/p>","protected":false},"featured_media":32287,"template":"","meta":[],"product_brand":[],"product_cat":[29,17],"product_tag":[184],"class_list":{"0":"post-32286","1":"product","2":"type-product","3":"status-publish","4":"has-post-thumbnail","6":"product_cat-eurospel","7":"product_cat-strategispel","8":"product_tag-huch","10":"first","11":"outofstock","12":"taxable","13":"shipping-taxable","14":"purchasable","15":"product-type-simple"},"_links":{"self":[{"href":"https:\/\/www.alltpaettkort.com\/en\/wp-json\/wp\/v2\/product\/32286","targetHints":{"allow":["GET"]}}],"collection":[{"href":"https:\/\/www.alltpaettkort.com\/en\/wp-json\/wp\/v2\/product"}],"about":[{"href":"https:\/\/www.alltpaettkort.com\/en\/wp-json\/wp\/v2\/types\/product"}],"wp:featuredmedia":[{"embeddable":true,"href":"https:\/\/www.alltpaettkort.com\/en\/wp-json\/wp\/v2\/media\/32287"}],"wp:attachment":[{"href":"https:\/\/www.alltpaettkort.com\/en\/wp-json\/wp\/v2\/media?parent=32286"}],"wp:term":[{"taxonomy":"product_brand","embeddable":true,"href":"https:\/\/www.alltpaettkort.com\/en\/wp-json\/wp\/v2\/product_brand?post=32286"},{"taxonomy":"product_cat","embeddable":true,"href":"https:\/\/www.alltpaettkort.com\/en\/wp-json\/wp\/v2\/product_cat?post=32286"},{"taxonomy":"product_tag","embeddable":true,"href":"https:\/\/www.alltpaettkort.com\/en\/wp-json\/wp\/v2\/product_tag?post=32286"}],"curies":[{"name":"wp","href":"https:\/\/api.w.org\/{rel}","templated":true}]}}