{"id":32294,"date":"2016-10-29T09:22:51","date_gmt":"2016-10-29T09:22:51","guid":{"rendered":"https:\/\/www.alltpaettkort.com\/produkt\/the-great-dinosaur-rush\/"},"modified":"2022-01-13T08:25:48","modified_gmt":"2022-01-13T08:25:48","slug":"the-great-dinosaur-rush","status":"publish","type":"product","link":"https:\/\/www.alltpaettkort.com\/en\/product\/the-great-dinosaur-rush\/","title":{"rendered":"The Great Dinosaur Rush"},"content":{"rendered":"<p>The Great Dinosaur Rush \u2014 or the Bone Wars, as it&#8217;s otherwise called \u2014 was a period of incredible advancement in paleontology (i.e., the discovery of fossils).<\/p>\n<p>In\u00a0<em>The Great Dinosaur Rush<\/em>, players compete to grab bones from the best dig sites, and build new dinosaurs for prestigious museums, gaining notoriety in the process by stealing bones, sabotaging dig sites, and otherwise impeding your fellow paleontologists.<\/p>\n<p>The game is played over turns, each with two main phases: dig and build. During the dig phase, players collect different-colored bones from dig sites and perform actions. Some dirty actions give players secret notoriety tokens. Notoriety adds to players&#8217; scores at the end of the game, but having the MOST notoriety SUBTRACTS from the score! During the build phase, players create their dinosaurs from the bones they collected, maximizing them to score points in various museum categories: length, size, height, ferociousness, etc.<\/p>\n<p>You&#8217;ll have to play dirty if you want to win \u2014 just not\u00a0<em>too<\/em>\u00a0dirty!<\/p>\n<p><strong>F\u00f6r 2-5 spelare<\/strong><br \/>\n<strong>60 min speltid<\/strong><br \/>\n<strong>Rekommenderad \u00e5lder: 10 <\/strong><br \/>\n<strong><a href=\"https:\/\/boardgamegeek.com\/boardgame\/179071\/great-dinosaur-rush\" target=\"_blank\" rel=\"noopener\">L\u00e4s mer p\u00e5 Boardgamegeek<\/a><\/strong><\/p>","protected":false},"excerpt":{"rendered":"<p>Vansinnigt charmigt arkeologispel (i stor brist p\u00e5 b\u00e4ttre ord) om att gr\u00e4va upp dinosaurieben, l\u00e4gga rikligt med krokben f\u00f6r dina kollegor, och bygga\u00a0helt\u00a0nya j\u00e4tte\u00f6dlor!<\/p>","protected":false},"featured_media":32295,"template":"","meta":[],"product_brand":[],"product_cat":[30,17],"product_tag":[168],"class_list":{"0":"post-32294","1":"product","2":"type-product","3":"status-publish","4":"has-post-thumbnail","6":"product_cat-sallskapsspel","7":"product_cat-strategispel","8":"product_tag-ape-games","10":"first","11":"outofstock","12":"taxable","13":"shipping-taxable","14":"purchasable","15":"product-type-simple"},"_links":{"self":[{"href":"https:\/\/www.alltpaettkort.com\/en\/wp-json\/wp\/v2\/product\/32294","targetHints":{"allow":["GET"]}}],"collection":[{"href":"https:\/\/www.alltpaettkort.com\/en\/wp-json\/wp\/v2\/product"}],"about":[{"href":"https:\/\/www.alltpaettkort.com\/en\/wp-json\/wp\/v2\/types\/product"}],"wp:featuredmedia":[{"embeddable":true,"href":"https:\/\/www.alltpaettkort.com\/en\/wp-json\/wp\/v2\/media\/32295"}],"wp:attachment":[{"href":"https:\/\/www.alltpaettkort.com\/en\/wp-json\/wp\/v2\/media?parent=32294"}],"wp:term":[{"taxonomy":"product_brand","embeddable":true,"href":"https:\/\/www.alltpaettkort.com\/en\/wp-json\/wp\/v2\/product_brand?post=32294"},{"taxonomy":"product_cat","embeddable":true,"href":"https:\/\/www.alltpaettkort.com\/en\/wp-json\/wp\/v2\/product_cat?post=32294"},{"taxonomy":"product_tag","embeddable":true,"href":"https:\/\/www.alltpaettkort.com\/en\/wp-json\/wp\/v2\/product_tag?post=32294"}],"curies":[{"name":"wp","href":"https:\/\/api.w.org\/{rel}","templated":true}]}}