{"id":32480,"date":"2016-11-16T11:34:53","date_gmt":"2016-11-16T11:34:53","guid":{"rendered":"https:\/\/www.alltpaettkort.com\/produkt\/fabled-fruit\/"},"modified":"2022-01-13T08:25:52","modified_gmt":"2022-01-13T08:25:52","slug":"fabled-fruit","status":"publish","type":"product","link":"https:\/\/www.alltpaettkort.com\/en\/product\/fabled-fruit\/","title":{"rendered":"Fabled Fruit"},"content":{"rendered":"<p><em>Once upon a time there was a marvelous forest full of gorgeous fruits. These fruits could be squeezed and mixed into the most delicious juices&#8230;<\/em><\/p>\n<p>You live in this forest and are in search of the most savory fruits. Friendly forest dwellers will help you in different ways&#8230;<\/p>\n<p>You are greedy and thirsty. Who will be the first to satisfy their appetite for\u00a0<em>Fabled Fruit?<\/em><\/p>\n<p><em>Fabled Fruit<\/em>\u00a0is a\u00a0<em>Fable<\/em>\u00a0game, a new and unique concept in game experiences, where the gameplay changes over time. The game starts in an initial, simple state, but as you explore deeper into the game system, the mechanisms and gameplay will evolve over time.<\/p>\n<p>You play the game many times, and each play changes the game slightly. Unlike in a\u00a0<em>Legacy<\/em>\u00a0game, however, the game is never permanently changed. At any time you may easily restart a Fable game from the beginning, either after you have run through the entire game system, or at any time during the many plays you will get from this game system. This\u00a0<em>Fable<\/em>\u00a0Game will remain just as playable on the 20th play as it was on the first plays of the game.<\/p>\n<p><strong>F\u00f6r 2-5 spelare<\/strong><br \/>\n<strong>20-30 min speltid<\/strong><br \/>\n<strong>Rekommenderad \u00e5lder: 8 <\/strong><br \/>\n<strong><a href=\"https:\/\/boardgamegeek.com\/boardgame\/203427\/fabled-fruit\" target=\"_blank\" rel=\"noopener\">L\u00e4s mer p\u00e5 Boardgamegeek<\/a><\/strong><\/p>\n<p>Se Man vs Meeples f\u00f6rtr\u00e4ffliga recension av spelet h\u00e4r nedan!<br \/>\n<iframe width=\"560\" height=\"315\" src=\"https:\/\/www.youtube.com\/embed\/SRoIpQi-jSA\" frameborder=\"0\" allowfullscreen><\/iframe><\/p>","protected":false},"excerpt":{"rendered":"<p>Fantastiskt charmigt kortspel om att mixa ihop\u00a0delikata frukter d\u00e4r varje spelomg\u00e5ng blir unik!<\/p>","protected":false},"featured_media":32481,"template":"","meta":[],"product_brand":[],"product_cat":[69,31,63,30],"product_tag":[117],"class_list":{"0":"post-32480","1":"product","2":"type-product","3":"status-publish","4":"has-post-thumbnail","6":"product_cat-barnspel","7":"product_cat-familjespel","8":"product_cat-kortspel","9":"product_cat-sallskapsspel","10":"product_tag-stronghold-games","12":"first","13":"outofstock","14":"taxable","15":"shipping-taxable","16":"purchasable","17":"product-type-simple"},"_links":{"self":[{"href":"https:\/\/www.alltpaettkort.com\/en\/wp-json\/wp\/v2\/product\/32480","targetHints":{"allow":["GET"]}}],"collection":[{"href":"https:\/\/www.alltpaettkort.com\/en\/wp-json\/wp\/v2\/product"}],"about":[{"href":"https:\/\/www.alltpaettkort.com\/en\/wp-json\/wp\/v2\/types\/product"}],"wp:featuredmedia":[{"embeddable":true,"href":"https:\/\/www.alltpaettkort.com\/en\/wp-json\/wp\/v2\/media\/32481"}],"wp:attachment":[{"href":"https:\/\/www.alltpaettkort.com\/en\/wp-json\/wp\/v2\/media?parent=32480"}],"wp:term":[{"taxonomy":"product_brand","embeddable":true,"href":"https:\/\/www.alltpaettkort.com\/en\/wp-json\/wp\/v2\/product_brand?post=32480"},{"taxonomy":"product_cat","embeddable":true,"href":"https:\/\/www.alltpaettkort.com\/en\/wp-json\/wp\/v2\/product_cat?post=32480"},{"taxonomy":"product_tag","embeddable":true,"href":"https:\/\/www.alltpaettkort.com\/en\/wp-json\/wp\/v2\/product_tag?post=32480"}],"curies":[{"name":"wp","href":"https:\/\/api.w.org\/{rel}","templated":true}]}}