{"id":32486,"date":"2016-11-16T13:43:07","date_gmt":"2016-11-16T13:43:07","guid":{"rendered":"https:\/\/www.alltpaettkort.com\/produkt\/codex-card-time-strategy-core-set\/"},"modified":"2022-01-13T08:25:53","modified_gmt":"2022-01-13T08:25:53","slug":"codex-card-time-strategy-core-set","status":"publish","type":"product","link":"https:\/\/www.alltpaettkort.com\/en\/product\/codex-card-time-strategy-core-set\/","title":{"rendered":"Codex: Card-Time Strategy Core Set"},"content":{"rendered":"<p><em>Codex: Card-Time Strategy<\/em>\u00a0is a customizable, non-collectable card game set in the Fantasy Strike universe that&#8217;s inspired by real-time strategy video games such as\u00a0<em>Starcraft<\/em>\u00a0and\u00a0<em>Warcraft 3<\/em>. Players each control three different heroes and have access to a tech tree that allows them to use different strategies each time they play.<\/p>\n<p>The goal of the game is to destroy the opponent&#8217;s base. To do this, players build up an army of units and heroes. Players determine the exact composition of their armies as they play by adding cards to their deck based on the tech they&#8217;ve chosen to pursue.<\/p>\n<p>F\u00f6r 2-5 spelare<br \/>\n45\u00a0min speltid<br \/>\nRekommenderad \u00e5lder: 13<br \/>\n<strong><a href=\"https:\/\/boardgamegeek.com\/boardgame\/131111\/codex-card-time-strategy\" target=\"_blank\" rel=\"noopener\">L\u00e4s mer p\u00e5 Boardgamegeek<\/a><\/strong><\/p>","protected":false},"excerpt":{"rendered":"<p>Ett riktigt fascinerande non-collectable kortspel fr\u00e5n Sirlin Games som f\u00e5tt ett oerh\u00f6rt varmt mottagande!<\/p>","protected":false},"featured_media":32487,"template":"","meta":[],"product_brand":[],"product_cat":[63],"product_tag":[391],"class_list":{"0":"post-32486","1":"product","2":"type-product","3":"status-publish","4":"has-post-thumbnail","6":"product_cat-kortspel","7":"product_tag-sirlin-games","9":"first","10":"outofstock","11":"taxable","12":"shipping-taxable","13":"purchasable","14":"product-type-simple"},"_links":{"self":[{"href":"https:\/\/www.alltpaettkort.com\/en\/wp-json\/wp\/v2\/product\/32486","targetHints":{"allow":["GET"]}}],"collection":[{"href":"https:\/\/www.alltpaettkort.com\/en\/wp-json\/wp\/v2\/product"}],"about":[{"href":"https:\/\/www.alltpaettkort.com\/en\/wp-json\/wp\/v2\/types\/product"}],"wp:featuredmedia":[{"embeddable":true,"href":"https:\/\/www.alltpaettkort.com\/en\/wp-json\/wp\/v2\/media\/32487"}],"wp:attachment":[{"href":"https:\/\/www.alltpaettkort.com\/en\/wp-json\/wp\/v2\/media?parent=32486"}],"wp:term":[{"taxonomy":"product_brand","embeddable":true,"href":"https:\/\/www.alltpaettkort.com\/en\/wp-json\/wp\/v2\/product_brand?post=32486"},{"taxonomy":"product_cat","embeddable":true,"href":"https:\/\/www.alltpaettkort.com\/en\/wp-json\/wp\/v2\/product_cat?post=32486"},{"taxonomy":"product_tag","embeddable":true,"href":"https:\/\/www.alltpaettkort.com\/en\/wp-json\/wp\/v2\/product_tag?post=32486"}],"curies":[{"name":"wp","href":"https:\/\/api.w.org\/{rel}","templated":true}]}}