{"id":32490,"date":"2016-10-18T09:54:51","date_gmt":"2016-10-18T09:54:51","guid":{"rendered":"https:\/\/www.alltpaettkort.com\/produkt\/scythe-metal-coins\/"},"modified":"2022-01-13T08:25:54","modified_gmt":"2022-01-13T08:25:54","slug":"scythe-metal-coins","status":"publish","type":"product","link":"https:\/\/www.alltpaettkort.com\/en\/product\/scythe-metal-coins\/","title":{"rendered":"Scythe: Metal Coins"},"content":{"rendered":"","protected":false},"excerpt":{"rendered":"<p>Sansl\u00f6st fina mynt i metal till Scythe med mycket tillfredsst\u00e4llande klirr!\u00a0Passar \u00e4ven utm\u00e4rkt att anv\u00e4ndas till andra\u00a0spel som du \u00f6nskar lyxa till lite.<\/p>","protected":false},"featured_media":32491,"template":"","meta":[],"product_brand":[],"product_cat":[103],"product_tag":[352,263],"class_list":{"0":"post-32490","1":"product","2":"type-product","3":"status-publish","4":"has-post-thumbnail","6":"product_cat-tillbehor","7":"product_tag-scythe","8":"product_tag-stonemaier-games","10":"first","11":"outofstock","12":"taxable","13":"shipping-taxable","14":"purchasable","15":"product-type-simple"},"_links":{"self":[{"href":"https:\/\/www.alltpaettkort.com\/en\/wp-json\/wp\/v2\/product\/32490","targetHints":{"allow":["GET"]}}],"collection":[{"href":"https:\/\/www.alltpaettkort.com\/en\/wp-json\/wp\/v2\/product"}],"about":[{"href":"https:\/\/www.alltpaettkort.com\/en\/wp-json\/wp\/v2\/types\/product"}],"wp:featuredmedia":[{"embeddable":true,"href":"https:\/\/www.alltpaettkort.com\/en\/wp-json\/wp\/v2\/media\/32491"}],"wp:attachment":[{"href":"https:\/\/www.alltpaettkort.com\/en\/wp-json\/wp\/v2\/media?parent=32490"}],"wp:term":[{"taxonomy":"product_brand","embeddable":true,"href":"https:\/\/www.alltpaettkort.com\/en\/wp-json\/wp\/v2\/product_brand?post=32490"},{"taxonomy":"product_cat","embeddable":true,"href":"https:\/\/www.alltpaettkort.com\/en\/wp-json\/wp\/v2\/product_cat?post=32490"},{"taxonomy":"product_tag","embeddable":true,"href":"https:\/\/www.alltpaettkort.com\/en\/wp-json\/wp\/v2\/product_tag?post=32490"}],"curies":[{"name":"wp","href":"https:\/\/api.w.org\/{rel}","templated":true}]}}