{"id":32492,"date":"2016-10-18T10:06:34","date_gmt":"2016-10-18T10:06:34","guid":{"rendered":"https:\/\/www.alltpaettkort.com\/produkt\/scythe-board-game-extension\/"},"modified":"2022-01-13T08:25:54","modified_gmt":"2022-01-13T08:25:54","slug":"scythe-board-game-extension","status":"publish","type":"product","link":"https:\/\/www.alltpaettkort.com\/en\/product\/scythe-board-game-extension\/","title":{"rendered":"Scythe: Board Game Extension"},"content":{"rendered":"","protected":false},"excerpt":{"rendered":"<p>Ju st\u00f6rre desto b\u00e4ttre! F\u00f6rvandla spelplanen till Scythe till ett gigantiskt vackert slagf\u00e4lt f\u00f6r den r\u00e4tta episka k\u00e4nslan!<\/p>","protected":false},"featured_media":32493,"template":"","meta":[],"product_brand":[],"product_cat":[103],"product_tag":[352,263],"class_list":{"0":"post-32492","1":"product","2":"type-product","3":"status-publish","4":"has-post-thumbnail","6":"product_cat-tillbehor","7":"product_tag-scythe","8":"product_tag-stonemaier-games","10":"first","11":"outofstock","12":"taxable","13":"shipping-taxable","14":"purchasable","15":"product-type-simple"},"_links":{"self":[{"href":"https:\/\/www.alltpaettkort.com\/en\/wp-json\/wp\/v2\/product\/32492","targetHints":{"allow":["GET"]}}],"collection":[{"href":"https:\/\/www.alltpaettkort.com\/en\/wp-json\/wp\/v2\/product"}],"about":[{"href":"https:\/\/www.alltpaettkort.com\/en\/wp-json\/wp\/v2\/types\/product"}],"wp:featuredmedia":[{"embeddable":true,"href":"https:\/\/www.alltpaettkort.com\/en\/wp-json\/wp\/v2\/media\/32493"}],"wp:attachment":[{"href":"https:\/\/www.alltpaettkort.com\/en\/wp-json\/wp\/v2\/media?parent=32492"}],"wp:term":[{"taxonomy":"product_brand","embeddable":true,"href":"https:\/\/www.alltpaettkort.com\/en\/wp-json\/wp\/v2\/product_brand?post=32492"},{"taxonomy":"product_cat","embeddable":true,"href":"https:\/\/www.alltpaettkort.com\/en\/wp-json\/wp\/v2\/product_cat?post=32492"},{"taxonomy":"product_tag","embeddable":true,"href":"https:\/\/www.alltpaettkort.com\/en\/wp-json\/wp\/v2\/product_tag?post=32492"}],"curies":[{"name":"wp","href":"https:\/\/api.w.org\/{rel}","templated":true}]}}