{"id":32517,"date":"2016-11-21T15:11:52","date_gmt":"2016-11-21T15:11:52","guid":{"rendered":"https:\/\/www.alltpaettkort.com\/produkt\/a-game-of-thrones-hand-of-the-king\/"},"modified":"2022-01-13T08:25:57","modified_gmt":"2022-01-13T08:25:57","slug":"a-game-of-thrones-hand-of-the-king","status":"publish","type":"product","link":"https:\/\/www.alltpaettkort.com\/en\/product\/a-game-of-thrones-hand-of-the-king\/","title":{"rendered":"A Game of Thrones: Hand of the King"},"content":{"rendered":"<p><em>\u201cLord Varys knows all,\u201d Petyr said with a sly smile. &#8221;He will be joining us shortly.\u201d<\/em><br \/>\n\u2013George R.R. Martin, A Game of Thrones<\/p>\n<p>The king has called for a tourney and a feast to be held at King\u2019s Landing, and the Great Houses of Westeros have answered the call. Stark, Greyjoy, Lannister, Targaryen, Baratheon, Tyrell, Tully\u2014all have gathered, for the whisperers say that the King will choose his new Hand at this feast. Intrigues abound, as every House attempts to gain the aid of Varys, the Spider. Only the most cutthroat and ruthless will rise to become the power behind the Iron Throne!<\/p>\n<p>Hand of the King is a fast-paced card game of cunning deals and clever maneuvering for two to four players. Each turn, you and your opponents will compete, using the services of Varys, the Master of Whispers, to gain influence over the Great Houses of Westeros. The player with the most influence at the end of the game become the next Hand of the King, but to get there, you\u2019ll need to make alliances and know when to betray your former allies.<\/p>\n<p><strong>F\u00f6r 2-4 spelare<\/strong><br \/>\n<strong>15-30\u00a0min speltid<\/strong><br \/>\n<strong>Rekommenderad \u00e5lder: 14 <\/strong><br \/>\n<strong><a href=\"https:\/\/images-cdn.fantasyflightgames.com\/filer_public\/07\/d3\/07d30fde-83cf-4de7-abde-3c3a08eacd02\/handoftheking_rules_eng.pdf\" target=\"_blank\" rel=\"noopener\">Spelets regler<\/a><\/strong><br \/>\n<strong><a href=\"https:\/\/boardgamegeek.com\/boardgame\/205610\/game-thrones-hand-king\" target=\"_blank\" rel=\"noopener\">L\u00e4s mer p\u00e5 Boardgamegeek<\/a><\/strong><\/p>","protected":false},"excerpt":{"rendered":"<p>Fartfyllt och kul kortspel fullsp\u00e4ckat med dramatik om att f\u00f6r\u00e4ras titeln Hand of the King!<\/p>","protected":false},"featured_media":32518,"template":"","meta":[],"product_brand":[],"product_cat":[16,63,38,30],"product_tag":[],"class_list":{"0":"post-32517","1":"product","2":"type-product","3":"status-publish","4":"has-post-thumbnail","6":"product_cat-ameritrash","7":"product_cat-kortspel","8":"product_cat-partyspel","9":"product_cat-sallskapsspel","11":"first","12":"outofstock","13":"taxable","14":"shipping-taxable","15":"purchasable","16":"product-type-simple"},"_links":{"self":[{"href":"https:\/\/www.alltpaettkort.com\/en\/wp-json\/wp\/v2\/product\/32517","targetHints":{"allow":["GET"]}}],"collection":[{"href":"https:\/\/www.alltpaettkort.com\/en\/wp-json\/wp\/v2\/product"}],"about":[{"href":"https:\/\/www.alltpaettkort.com\/en\/wp-json\/wp\/v2\/types\/product"}],"wp:featuredmedia":[{"embeddable":true,"href":"https:\/\/www.alltpaettkort.com\/en\/wp-json\/wp\/v2\/media\/32518"}],"wp:attachment":[{"href":"https:\/\/www.alltpaettkort.com\/en\/wp-json\/wp\/v2\/media?parent=32517"}],"wp:term":[{"taxonomy":"product_brand","embeddable":true,"href":"https:\/\/www.alltpaettkort.com\/en\/wp-json\/wp\/v2\/product_brand?post=32517"},{"taxonomy":"product_cat","embeddable":true,"href":"https:\/\/www.alltpaettkort.com\/en\/wp-json\/wp\/v2\/product_cat?post=32517"},{"taxonomy":"product_tag","embeddable":true,"href":"https:\/\/www.alltpaettkort.com\/en\/wp-json\/wp\/v2\/product_tag?post=32517"}],"curies":[{"name":"wp","href":"https:\/\/api.w.org\/{rel}","templated":true}]}}