{"id":32622,"date":"2016-10-28T21:27:58","date_gmt":"2016-10-28T21:27:58","guid":{"rendered":"https:\/\/www.alltpaettkort.com\/produkt\/star-wars-destiny-rey-starter-set\/"},"modified":"2022-01-13T08:25:59","modified_gmt":"2022-01-13T08:25:59","slug":"star-wars-destiny-rey-starter-set","status":"publish","type":"product","link":"https:\/\/www.alltpaettkort.com\/en\/product\/star-wars-destiny-rey-starter-set\/","title":{"rendered":"Star Wars: Destiny &#8211; Rey Starter Set"},"content":{"rendered":"<p class=\"p1\"><span class=\"s1\">Enter a world of epic, saga-spanning, \u201cwhat if\u201d battles with the\u00a0<i>Rey Starter Set\u00a0<\/i>for\u00a0<i>Star Wars<\/i>&#x2122;: Destiny! With an array of characters that spans the saga from\u00a0<i>The Phantom Menace<\/i>\u00a0to\u00a0<i>The Force Awakens<\/i>,\u00a0<i>Star Wars<\/i>: Destiny gives you the freedom to play out any battle you can imagine. Innovative gameplay blends dice and cards as you strategize exactly how to defeat your opponent\u2019s characters. Meanwhile, the game\u2019s collectible model invites you to enter the game at whatever pace you choose, tweaking your decks with the addition of new cards and dice from booster packs.<\/span><\/p>\n<p class=\"p1\"><span class=\"s1\">The\u00a0<i>Rey Starter Set\u00a0<\/i>is an excellent starting point for you to enter\u00a0<i>Star Wars<\/i>: Destiny. Here, you\u2019ll find a fixed set of twenty-four heroic cards with nine premium dice, alongside tokens and a rule sheet\u2014everything you need for one player to take command of Rey and Finn while fighting for the light side across the\u00a0<i>Star Wars\u00a0<\/i>galaxy.<\/span><\/p>\n<p class=\"p1\"><strong>F\u00f6r 2 spelare (med fler set)<\/strong><br \/>\n<strong>30\u00a0min speltid<\/strong><br \/>\n<strong>Rekommenderad \u00e5lder: 10 <\/strong><br \/>\n<strong><a href=\"https:\/\/images-cdn.fantasyflightgames.com\/filer_public\/d7\/de\/d7ded364-2d09-4752-936e-fc3114c873de\/swd01_kylo_rulesheet_eng-1compressed.pdf\" target=\"_blank\" rel=\"noopener\">Spelets regler<\/a><\/strong><br \/>\n<strong><a href=\"https:\/\/boardgamegeek.com\/boardgame\/205359\/star-wars-destiny\" target=\"_blank\" rel=\"noopener\">L\u00e4s mer p\u00e5 Boardgamegeek<\/a><\/strong><\/p>\n<p><iframe src=\"https:\/\/www.youtube.com\/embed\/_gK3FXCI1xs\" width=\"560\" height=\"315\" frameborder=\"0\" allowfullscreen=\"allowfullscreen\"><\/iframe><\/p>","protected":false},"excerpt":{"rendered":"<p>Stekhett t\u00e4rningsspel baserat p\u00e5 den d\u00e4ringa galaxen l\u00e5ngt, l\u00e5ngt h\u00e4rifr\u00e5n!\u00a0Det h\u00e4r settet \u00e4r uppbyggt f\u00f6r h\u00e5rdingen Rey och inneh\u00e5ller allt som en spelare beh\u00f6ver f\u00f6r att b\u00f6rja rulla ig\u00e5ng!<\/p>","protected":false},"featured_media":32623,"template":"","meta":[],"product_brand":[],"product_cat":[16,106,39],"product_tag":[18,108,392],"class_list":{"0":"post-32622","1":"product","2":"type-product","3":"status-publish","4":"has-post-thumbnail","6":"product_cat-ameritrash","7":"product_cat-star-wars","8":"product_cat-tarningsspel","9":"product_tag-fantasy-flight-games","10":"product_tag-star-wars","11":"product_tag-star-wars-destiny","13":"first","14":"outofstock","15":"taxable","16":"shipping-taxable","17":"purchasable","18":"product-type-simple"},"_links":{"self":[{"href":"https:\/\/www.alltpaettkort.com\/en\/wp-json\/wp\/v2\/product\/32622","targetHints":{"allow":["GET"]}}],"collection":[{"href":"https:\/\/www.alltpaettkort.com\/en\/wp-json\/wp\/v2\/product"}],"about":[{"href":"https:\/\/www.alltpaettkort.com\/en\/wp-json\/wp\/v2\/types\/product"}],"wp:featuredmedia":[{"embeddable":true,"href":"https:\/\/www.alltpaettkort.com\/en\/wp-json\/wp\/v2\/media\/32623"}],"wp:attachment":[{"href":"https:\/\/www.alltpaettkort.com\/en\/wp-json\/wp\/v2\/media?parent=32622"}],"wp:term":[{"taxonomy":"product_brand","embeddable":true,"href":"https:\/\/www.alltpaettkort.com\/en\/wp-json\/wp\/v2\/product_brand?post=32622"},{"taxonomy":"product_cat","embeddable":true,"href":"https:\/\/www.alltpaettkort.com\/en\/wp-json\/wp\/v2\/product_cat?post=32622"},{"taxonomy":"product_tag","embeddable":true,"href":"https:\/\/www.alltpaettkort.com\/en\/wp-json\/wp\/v2\/product_tag?post=32622"}],"curies":[{"name":"wp","href":"https:\/\/api.w.org\/{rel}","templated":true}]}}