{"id":32646,"date":"2017-01-25T12:03:26","date_gmt":"2017-01-25T12:03:26","guid":{"rendered":"https:\/\/www.alltpaettkort.com\/produkt\/arkham-horror-the-card-game-curse-of-the-rougarou-scenario-pack\/"},"modified":"2022-12-11T13:23:13","modified_gmt":"2022-12-11T13:23:13","slug":"arkham-horror-the-card-game-curse-of-the-rougarou-scenario-pack","status":"publish","type":"product","link":"https:\/\/www.alltpaettkort.com\/en\/product\/arkham-horror-the-card-game-curse-of-the-rougarou-scenario-pack\/","title":{"rendered":"Arkham Horror: The Card Game \u2013 Curse of the Rougarou \u2013 Scenario Pack"},"content":{"rendered":"<p>When one reporter&#8217;s sensational news about a series of savage killings fails to make its way into the Arkham Advertiser, your friend at that establishment decides to contact you, nonetheless, deeming the reports the sort of thing that might suit your eccentric curiosities. She&#8217;s right, of course, and when you head to Northside Station to book your ticket for New Orleans, you can&#8217;t possibly imagine the full shape of the horrors that await you\u2026<\/p>\n<p>Designed to be played as a standalone adventure, or added to your campaign as a &#8221;side-story,&#8221;\u00a0<em>Curse of the Rougarou<\/em>\u00a0sends you along a bone-chilling hunt through New Orleans and the bayous of southern Louisiana. Its 62 cards come with all the rules, locations, act, agenda, and encounter cards that you&#8217;ll need to immerse yourself in a mystery full of malign spirits, murderous beasts, and other hazards\u2014some natural and some decidedly unnatural.<\/p>\n<p><strong><a href=\"https:\/\/boardgamegeek.com\/boardgame\/209728\/arkham-horror-card-game-curse-rougarou-scenario-pa\" target=\"_blank\" rel=\"noopener\">L\u00e4s mer p\u00e5 Boardgamegeek<\/a><\/strong><\/p>","protected":false},"excerpt":{"rendered":"<p>Nytt sp\u00e4nnande frist\u00e5ende \u00e4ventyr till Arkham Horror: The Card Game!<\/p>","protected":false},"featured_media":32647,"template":"","meta":[],"product_brand":[],"product_cat":[43],"product_tag":[388,18],"class_list":{"0":"post-32646","1":"product","2":"type-product","3":"status-publish","4":"has-post-thumbnail","6":"product_cat-expansion","7":"product_tag-arkham-horror-the-card-game","8":"product_tag-fantasy-flight-games","10":"first","11":"outofstock","12":"taxable","13":"shipping-taxable","14":"purchasable","15":"product-type-simple"},"_links":{"self":[{"href":"https:\/\/www.alltpaettkort.com\/en\/wp-json\/wp\/v2\/product\/32646","targetHints":{"allow":["GET"]}}],"collection":[{"href":"https:\/\/www.alltpaettkort.com\/en\/wp-json\/wp\/v2\/product"}],"about":[{"href":"https:\/\/www.alltpaettkort.com\/en\/wp-json\/wp\/v2\/types\/product"}],"wp:featuredmedia":[{"embeddable":true,"href":"https:\/\/www.alltpaettkort.com\/en\/wp-json\/wp\/v2\/media\/32647"}],"wp:attachment":[{"href":"https:\/\/www.alltpaettkort.com\/en\/wp-json\/wp\/v2\/media?parent=32646"}],"wp:term":[{"taxonomy":"product_brand","embeddable":true,"href":"https:\/\/www.alltpaettkort.com\/en\/wp-json\/wp\/v2\/product_brand?post=32646"},{"taxonomy":"product_cat","embeddable":true,"href":"https:\/\/www.alltpaettkort.com\/en\/wp-json\/wp\/v2\/product_cat?post=32646"},{"taxonomy":"product_tag","embeddable":true,"href":"https:\/\/www.alltpaettkort.com\/en\/wp-json\/wp\/v2\/product_tag?post=32646"}],"curies":[{"name":"wp","href":"https:\/\/api.w.org\/{rel}","templated":true}]}}