{"id":32686,"date":"2016-12-02T16:37:14","date_gmt":"2016-12-02T16:37:14","guid":{"rendered":"https:\/\/www.alltpaettkort.com\/produkt\/betrayal-at-house-on-the-hill-widows-walk\/"},"modified":"2022-01-13T08:26:01","modified_gmt":"2022-01-13T08:26:01","slug":"betrayal-at-house-on-the-hill-widows-walk","status":"publish","type":"product","link":"https:\/\/www.alltpaettkort.com\/en\/product\/betrayal-at-house-on-the-hill-widows-walk\/","title":{"rendered":"Betrayal at House on the Hill: Widow&#8217;s Walk"},"content":{"rendered":"<p>The house on the hill has a wicked reputation. Those who dare to darken its door often leave steeped in madness and despair \u2014 if they leave at all.<\/p>\n<p>Now the horror reaches new heights with\u00a0<em>Widow&#8217;s Walk<\/em>, the first-ever expansion for the critically acclaimed board game\u00a0<em>Betrayal at House on the Hill<\/em>. The house is expanded with the addition of twenty new rooms, including the roof, a previously unexplored floor. Also in its halls you will find new monsters, items, omens, events, and fifty brand-new haunts, penned by lead developer Mike Selinker&#8217;s all-star cast of contributors from the world of gaming and entertainment. In\u00a0<em>Widow&#8217;s Walk<\/em>, terror and panic are taken to a whole new level.<\/p>\n<p>Enter if you dare. Exit if you can&#8230;<\/p>\n<div><strong><a href=\"https:\/\/boardgamegeek.com\/boardgameexpansion\/198452\/betrayal-house-hill-widows-walk\" target=\"_blank\" rel=\"noopener\">\u00a0L\u00e4s mer p\u00e5 Boardgamegeek<\/a><\/strong><\/div>","protected":false},"excerpt":{"rendered":"<p>Expansion till den moderna skr\u00e4ck-klassikern Betrayal at House on the Hill med nya rysliga rum, monster, f\u00f6rem\u00e5l, events och hela 50 nya haunts!<\/p>","protected":false},"featured_media":32687,"template":"","meta":[],"product_brand":[],"product_cat":[43],"product_tag":[84,26],"class_list":{"0":"post-32686","1":"product","2":"type-product","3":"status-publish","4":"has-post-thumbnail","6":"product_cat-expansion","7":"product_tag-betrayal-at-house-on-the-hill","8":"product_tag-horror","10":"first","11":"outofstock","12":"taxable","13":"shipping-taxable","14":"purchasable","15":"product-type-simple"},"_links":{"self":[{"href":"https:\/\/www.alltpaettkort.com\/en\/wp-json\/wp\/v2\/product\/32686","targetHints":{"allow":["GET"]}}],"collection":[{"href":"https:\/\/www.alltpaettkort.com\/en\/wp-json\/wp\/v2\/product"}],"about":[{"href":"https:\/\/www.alltpaettkort.com\/en\/wp-json\/wp\/v2\/types\/product"}],"wp:featuredmedia":[{"embeddable":true,"href":"https:\/\/www.alltpaettkort.com\/en\/wp-json\/wp\/v2\/media\/32687"}],"wp:attachment":[{"href":"https:\/\/www.alltpaettkort.com\/en\/wp-json\/wp\/v2\/media?parent=32686"}],"wp:term":[{"taxonomy":"product_brand","embeddable":true,"href":"https:\/\/www.alltpaettkort.com\/en\/wp-json\/wp\/v2\/product_brand?post=32686"},{"taxonomy":"product_cat","embeddable":true,"href":"https:\/\/www.alltpaettkort.com\/en\/wp-json\/wp\/v2\/product_cat?post=32686"},{"taxonomy":"product_tag","embeddable":true,"href":"https:\/\/www.alltpaettkort.com\/en\/wp-json\/wp\/v2\/product_tag?post=32686"}],"curies":[{"name":"wp","href":"https:\/\/api.w.org\/{rel}","templated":true}]}}