{"id":32720,"date":"2016-10-05T09:58:16","date_gmt":"2016-10-05T09:58:16","guid":{"rendered":"https:\/\/www.alltpaettkort.com\/produkt\/new-angeles\/"},"modified":"2022-01-13T08:26:02","modified_gmt":"2022-01-13T08:26:02","slug":"new-angeles","status":"publish","type":"product","link":"https:\/\/www.alltpaettkort.com\/en\/product\/new-angeles\/","title":{"rendered":"New Angeles"},"content":{"rendered":"<p><em>Everything&#8217;s fair in the pursuit of profit\u2026<\/em><\/p>\n<p><em>New Angeles<\/em>\u00a0is a board game of corporate greed and machinations for four to six players set in the\u00a0<em>Android<\/em>\u00a0universe. You and your friends each gain control of one of the worlds&#8217; most powerful megacorporations. Then you use your wealth and influence to create more wealth and more influence. Make piles of money, outperform the competition, and you&#8217;ll be a winner.<\/p>\n<p>To do this, you&#8217;ll cut deals and forge temporary alliances. You&#8217;ll leverage your credits and maneuver for valuable assets. All the while, you&#8217;ll also need to keep an eye toward the masses, striking deals with the other corps as necessary in order to keep a lid on crime, disease, and unrest. If you want to maximize your profit, after all, you need to keep New Angeles open for business!<\/p>\n<p><strong>F\u00f6r 4-6 spelare<\/strong><br \/>\n<strong>120-240 min speltid<\/strong><br \/>\n<strong> Rekommenderad \u00e5lder: 14 <\/strong><br \/>\n<strong> <a href=\"https:\/\/images-cdn.fantasyflightgames.com\/filer_public\/ae\/bb\/aebb1411-1b59-4bb2-a5c3-142e313a972b\/ad03_rulebookcompressed.pdf\" target=\"_blank\" rel=\"noopener\">Spelets regler<\/a><\/strong><br \/>\n<strong> <a href=\"https:\/\/boardgamegeek.com\/boardgame\/205716\/new-angeles\" target=\"_blank\" rel=\"noopener\">L\u00e4s mer p\u00e5 Boardgamegeek<\/a><\/strong><\/p>\n<p>Se The Secret Cabals fina recension av spelet h\u00e4r nedan!<br \/>\n<iframe src=\"https:\/\/www.youtube.com\/embed\/YKpZbLvqUqE\" width=\"560\" height=\"315\" frameborder=\"0\" allowfullscreen=\"allowfullscreen\"><\/iframe><\/p>","protected":false},"excerpt":{"rendered":"<p>Nyutvecklat m\u00e4ktigt strategispel om girighet, maktkamp och motvilligt samarbete mellan de stora megaf\u00f6retagen i det oemotst\u00e5ndliga Android-universumet!<\/p>","protected":false},"featured_media":32721,"template":"","meta":[],"product_brand":[],"product_cat":[17],"product_tag":[18],"class_list":{"0":"post-32720","1":"product","2":"type-product","3":"status-publish","4":"has-post-thumbnail","6":"product_cat-strategispel","7":"product_tag-fantasy-flight-games","9":"first","10":"outofstock","11":"taxable","12":"shipping-taxable","13":"purchasable","14":"product-type-simple"},"_links":{"self":[{"href":"https:\/\/www.alltpaettkort.com\/en\/wp-json\/wp\/v2\/product\/32720","targetHints":{"allow":["GET"]}}],"collection":[{"href":"https:\/\/www.alltpaettkort.com\/en\/wp-json\/wp\/v2\/product"}],"about":[{"href":"https:\/\/www.alltpaettkort.com\/en\/wp-json\/wp\/v2\/types\/product"}],"wp:featuredmedia":[{"embeddable":true,"href":"https:\/\/www.alltpaettkort.com\/en\/wp-json\/wp\/v2\/media\/32721"}],"wp:attachment":[{"href":"https:\/\/www.alltpaettkort.com\/en\/wp-json\/wp\/v2\/media?parent=32720"}],"wp:term":[{"taxonomy":"product_brand","embeddable":true,"href":"https:\/\/www.alltpaettkort.com\/en\/wp-json\/wp\/v2\/product_brand?post=32720"},{"taxonomy":"product_cat","embeddable":true,"href":"https:\/\/www.alltpaettkort.com\/en\/wp-json\/wp\/v2\/product_cat?post=32720"},{"taxonomy":"product_tag","embeddable":true,"href":"https:\/\/www.alltpaettkort.com\/en\/wp-json\/wp\/v2\/product_tag?post=32720"}],"curies":[{"name":"wp","href":"https:\/\/api.w.org\/{rel}","templated":true}]}}