{"id":32730,"date":"2016-11-10T09:16:19","date_gmt":"2016-11-10T09:16:19","guid":{"rendered":"https:\/\/www.alltpaettkort.com\/produkt\/adrenaline\/"},"modified":"2022-01-13T08:26:03","modified_gmt":"2022-01-13T08:26:03","slug":"adrenaline","status":"publish","type":"product","link":"https:\/\/www.alltpaettkort.com\/en\/product\/adrenaline\/","title":{"rendered":"Adrenaline"},"content":{"rendered":"<p>In the future, war has left the world in complete destruction and split the people into factions. The factions have decided to stop the endless war and settle their dispute in the arena. A new virtual bloodsport was created. The Adrenaline tournament. Every faction has a champion, every champion has a chance to fight and the chance to win. Will you take the chance of becoming the next champion of the Adrenaline tournament?<\/p>\n<p>Play a first-person shooter on your gaming table. Grab some ammo, grab a gun, and start shooting. Build up an arsenal for a killer turn. Combat resolution is quick and diceless. And if you get shot, you get faster!<\/p>\n<p><strong>F\u00f6r 3-5 spelare<\/strong><br \/>\n<strong>30-60 min speltid<\/strong><br \/>\n<strong>Rekommenderad \u00e5lder: 12 <\/strong><br \/>\n<strong><a href=\"http:\/\/czechgames.com\/files\/rules\/adrenaline-rules-print-en.pdf\" target=\"_blank\" rel=\"noopener\">Spelets regler<\/a><\/strong><br \/>\n<strong><a href=\"https:\/\/boardgamegeek.com\/boardgame\/202408\/adrenaline\" target=\"_blank\" rel=\"noopener\">L\u00e4s mer p\u00e5 Boardgamegeek<\/a><\/strong><\/p>\n<p>Se Man Vs Meeples lysande recension av spelet h\u00e4r nedan!<\/p>","protected":false},"excerpt":{"rendered":"<p>N\u00e5got unikt som ett FPS i br\u00e4dspelspelsform fr\u00e5n fantastiska CGE som f\u00e5tt ett riktigt varmt mottagande!<\/p>","protected":false},"featured_media":32731,"template":"","meta":[],"product_brand":[],"product_cat":[17],"product_tag":[393,136],"class_list":{"0":"post-32730","1":"product","2":"type-product","3":"status-publish","4":"has-post-thumbnail","6":"product_cat-strategispel","7":"product_tag-adrenaline","8":"product_tag-czech-games-edition","10":"first","11":"outofstock","12":"taxable","13":"shipping-taxable","14":"purchasable","15":"product-type-simple"},"_links":{"self":[{"href":"https:\/\/www.alltpaettkort.com\/en\/wp-json\/wp\/v2\/product\/32730","targetHints":{"allow":["GET"]}}],"collection":[{"href":"https:\/\/www.alltpaettkort.com\/en\/wp-json\/wp\/v2\/product"}],"about":[{"href":"https:\/\/www.alltpaettkort.com\/en\/wp-json\/wp\/v2\/types\/product"}],"wp:featuredmedia":[{"embeddable":true,"href":"https:\/\/www.alltpaettkort.com\/en\/wp-json\/wp\/v2\/media\/32731"}],"wp:attachment":[{"href":"https:\/\/www.alltpaettkort.com\/en\/wp-json\/wp\/v2\/media?parent=32730"}],"wp:term":[{"taxonomy":"product_brand","embeddable":true,"href":"https:\/\/www.alltpaettkort.com\/en\/wp-json\/wp\/v2\/product_brand?post=32730"},{"taxonomy":"product_cat","embeddable":true,"href":"https:\/\/www.alltpaettkort.com\/en\/wp-json\/wp\/v2\/product_cat?post=32730"},{"taxonomy":"product_tag","embeddable":true,"href":"https:\/\/www.alltpaettkort.com\/en\/wp-json\/wp\/v2\/product_tag?post=32730"}],"curies":[{"name":"wp","href":"https:\/\/api.w.org\/{rel}","templated":true}]}}