{"id":32753,"date":"2022-06-06T19:09:00","date_gmt":"2022-06-06T19:09:00","guid":{"rendered":"https:\/\/www.alltpaettkort.com\/produkt\/citadels-2016-edition\/"},"modified":"2022-12-10T14:25:52","modified_gmt":"2022-12-10T14:25:52","slug":"citadels-revised","status":"publish","type":"product","link":"https:\/\/www.alltpaettkort.com\/en\/product\/citadels-revised\/","title":{"rendered":"Citadels (Revised)"},"content":{"rendered":"<p>In <em><strong>Citadels<\/strong><\/em>, players take on new roles each round to represent characters they hire in order to help them acquire gold and erect buildings. The game ends at the close of a round in which a player erects their eighth building. Players then tally their points, and the player with the highest score wins.<\/p>\n<p>Players start the game with a number of building cards in their hand; buildings come in five colors, with the purple buildings typically having a special ability and the other colored buildings providing a benefit when you play particular characters. At the start of each round, the player who was king the previous round discards one of the eight character cards at random, chooses one, then passes the cards to the next player, etc. until each player has secretly chosen a character. Each character has a special ability, and the usefulness of any character depends upon your situation, and that of your opponents. The characters then carry out their actions in numerical order: the assassin eliminating another character for the round, the thief stealing all gold from another character, the wizard swapping building cards with another player, the warlord optionally destroys a building in play, and so on.<\/p>\n<p>On a turn, a player earns two or more gold (or draws two building cards then discards one), then optionally constructs one building (or up to three if playing the architect this round). Buildings cost gold equal to the number of symbols on them, and each building is worth a certain number of points. In addition to points from buildings, at the end of the game a player scores bonus points for having eight buildings or buildings of all five colors.<\/p>\n<p>The 2016 edition of <em>Citadels<\/em> includes twenty-seven characters \u2014 eight from the original <em>Citadels<\/em>, ten from the <em>Dark City<\/em> expansion, and nine new ones \u2014 along with thirty unique building districts, and the rulebook includes six preset lists of characters and districts beyond the starter list, each crafted to encourage a different style and intensity of gameplay.<\/p>\n<p><strong>F\u00f6r 2-8 spelare<\/strong><br \/>\n<strong>30-60 min speltid<\/strong><br \/>\n<strong>Rekommenderad \u00e5lder: 10 <\/strong><strong><a href=\"http:\/\/www.fantasyflightgames.com\/ffg_content\/Citadels\/support\/citadels-rules-english.pdf\" target=\"_blank\" rel=\"noopener\"><br \/>\n<\/a><a href=\"https:\/\/boardgamegeek.com\/boardgame\/205398\/citadels\" target=\"_blank\" rel=\"noopener\">L\u00e4s mer p\u00e5 Boardgamegeek<\/a><\/strong><\/p>","protected":false},"excerpt":{"rendered":"<p>Ny reviderad utg\u00e5va av det \u00e4lskade Citadels! Bygg upp din stad f\u00f6re alla andra och f\u00f6rs\u00f6k f\u00e5 s\u00e5 mycket inflytande som m\u00f6jligt genom falskspel och intriger! Citadels \u00e4r ett genialiskt litet spel med mycket dramatik och ett sp\u00e4nnande\u00a0dolt rollsystem.<\/p>","protected":false},"featured_media":46222,"template":"","meta":[],"product_brand":[],"product_cat":[31,63,38],"product_tag":[57],"class_list":{"0":"post-32753","1":"product","2":"type-product","3":"status-publish","4":"has-post-thumbnail","6":"product_cat-familjespel","7":"product_cat-kortspel","8":"product_cat-partyspel","9":"product_tag-z-man-games","11":"first","12":"outofstock","13":"taxable","14":"shipping-taxable","15":"purchasable","16":"product-type-simple"},"_links":{"self":[{"href":"https:\/\/www.alltpaettkort.com\/en\/wp-json\/wp\/v2\/product\/32753","targetHints":{"allow":["GET"]}}],"collection":[{"href":"https:\/\/www.alltpaettkort.com\/en\/wp-json\/wp\/v2\/product"}],"about":[{"href":"https:\/\/www.alltpaettkort.com\/en\/wp-json\/wp\/v2\/types\/product"}],"wp:featuredmedia":[{"embeddable":true,"href":"https:\/\/www.alltpaettkort.com\/en\/wp-json\/wp\/v2\/media\/46222"}],"wp:attachment":[{"href":"https:\/\/www.alltpaettkort.com\/en\/wp-json\/wp\/v2\/media?parent=32753"}],"wp:term":[{"taxonomy":"product_brand","embeddable":true,"href":"https:\/\/www.alltpaettkort.com\/en\/wp-json\/wp\/v2\/product_brand?post=32753"},{"taxonomy":"product_cat","embeddable":true,"href":"https:\/\/www.alltpaettkort.com\/en\/wp-json\/wp\/v2\/product_cat?post=32753"},{"taxonomy":"product_tag","embeddable":true,"href":"https:\/\/www.alltpaettkort.com\/en\/wp-json\/wp\/v2\/product_tag?post=32753"}],"curies":[{"name":"wp","href":"https:\/\/api.w.org\/{rel}","templated":true}]}}