{"id":32764,"date":"2016-12-06T06:50:25","date_gmt":"2016-12-06T06:50:25","guid":{"rendered":"https:\/\/www.alltpaettkort.com\/produkt\/blood-rage-mystics-of-midgard\/"},"modified":"2022-01-13T08:26:05","modified_gmt":"2022-01-13T08:26:05","slug":"blood-rage-mystics-of-midgard","status":"publish","type":"product","link":"https:\/\/www.alltpaettkort.com\/en\/product\/blood-rage-mystics-of-midgard\/","title":{"rendered":"Blood Rage: Mystics of Midgard"},"content":{"rendered":"<p>Known by many names (Sei\u00f0menn, V\u00f6lva, V\u00edsendakona, etc.) and possessed of different powers granted by their connection to the gods, these warrior-shamans will be a boon to any clan able to recruit them!<\/p>\n<p>Mystics are special units (neither Warrior nor Monster) that players can only employ once they&#8217;ve given their clan one of the Mystic Clan Upgrades. Each of these Clan upgrades adds 1 Mystic figure to your clan&#8217;s reserves, which you can then use to Invade and battle normally. All Mystics have STR 2 and the special ability that allows them to Invade at no Rage cost. Clans are only able to recruit a maximum of 2 Mystics.<\/p>\n<p>Besides adding Mystics to your reserves, each of these Clan Upgrades grants your Mystics a special ability. If you collect several different upgrades, each of your Mystics will posses all the abilities you accumulated, making them incredibly resourceful and strategic additions to your clan!<\/p>\n<p><strong><a href=\"https:\/\/boardgamegeek.com\/boardgameexpansion\/175100\/blood-rage-mystics-midgard\" target=\"_blank\" rel=\"noopener\">L\u00e4s mer p\u00e5 Boardgamegeek<\/a><\/strong><\/p>","protected":false},"excerpt":{"rendered":"<p>Expansion till Blood Rage som introducerar en helt ny enhetstyp, shamaner!<\/p>","protected":false},"featured_media":32765,"template":"","meta":[],"product_brand":[],"product_cat":[43],"product_tag":[339,283],"class_list":{"0":"post-32764","1":"product","2":"type-product","3":"status-publish","4":"has-post-thumbnail","6":"product_cat-expansion","7":"product_tag-blood-rage","8":"product_tag-coolminiornot","10":"first","11":"outofstock","12":"taxable","13":"shipping-taxable","14":"purchasable","15":"product-type-simple"},"_links":{"self":[{"href":"https:\/\/www.alltpaettkort.com\/en\/wp-json\/wp\/v2\/product\/32764","targetHints":{"allow":["GET"]}}],"collection":[{"href":"https:\/\/www.alltpaettkort.com\/en\/wp-json\/wp\/v2\/product"}],"about":[{"href":"https:\/\/www.alltpaettkort.com\/en\/wp-json\/wp\/v2\/types\/product"}],"wp:featuredmedia":[{"embeddable":true,"href":"https:\/\/www.alltpaettkort.com\/en\/wp-json\/wp\/v2\/media\/32765"}],"wp:attachment":[{"href":"https:\/\/www.alltpaettkort.com\/en\/wp-json\/wp\/v2\/media?parent=32764"}],"wp:term":[{"taxonomy":"product_brand","embeddable":true,"href":"https:\/\/www.alltpaettkort.com\/en\/wp-json\/wp\/v2\/product_brand?post=32764"},{"taxonomy":"product_cat","embeddable":true,"href":"https:\/\/www.alltpaettkort.com\/en\/wp-json\/wp\/v2\/product_cat?post=32764"},{"taxonomy":"product_tag","embeddable":true,"href":"https:\/\/www.alltpaettkort.com\/en\/wp-json\/wp\/v2\/product_tag?post=32764"}],"curies":[{"name":"wp","href":"https:\/\/api.w.org\/{rel}","templated":true}]}}