{"id":32792,"date":"2018-02-07T10:57:59","date_gmt":"2018-02-07T10:57:59","guid":{"rendered":"https:\/\/www.alltpaettkort.com\/produkt\/flamme-rouge\/"},"modified":"2024-12-16T10:50:05","modified_gmt":"2024-12-16T10:50:05","slug":"flamme-rouge","status":"publish","type":"product","link":"https:\/\/www.alltpaettkort.com\/en\/product\/flamme-rouge\/","title":{"rendered":"Flamme Rouge"},"content":{"rendered":"<p><em>The excitement in the air is electric as the leaders round the last corner and head for the finish line. Each team has used cunning and skill to position their sprinter for this moment, but only one has done enough to pull off the win!<\/em><\/p>\n<p>Will your team lead from the front and risk exhaustion? Should you play it safe in the middle of the pack? Could you surprise everyone by striking from the back? Can you time your move perfectly?<\/p>\n<p>Anyone can race, few become champions!<\/p>\n<p>Flamme Rouge is a fast-paced, tactical bicycle racing game where each player controls a team of two riders: a Rouleur and a Sprinteur. The players\u2019 goal is to be the first to cross the finish line with one of their riders. Players move their riders forward by drawing and playing cards from that riders specific deck, depleting it as they go. Use slipstreams to avoid exhaustion and position your team for a well timed sprint for the win.<\/p>\n<p>F\u00f6r 2-4 spelare<br \/>\n30-45\u00a0min speltid<br \/>\nRekommenderad \u00e5lder: 8<br \/>\n<a href=\"https:\/\/boardgamegeek.com\/boardgame\/199478\/flamme-rouge\" target=\"_blank\" rel=\"noopener noreferrer\">L\u00e4s mer p\u00e5 Boardgamegeek<\/a><\/p>\n<p>Se Man vs Meeples fina recension av spelet h\u00e4r nedan!<\/p>","protected":false},"excerpt":{"rendered":"<p>Riktigt sp\u00e4nnande och taktiskt cykelracing-spel d\u00e4r varje spelare kontrollerar tv\u00e5 cyklister var under ett rafflande lopp! Nordisk\u00a0utg\u00e5va med svenska regler.<\/p>","protected":false},"featured_media":32793,"template":"","meta":[],"product_brand":[],"product_cat":[31,17],"product_tag":[394,97],"class_list":{"0":"post-32792","1":"product","2":"type-product","3":"status-publish","4":"has-post-thumbnail","6":"product_cat-familjespel","7":"product_cat-strategispel","8":"product_tag-flamme-rouge","9":"product_tag-lautapelit","11":"first","12":"outofstock","13":"taxable","14":"shipping-taxable","15":"purchasable","16":"product-type-simple"},"_links":{"self":[{"href":"https:\/\/www.alltpaettkort.com\/en\/wp-json\/wp\/v2\/product\/32792","targetHints":{"allow":["GET"]}}],"collection":[{"href":"https:\/\/www.alltpaettkort.com\/en\/wp-json\/wp\/v2\/product"}],"about":[{"href":"https:\/\/www.alltpaettkort.com\/en\/wp-json\/wp\/v2\/types\/product"}],"wp:featuredmedia":[{"embeddable":true,"href":"https:\/\/www.alltpaettkort.com\/en\/wp-json\/wp\/v2\/media\/32793"}],"wp:attachment":[{"href":"https:\/\/www.alltpaettkort.com\/en\/wp-json\/wp\/v2\/media?parent=32792"}],"wp:term":[{"taxonomy":"product_brand","embeddable":true,"href":"https:\/\/www.alltpaettkort.com\/en\/wp-json\/wp\/v2\/product_brand?post=32792"},{"taxonomy":"product_cat","embeddable":true,"href":"https:\/\/www.alltpaettkort.com\/en\/wp-json\/wp\/v2\/product_cat?post=32792"},{"taxonomy":"product_tag","embeddable":true,"href":"https:\/\/www.alltpaettkort.com\/en\/wp-json\/wp\/v2\/product_tag?post=32792"}],"curies":[{"name":"wp","href":"https:\/\/api.w.org\/{rel}","templated":true}]}}