{"id":32872,"date":"2016-11-13T13:36:03","date_gmt":"2016-11-13T13:36:03","guid":{"rendered":"https:\/\/www.alltpaettkort.com\/produkt\/imhotep-svensk-utgava\/"},"modified":"2022-01-13T08:26:06","modified_gmt":"2022-01-13T08:26:06","slug":"imhotep-svensk-utgava","status":"publish","type":"product","link":"https:\/\/www.alltpaettkort.com\/en\/product\/imhotep-svensk-utgava\/","title":{"rendered":"Imhotep (svensk utg\u00e5va)"},"content":{"rendered":"<p>In\u00a0<em>Imhotep<\/em>, the players become builders in Egypt who want to emulate the first and best-known architect there, namely Imhotep.<\/p>\n<p>Over six rounds, they move wooden stones by boat to create five seminal monuments, and on a turn, a player chooses one of four actions: Procure new stones, load stones on a boat, bring a boat to a monument, or play an action card. While this sounds easy, naturally the other players constantly thwart your building plans by carrying out plans of their own. Only those with the best timing \u2014 and the stones to back up their plans \u2014 will prove to be Egypt&#8217;s best builder.<\/p>\n<p><strong>F\u00f6r 2-4\u00a0spelare<\/strong><br \/>\n<strong>40 min speltid<\/strong><br \/>\n<strong>Rekommenderad \u00e5lder: 10 <\/strong><strong><a href=\"http:\/\/www.fantasyflightgames.com\/ffg_content\/mansions-of-madness\/support\/MansionsOfMadnessLoRes.pdf\" target=\"_blank\" rel=\"noopener\"><br \/>\n<\/a><a href=\"https:\/\/boardgamegeek.com\/boardgame\/191862\/imhotep\" target=\"_blank\" rel=\"noopener\">L\u00e4s mer p\u00e5 Boardgamegeek<\/a><\/strong><\/p>","protected":false},"excerpt":{"rendered":"<p>I den egyptiska arkitekten Imhoteps anda skall det\u00a0byggas magnifika monument! Lassa b\u00e5tarna\u00a0fulla med stenar, smid planer och bygg\u00a0s\u00e5 det st\u00e5r h\u00e4rliga till! Svenska regler<\/p>","protected":false},"featured_media":32873,"template":"","meta":[],"product_brand":[],"product_cat":[17],"product_tag":[97],"class_list":{"0":"post-32872","1":"product","2":"type-product","3":"status-publish","4":"has-post-thumbnail","6":"product_cat-strategispel","7":"product_tag-lautapelit","9":"first","10":"outofstock","11":"taxable","12":"shipping-taxable","13":"purchasable","14":"product-type-simple"},"_links":{"self":[{"href":"https:\/\/www.alltpaettkort.com\/en\/wp-json\/wp\/v2\/product\/32872","targetHints":{"allow":["GET"]}}],"collection":[{"href":"https:\/\/www.alltpaettkort.com\/en\/wp-json\/wp\/v2\/product"}],"about":[{"href":"https:\/\/www.alltpaettkort.com\/en\/wp-json\/wp\/v2\/types\/product"}],"wp:featuredmedia":[{"embeddable":true,"href":"https:\/\/www.alltpaettkort.com\/en\/wp-json\/wp\/v2\/media\/32873"}],"wp:attachment":[{"href":"https:\/\/www.alltpaettkort.com\/en\/wp-json\/wp\/v2\/media?parent=32872"}],"wp:term":[{"taxonomy":"product_brand","embeddable":true,"href":"https:\/\/www.alltpaettkort.com\/en\/wp-json\/wp\/v2\/product_brand?post=32872"},{"taxonomy":"product_cat","embeddable":true,"href":"https:\/\/www.alltpaettkort.com\/en\/wp-json\/wp\/v2\/product_cat?post=32872"},{"taxonomy":"product_tag","embeddable":true,"href":"https:\/\/www.alltpaettkort.com\/en\/wp-json\/wp\/v2\/product_tag?post=32872"}],"curies":[{"name":"wp","href":"https:\/\/api.w.org\/{rel}","templated":true}]}}