{"id":32893,"date":"2016-12-14T14:42:42","date_gmt":"2016-12-14T14:42:42","guid":{"rendered":"https:\/\/www.alltpaettkort.com\/produkt\/pandemic-iberia\/"},"modified":"2022-01-13T08:26:07","modified_gmt":"2022-01-13T08:26:07","slug":"pandemic-iberia","status":"publish","type":"product","link":"https:\/\/www.alltpaettkort.com\/en\/product\/pandemic-iberia\/","title":{"rendered":"Pandemic Iberia"},"content":{"rendered":"<p>Welcome to the Iberian Peninsula! Set in 1848, Pandemic Iberia asks you to take on the roles of nurse, railwayman, rural doctor, sailor, and more to find the cures to malaria, typhus, the yellow fever, and cholera.<\/p>\n<p>From Barcelona to Lisboa, you will need to travel by carriage, by boat, or by train to help the Iberian populace. While doing so, distributing purified water and developing railways will help you slow the spread of diseases in this new version of Pandemic.<\/p>\n<p>Discover a unique part of the world during a historically significant time period: the construction of the first railroad in the Iberian Peninsula during the Spring of Nations.<\/p>\n<p>The game comes with two variants that can be added :<br \/>\npatient flow : the cubes, representing patients, will tend to flock to hospitals to try to get cured. Hospitals also are a bit more powerful.<br \/>\nhistorical illnesses : instead of being generic, each illness has a specific power to better represent what it is (Malaria, Cholera, Yellow Fever etc.)<\/p>\n<p><strong>F\u00f6r 2-5 spelare<\/strong><br \/>\n<strong>45\u00a0min speltid<\/strong><br \/>\n<strong>Rekommenderad \u00e5lder: 8 <\/strong><br \/>\n<strong><a href=\"https:\/\/boardgamegeek.com\/boardgame\/198928\/pandemic-iberia\" target=\"_blank\" rel=\"noopener\">L\u00e4s mer p\u00e5 Boardgamegeek<\/a><\/strong><\/p>","protected":false},"excerpt":{"rendered":"<p>Pandemic Iberia tar er tillbaka till mitten av 1800-talet d\u00e4r ni reser runt med droska, b\u00e5t eller t\u00e5g f\u00f6r att hitta botemedel mot malaria, gula febern, tyfus och kolera. V\u00e4ldigt st\u00e4mningsfull och tjusig ny variant av det \u00e4lskade Pandemic med nya roller och utmaningar!<\/p>","protected":false},"featured_media":32894,"template":"","meta":[],"product_brand":[],"product_cat":[31,30,17],"product_tag":[57],"class_list":{"0":"post-32893","1":"product","2":"type-product","3":"status-publish","4":"has-post-thumbnail","6":"product_cat-familjespel","7":"product_cat-sallskapsspel","8":"product_cat-strategispel","9":"product_tag-z-man-games","11":"first","12":"outofstock","13":"taxable","14":"shipping-taxable","15":"purchasable","16":"product-type-simple"},"_links":{"self":[{"href":"https:\/\/www.alltpaettkort.com\/en\/wp-json\/wp\/v2\/product\/32893","targetHints":{"allow":["GET"]}}],"collection":[{"href":"https:\/\/www.alltpaettkort.com\/en\/wp-json\/wp\/v2\/product"}],"about":[{"href":"https:\/\/www.alltpaettkort.com\/en\/wp-json\/wp\/v2\/types\/product"}],"wp:featuredmedia":[{"embeddable":true,"href":"https:\/\/www.alltpaettkort.com\/en\/wp-json\/wp\/v2\/media\/32894"}],"wp:attachment":[{"href":"https:\/\/www.alltpaettkort.com\/en\/wp-json\/wp\/v2\/media?parent=32893"}],"wp:term":[{"taxonomy":"product_brand","embeddable":true,"href":"https:\/\/www.alltpaettkort.com\/en\/wp-json\/wp\/v2\/product_brand?post=32893"},{"taxonomy":"product_cat","embeddable":true,"href":"https:\/\/www.alltpaettkort.com\/en\/wp-json\/wp\/v2\/product_cat?post=32893"},{"taxonomy":"product_tag","embeddable":true,"href":"https:\/\/www.alltpaettkort.com\/en\/wp-json\/wp\/v2\/product_tag?post=32893"}],"curies":[{"name":"wp","href":"https:\/\/api.w.org\/{rel}","templated":true}]}}