{"id":32903,"date":"2016-12-05T15:08:17","date_gmt":"2016-12-05T15:08:17","guid":{"rendered":"https:\/\/www.alltpaettkort.com\/produkt\/voluspa\/"},"modified":"2022-01-13T08:26:07","modified_gmt":"2022-01-13T08:26:07","slug":"voluspa","status":"publish","type":"product","link":"https:\/\/www.alltpaettkort.com\/en\/product\/voluspa\/","title":{"rendered":"V\u00f6lusp\u00e1"},"content":{"rendered":"<p><em>Will Thor survive the challenge of the trickster, Loki? Will the Valkyries overtake Odin?<\/em><\/p>\n<p>In the oldest poem of Norse Mythology, the &#8221;V\u00f6lusp\u00e1&#8221; tells the story of the endless struggle of powerful gods, dangerous creatures, and forgotten races. Which beings will dominate?<\/p>\n<p>In V\u00f6lusp\u00e1 the game, the story will unfold differently each time, as a new force rises in dominance! Players take turns playing tiles with twelve different characters and creatures of Norse Mythology, using the power of these tiles to block, capture or intimidate in order to control other tiles and score points. The player who scores the most points by dominating other tiles wins the game.<\/p>\n<p>V\u00f6lusp\u00e1 \u2013 a reimagining and retheming of the previously released game Kachina \u2013 is an easy-to-learn, tile-laying game that features great depth of play for 2 to 5 players. V\u00f6lusp\u00e1 includes the 25 tile expansion module &#8221;Saga of Edda&#8221;, which offers even more strategic opportunities and deployability.<\/p>\n<p><strong>F\u00f6r 2-5 spelare<\/strong><br \/>\n<strong>45\u00a0min speltid<\/strong><br \/>\n<strong>Rekommenderad \u00e5lder: 10 <\/strong><br \/>\n<strong><a href=\"https:\/\/boardgamegeek.com\/file\/download\/93y5k92fzt\/WGG_Volupsa_Rules_EN_low.pdf\" target=\"_blank\" rel=\"noopener\">Spelets regler<\/a><\/strong><br \/>\n<strong><a href=\"https:\/\/boardgamegeek.com\/boardgame\/128554\/voluspa\" target=\"_blank\" rel=\"noopener\">L\u00e4s mer p\u00e5 Boardgamegeek<\/a><\/strong><\/p>","protected":false},"excerpt":{"rendered":"<p>Utmanande abstrakt p\u00e4rla till spel doppad i h\u00e4rligt k\u00e4rv nordisk mytologi!<\/p>","protected":false},"featured_media":32904,"template":"","meta":[],"product_brand":[],"product_cat":[17],"product_tag":[117,395],"class_list":{"0":"post-32903","1":"product","2":"type-product","3":"status-publish","4":"has-post-thumbnail","6":"product_cat-strategispel","7":"product_tag-stronghold-games","8":"product_tag-voluspa","10":"first","11":"outofstock","12":"taxable","13":"shipping-taxable","14":"purchasable","15":"product-type-simple"},"_links":{"self":[{"href":"https:\/\/www.alltpaettkort.com\/en\/wp-json\/wp\/v2\/product\/32903","targetHints":{"allow":["GET"]}}],"collection":[{"href":"https:\/\/www.alltpaettkort.com\/en\/wp-json\/wp\/v2\/product"}],"about":[{"href":"https:\/\/www.alltpaettkort.com\/en\/wp-json\/wp\/v2\/types\/product"}],"wp:featuredmedia":[{"embeddable":true,"href":"https:\/\/www.alltpaettkort.com\/en\/wp-json\/wp\/v2\/media\/32904"}],"wp:attachment":[{"href":"https:\/\/www.alltpaettkort.com\/en\/wp-json\/wp\/v2\/media?parent=32903"}],"wp:term":[{"taxonomy":"product_brand","embeddable":true,"href":"https:\/\/www.alltpaettkort.com\/en\/wp-json\/wp\/v2\/product_brand?post=32903"},{"taxonomy":"product_cat","embeddable":true,"href":"https:\/\/www.alltpaettkort.com\/en\/wp-json\/wp\/v2\/product_cat?post=32903"},{"taxonomy":"product_tag","embeddable":true,"href":"https:\/\/www.alltpaettkort.com\/en\/wp-json\/wp\/v2\/product_tag?post=32903"}],"curies":[{"name":"wp","href":"https:\/\/api.w.org\/{rel}","templated":true}]}}