{"id":32907,"date":"2016-12-05T15:23:38","date_gmt":"2016-12-05T15:23:38","guid":{"rendered":"https:\/\/www.alltpaettkort.com\/produkt\/voluspa-order-of-the-gods\/"},"modified":"2022-01-13T08:26:08","modified_gmt":"2022-01-13T08:26:08","slug":"voluspa-order-of-the-gods","status":"publish","type":"product","link":"https:\/\/www.alltpaettkort.com\/en\/product\/voluspa-order-of-the-gods\/","title":{"rendered":"V\u00f6lusp\u00e1: Order of the Gods"},"content":{"rendered":"<p>The balance of power is shifting among the Order Of The Gods!<\/p>\n<p>The goddess Freya can permanently increase the value of the other beings.<br \/>\nThe resourceful Dwarf taps the power of neighboring gods.<br \/>\nThe monstrous Niohoggr hoards extra benefits for anyone brave enough to defeat it.<br \/>\nAnd the swift flying Raven can score twice in the same turn!<br \/>\nPlay these new tiles with the V\u00f6lusp\u00e1 base game, or blend tiles from the Order of the Gods expansion with tiles from the Saga of Edda expansion. Four recommended game set-up variants are included, and many other variants are possible, enabling you to enjoy V\u00f6lusp\u00e1 and these expansions in many different ways. The possibilities in V\u00f6lusp\u00e1 are more endless than ever!<\/p>\n<p><strong><a href=\"https:\/\/boardgamegeek.com\/boardgameexpansion\/144498\/voluspa-order-gods\" target=\"_blank\" rel=\"noopener\">L\u00e4s mer p\u00e5 Boardgamegeek<\/a><\/strong><\/p>","protected":false},"excerpt":{"rendered":"<p>Expansion till\u00a0V\u00f6lusp\u00e1 som introducerar nya kluriga brickor att blanda in i grundspelet!<\/p>","protected":false},"featured_media":32908,"template":"","meta":[],"product_brand":[],"product_cat":[43],"product_tag":[117,395],"class_list":{"0":"post-32907","1":"product","2":"type-product","3":"status-publish","4":"has-post-thumbnail","6":"product_cat-expansion","7":"product_tag-stronghold-games","8":"product_tag-voluspa","10":"first","11":"outofstock","12":"taxable","13":"shipping-taxable","14":"purchasable","15":"product-type-simple"},"_links":{"self":[{"href":"https:\/\/www.alltpaettkort.com\/en\/wp-json\/wp\/v2\/product\/32907","targetHints":{"allow":["GET"]}}],"collection":[{"href":"https:\/\/www.alltpaettkort.com\/en\/wp-json\/wp\/v2\/product"}],"about":[{"href":"https:\/\/www.alltpaettkort.com\/en\/wp-json\/wp\/v2\/types\/product"}],"wp:featuredmedia":[{"embeddable":true,"href":"https:\/\/www.alltpaettkort.com\/en\/wp-json\/wp\/v2\/media\/32908"}],"wp:attachment":[{"href":"https:\/\/www.alltpaettkort.com\/en\/wp-json\/wp\/v2\/media?parent=32907"}],"wp:term":[{"taxonomy":"product_brand","embeddable":true,"href":"https:\/\/www.alltpaettkort.com\/en\/wp-json\/wp\/v2\/product_brand?post=32907"},{"taxonomy":"product_cat","embeddable":true,"href":"https:\/\/www.alltpaettkort.com\/en\/wp-json\/wp\/v2\/product_cat?post=32907"},{"taxonomy":"product_tag","embeddable":true,"href":"https:\/\/www.alltpaettkort.com\/en\/wp-json\/wp\/v2\/product_tag?post=32907"}],"curies":[{"name":"wp","href":"https:\/\/api.w.org\/{rel}","templated":true}]}}