{"id":33135,"date":"2017-02-01T10:11:37","date_gmt":"2017-02-01T10:11:37","guid":{"rendered":"https:\/\/www.alltpaettkort.com\/produkt\/railroad-revolution\/"},"modified":"2022-01-13T08:26:13","modified_gmt":"2022-01-13T08:26:13","slug":"railroad-revolution","status":"publish","type":"product","link":"https:\/\/www.alltpaettkort.com\/en\/product\/railroad-revolution\/","title":{"rendered":"Railroad Revolution"},"content":{"rendered":"<p>Ambition and a thirst for wealth have driven humanity to strive for ever greater progress. In America, during the 19th century, battles were waged between huge railway corporations that sought to connect state to state and coast with coast\u2026 making themselves filthy rich in the process.<br \/>\n<em>Railroad Revolution<\/em>\u00a0drops you straight into the middle of these tempestuous years; a time that changed America forever.<\/p>\n<p>In\u00a0<em>Railroad Revolution<\/em>, you will manage your own railroad company, ruthlessly competing to be the most powerful railroad tycoon across all America.<br \/>\nYou will build railroads, establish stations in your connected cities, expand the network of telegraph lines, and chase your objectives, increasing the value of your company with every action you take.<\/p>\n<p>You start with mainly a team of non-specialized workers, but during the game you can hire additional ones with specific skill sets. The cost or effect of an action is determined by the type of worker that does it.<\/p>\n<p>To complete your company objectives, you will have to remove some of your workers from your active pool, promoting them to managerial positions.<\/p>\n<p>You must carefully assign each of your workers to perform the right action at the right time in order to exploit their specializations in the best way. You need to decide which ones to promote and which are instead still needed to take actions, as your priorities will change from turn to turn.<\/p>\n<p><em>Railroad Revolution<\/em>\u00a0is a fast paced game with relatively simple rules, and it provides you with interesting and challenging decisions. Having a good strategy and finding the correct timing to implement it, is the key to winning the game.<\/p>\n<p><strong>F\u00f6r 2-4 spelare<\/strong><br \/>\n<strong>45-90 min speltid<\/strong><br \/>\n<strong>Rekommenderad \u00e5lder: 12 <\/strong><br \/>\n<strong><a href=\"https:\/\/www.whatsyourgame.eu\/downloads\/RailroadRevolutionRulesENGlow.pdf\" target=\"_blank\" rel=\"noopener\">Spelets regler<\/a><\/strong><br \/>\n<strong><a href=\"https:\/\/boardgamegeek.com\/boardgame\/207691\/railroad-revolution\" target=\"_blank\" rel=\"noopener\">L\u00e4s mer p\u00e5 Boardgamegeek<\/a><\/strong><\/p>","protected":false},"excerpt":{"rendered":"<p>Nytt strategiskt m\u00e4sterverk fr\u00e5n de geniala hj\u00e4rnskrynklarna Whats Your Game om att bygga upp ett t\u00e5gimperium!<\/p>","protected":false},"featured_media":33136,"template":"","meta":[],"product_brand":[],"product_cat":[29,17],"product_tag":[329],"class_list":{"0":"post-33135","1":"product","2":"type-product","3":"status-publish","4":"has-post-thumbnail","6":"product_cat-eurospel","7":"product_cat-strategispel","8":"product_tag-whats-your-game","10":"first","11":"outofstock","12":"taxable","13":"shipping-taxable","14":"purchasable","15":"product-type-simple"},"_links":{"self":[{"href":"https:\/\/www.alltpaettkort.com\/en\/wp-json\/wp\/v2\/product\/33135","targetHints":{"allow":["GET"]}}],"collection":[{"href":"https:\/\/www.alltpaettkort.com\/en\/wp-json\/wp\/v2\/product"}],"about":[{"href":"https:\/\/www.alltpaettkort.com\/en\/wp-json\/wp\/v2\/types\/product"}],"wp:featuredmedia":[{"embeddable":true,"href":"https:\/\/www.alltpaettkort.com\/en\/wp-json\/wp\/v2\/media\/33136"}],"wp:attachment":[{"href":"https:\/\/www.alltpaettkort.com\/en\/wp-json\/wp\/v2\/media?parent=33135"}],"wp:term":[{"taxonomy":"product_brand","embeddable":true,"href":"https:\/\/www.alltpaettkort.com\/en\/wp-json\/wp\/v2\/product_brand?post=33135"},{"taxonomy":"product_cat","embeddable":true,"href":"https:\/\/www.alltpaettkort.com\/en\/wp-json\/wp\/v2\/product_cat?post=33135"},{"taxonomy":"product_tag","embeddable":true,"href":"https:\/\/www.alltpaettkort.com\/en\/wp-json\/wp\/v2\/product_tag?post=33135"}],"curies":[{"name":"wp","href":"https:\/\/api.w.org\/{rel}","templated":true}]}}