{"id":3315,"date":"2019-08-19T10:57:06","date_gmt":"2019-08-19T10:57:06","guid":{"rendered":"https:\/\/www.alltpaettkort.com\/produkt\/love-letter\/"},"modified":"2022-01-12T18:53:27","modified_gmt":"2022-01-12T18:53:27","slug":"love-letter","status":"publish","type":"product","link":"https:\/\/www.alltpaettkort.com\/en\/product\/love-letter\/","title":{"rendered":"Love Letter (2019 Edition)"},"content":{"rendered":"<p>The noble Princess is looking for an ideal partner and confidant to help with her royal duties when she one day assumes the throne. You must prove your worth and gain her trust by enlisting allies, friends, and family of the Princess to carry a letter of intent to her. Can you earn the Princess&#8217; trust and become her confidant?<\/p>\n<p>Playing cards one at a time, players in <em><strong>Love Letter<\/strong><\/em> use the abilities of these key people in the Princess&#8217; life to outwit their opponents and successfully deliver their letter and gain her favor. Players must utilize each character&#8217;s special skill to avoid being caught and successfully deliver their letter to the Princess. Once a set number of favor tokens are acquired, that player wins and becomes the Princess&#8217; confidant.<\/p>\n<p>This 2019 edition of <em>Love Letter<\/em> features new artwork by <em>Citadels artist<\/em> Andrew Bosley, screen-printed tokens, and two new characters (five cards in total) that allow for games with up to six players. When played, the Chancellor (value 6) allows you to draw two new cards, add those to your hand, then place two cards of your choice on the bottom of the deck. The Spy (value 0) wins you a favor token if you were the only player to play or discard a spy during the round.<\/p>\n<p><strong>F\u00f6r 2-6 spelare<br \/>\n<\/strong><strong>20 min speltid<\/strong><br \/>\n<strong>Rekommenderad \u00e5lder: 10 <\/strong><br \/>\n<strong><a href=\"https:\/\/boardgamegeek.com\/boardgame\/277085\/love-letter\" target=\"_blank\" rel=\"noopener noreferrer\">L\u00e4s mer p\u00e5 Boardgamegeek<\/a><\/strong><\/p>","protected":false},"excerpt":{"rendered":"<p>Ett enkelt och genialiskt litet kortspel om att vara den som lyckas leverera ett k\u00e4rleksbrev till prinsessan Annette!\u00a0Det h\u00e4r \u00e4r ny en utg\u00e5va med superfina tokens, ny artwork, tv\u00e5 nya karakt\u00e4rer och st\u00f6d f\u00f6r upp till 6 spelare! Svensk utg\u00e5va<\/p>","protected":false},"featured_media":3316,"template":"","meta":[],"product_brand":[],"product_cat":[38,30],"product_tag":[57],"class_list":{"0":"post-3315","1":"product","2":"type-product","3":"status-publish","4":"has-post-thumbnail","6":"product_cat-partyspel","7":"product_cat-sallskapsspel","8":"product_tag-z-man-games","10":"first","11":"outofstock","12":"taxable","13":"shipping-taxable","14":"purchasable","15":"product-type-simple"},"_links":{"self":[{"href":"https:\/\/www.alltpaettkort.com\/en\/wp-json\/wp\/v2\/product\/3315","targetHints":{"allow":["GET"]}}],"collection":[{"href":"https:\/\/www.alltpaettkort.com\/en\/wp-json\/wp\/v2\/product"}],"about":[{"href":"https:\/\/www.alltpaettkort.com\/en\/wp-json\/wp\/v2\/types\/product"}],"wp:featuredmedia":[{"embeddable":true,"href":"https:\/\/www.alltpaettkort.com\/en\/wp-json\/wp\/v2\/media\/3316"}],"wp:attachment":[{"href":"https:\/\/www.alltpaettkort.com\/en\/wp-json\/wp\/v2\/media?parent=3315"}],"wp:term":[{"taxonomy":"product_brand","embeddable":true,"href":"https:\/\/www.alltpaettkort.com\/en\/wp-json\/wp\/v2\/product_brand?post=3315"},{"taxonomy":"product_cat","embeddable":true,"href":"https:\/\/www.alltpaettkort.com\/en\/wp-json\/wp\/v2\/product_cat?post=3315"},{"taxonomy":"product_tag","embeddable":true,"href":"https:\/\/www.alltpaettkort.com\/en\/wp-json\/wp\/v2\/product_tag?post=3315"}],"curies":[{"name":"wp","href":"https:\/\/api.w.org\/{rel}","templated":true}]}}