{"id":33389,"date":"2018-09-12T14:27:20","date_gmt":"2018-09-12T14:27:20","guid":{"rendered":"https:\/\/www.alltpaettkort.com\/produkt\/santorini\/"},"modified":"2022-01-13T08:26:26","modified_gmt":"2022-01-13T08:26:26","slug":"santorini","status":"publish","type":"product","link":"https:\/\/www.alltpaettkort.com\/en\/product\/santorini\/","title":{"rendered":"Santorini"},"content":{"rendered":"<p><em>Santorini<\/em>\u00a0is a non-abstract re-imagining of the 2004 edition. Since its original inception over 30 years ago, Santorini has been endlessly developed, enhanced and refined by mathematician and educator, Dr. Gordon Hamilton.<\/p>\n<p>Santorini is a highly accessible pure strategy game that is simple enough for an elementary school classroom. But with enough gameplay depth and content for even hardcore gamers to explore,\u00a0<em>Santorini<\/em>\u00a0is truly a game for everyone. The rules are deceptively simple. Each turn consists of 2 steps:<\/p>\n<p>1. Move\u00a0&#8211; move one of your builders into a neighboring space. You may move your Builder Pawn on the same level, step-up one level, or step down any number of levels.<\/p>\n<p>2. Build\u00a0&#8211; Then construct a building level adjacent to the builder you moved. When building on top of the third level, place a dome instead, removing that space from play.<\/p>\n<p>Winning the game\u00a0&#8211; If either of your builders reaches the third level, you win.<\/p>\n<p>Variable player powers\u00a0&#8211; What makes Santorini truly special is its seamless integration of variable player powers into a pure-strategy game. Dr Hamilton has designed over 40 thematic god and hero powers, each fundamentally changing the way the game is played.<\/p>\n<p><strong>F\u00f6r 2-4 spelare<\/strong><br \/>\n<strong>20 min speltid<\/strong><br \/>\n<strong>Rekommenderad \u00e5lder: 8 <\/strong><br \/>\n<strong><a href=\"https:\/\/boardgamegeek.com\/boardgame\/194655\/santorini\" target=\"_blank\" rel=\"noopener\">L\u00e4s mer p\u00e5 Boardgamegeek<\/a><\/strong><\/p>","protected":false},"excerpt":{"rendered":"<p>\u00c4ntligen tillbaka i lager igen! Fulkomligt f\u00f6rtjusande och lovordat spel om att f\u00e5 till en vacker medelhavsby genom klurigt byggande!<\/p>","protected":false},"featured_media":33390,"template":"","meta":[],"product_brand":[],"product_cat":[69,31,30,17],"product_tag":[400,401],"class_list":{"0":"post-33389","1":"product","2":"type-product","3":"status-publish","4":"has-post-thumbnail","6":"product_cat-barnspel","7":"product_cat-familjespel","8":"product_cat-sallskapsspel","9":"product_cat-strategispel","10":"product_tag-roxley-games","11":"product_tag-santorini","13":"first","14":"outofstock","15":"taxable","16":"shipping-taxable","17":"purchasable","18":"product-type-simple"},"_links":{"self":[{"href":"https:\/\/www.alltpaettkort.com\/en\/wp-json\/wp\/v2\/product\/33389","targetHints":{"allow":["GET"]}}],"collection":[{"href":"https:\/\/www.alltpaettkort.com\/en\/wp-json\/wp\/v2\/product"}],"about":[{"href":"https:\/\/www.alltpaettkort.com\/en\/wp-json\/wp\/v2\/types\/product"}],"wp:featuredmedia":[{"embeddable":true,"href":"https:\/\/www.alltpaettkort.com\/en\/wp-json\/wp\/v2\/media\/33390"}],"wp:attachment":[{"href":"https:\/\/www.alltpaettkort.com\/en\/wp-json\/wp\/v2\/media?parent=33389"}],"wp:term":[{"taxonomy":"product_brand","embeddable":true,"href":"https:\/\/www.alltpaettkort.com\/en\/wp-json\/wp\/v2\/product_brand?post=33389"},{"taxonomy":"product_cat","embeddable":true,"href":"https:\/\/www.alltpaettkort.com\/en\/wp-json\/wp\/v2\/product_cat?post=33389"},{"taxonomy":"product_tag","embeddable":true,"href":"https:\/\/www.alltpaettkort.com\/en\/wp-json\/wp\/v2\/product_tag?post=33389"}],"curies":[{"name":"wp","href":"https:\/\/api.w.org\/{rel}","templated":true}]}}